{"id":9020,"date":"2025-07-15T08:50:32","date_gmt":"2025-07-15T08:50:32","guid":{"rendered":"https:\/\/indigitall.com\/?page_id=9020"},"modified":"2025-07-21T11:09:25","modified_gmt":"2025-07-21T11:09:25","slug":"indigitall-customer-data-platform","status":"publish","type":"page","link":"https:\/\/indigitall.com\/es\/indigitall-customer-data-platform\/","title":{"rendered":"indigitall &#8211; Customer Data Platform"},"content":{"rendered":"","protected":false},"excerpt":{"rendered":"","protected":false},"author":3,"featured_media":0,"parent":0,"menu_order":0,"comment_status":"closed","ping_status":"closed","template":"","meta":{"_acf_changed":false},"class_list":["post-9020","page","type-page","status-publish","hentry"],"acf":{"flexible_content":[{"acf_fc_layout":"hero_page","background_type":"image","dark_filter":0,"background_image":9086,"background_image_mobile":9133,"background_video":null,"background_video_mobile":null,"pretitle":"Customer Data Platform","pretitle_font_size":"","title":"La soluci\u00f3n definitiva para centralizar, analizar y activar todos tus datos de usuario, sin importar el canal o dispositivo.","title_font_size":"","subtitle":"","subtitle_font_size":"","button_1":{"title":"Empezar ahora","url":"#getstarted","target":"_blank"},"button_2":{"title":"Ver demo","url":"\/","target":"_blank"},"icon_button_2":null,"download_ebook":false,"ebook_title":"","extra_content":"brands","title_cards":"","cards":null,"brands_custom_background_color":false,"brands_background_color":"","custom_brands":false,"brands":null},{"acf_fc_layout":"text_icons","text":"<span style=\"font-weight: 400;\">Una plataforma avanzada que integra y sincroniza todos los datos de tus usuarios en tiempo real, conect\u00e1ndose con cualquier software (CRM, ERP, etc.) Tendr\u00e1s una visi\u00f3n unificada de cada cliente y todas sus interacciones con tu marca.<\/span>","link":null},{"acf_fc_layout":"video_player","pretitle":"CDP indigitall","title":"Conoce paso a paso c\u00f3mo funciona nuestro CDP","video":9022,"preview":9025},{"acf_fc_layout":"sections_fixed_images","design":false,"title":"VENTAJAS","link":null,"sections":[{"title":"Visi\u00f3n 360\u00b0 del cliente","subtitle":"","index":"","text":"Unifica todos los datos y puntos de contacto en una sola base de datos, centrada en el usuario \u00fanico.","link":null,"list":null,"tag":"","media_type":"image","image":8913,"image_mobile":null,"video":null,"video_mobile":null},{"title":"Personalizaci\u00f3n avanzada","subtitle":"","index":"","text":"Segmenta y personaliza tus campa\u00f1as seg\u00fan el comportamiento real de cada usuario.","link":null,"list":null,"tag":"","media_type":"image","image":3401,"image_mobile":null,"video":null,"video_mobile":null},{"title":"Automatizaci\u00f3n inteligente","subtitle":"","index":"","text":"Lanza mensajes relevantes en el canal y momento \u00f3ptimos para maximizar la respuesta.","link":null,"list":null,"tag":"","media_type":"image","image":1257,"image_mobile":null,"video":null,"video_mobile":null},{"title":"Sincronizaci\u00f3n instant\u00e1nea","subtitle":"","index":"","text":"Importa tus contactos y campos personalizados f\u00e1cilmente con archivos .CSV o integraciones directas.","link":null,"list":null,"tag":"","media_type":"image","image":8916,"image_mobile":null,"video":null,"video_mobile":null},{"title":"An\u00e1lisis y tendencias","subtitle":"","index":"","text":"Identifica patrones de comportamiento, mide resultados y optimiza tu estrategia en tiempo real.","link":null,"list":null,"tag":"","media_type":"image","image":8047,"image_mobile":null,"video":null,"video_mobile":null}],"list_collapsed":false},{"acf_fc_layout":"slider_cards_list","pretitle":"","link":{"title":"DOCUMENTACI\u00d3N","url":"https:\/\/documentation.indigitall.com\/docs\/audiences","target":"_blank"},"title":"\u00bfC\u00f3mo funciona?","cards":[{"image":9110,"title":"Campos del Cliente","text":"Crea y personaliza los campos que necesitas (nombre, fecha, n\u00famero, etc.) para segmentar audiencias y definir filtros precisos en tus journeys. Solo tienes que asegurarte de que los nombres coincidan con los de tu CRM o base de datos.","list":[{"item":"A\u00f1ade nuevos campos en segundos."},{"item":"Sincroniza datos masivamente v\u00eda .CSV."},{"item":"Define filtros avanzados para campa\u00f1as hipersegmentadas."}]},{"image":9122,"title":"Gesti\u00f3n de Clientes","text":"Visualiza, edita y gestiona f\u00e1cilmente la informaci\u00f3n de todos tus clientes desde un solo lugar. Los identificadores \u00fanicos garantizan la integridad de los datos, mientras que puedes modificar cualquier otro campo relevante para tus campa\u00f1as.","list":[{"item":"Consulta detalles y edita campos personalizados."},{"item":"Segmenta y filtra tu audiencia en tiempo real."},{"item":"Asegura que cada usuario reciba el mensaje adecuado."}]}]},{"acf_fc_layout":"slider_big_cards_list","pretitle":"VALOR","title":"Impacta tu crecimiento con \r\nlas herramientas de IA de indigitall","link":null,"cards":[{"background":8904,"background_mobile":8907,"pretitle":"","title":"","list":null,"card_title_1":"","card_text_1":"","card_title_2":"","card_text_2":""}]},{"acf_fc_layout":"sections_fixed_images","design":false,"title":"","link":null,"sections":null,"list_collapsed":false},{"acf_fc_layout":"slider_big_cards","pretitle":"CASOS DE \u00c9XITO","title":"Ejemplos reales \r\nde mejoras tangibles\r\n\r\n","link":{"title":"Ver m\u00e1s casos de \u00e9xito","url":"https:\/\/indigitall.com\/es\/casos-de-exito\/","target":""},"cards":[{"card_type":"default","background_type":"image","background":2803,"background_mobile":2806,"logo":2748,"link":null,"pretitle":"","title":"","text":"\"indigitall mejor\u00f3 la experiencia de nuestros clientes desarrollando un potente bot para WhatsApp. Desde su implementaci\u00f3n, las llamadas a nuestro servicio de atenci\u00f3n disminuyeron, mientras que la satisfacci\u00f3n aument\u00f3 gracias a este nuevo canal. Su equipo de soporte resuelve incidencias con rapidez y eficacia.\"","footer_text":"Responsable de Atenci\u00f3n al Cliente","card_title":"","card_text":""},{"card_type":"default","background_type":"image","background":2718,"background_mobile":2721,"logo":2724,"link":null,"pretitle":"","title":"","text":"\"La plataforma de indigitall nos permiti\u00f3 crear una soluci\u00f3n personalizada para incrementar la satisfacci\u00f3n y el LTV (valor de vida del cliente) a trav\u00e9s de WhatsApp.\"","footer_text":"Director Digital","card_title":"20%","card_text":"Reducci\u00f3n de costos operativos en servicio al cliente"},{"card_type":"default","background_type":"image","background":2775,"background_mobile":2772,"logo":2759,"link":null,"pretitle":"","title":"","text":"\"Lo mejor de indigitall es la cercan\u00eda; nuestro contacto siempre est\u00e1 disponible para lo que necesitemos. La interfaz es muy intuitiva y f\u00e1cil de usar, lo que simplifica el trabajo. Es una herramienta dise\u00f1ada para el usuario.\"","footer_text":"Jordi Aymar, Director de Marketing (CMO) en Proclinic Group","card_title":"","card_text":""}]}],"hide_slider_blog":true,"slider_blog_custom_tag":null,"hide_mobile_fixed_buttons":false,"mobile_fixed_button_1":{"title":"Empezar ahora","url":"#getstarted","target":""},"mobile_fixed_button_2":{"title":"Ver demo","url":"\/","target":"_blank"},"icon_mobile_fixed_button_2":"","download_ebook":false,"ebook_title":""},"yoast_head":"<!-- This site is optimized with the Yoast SEO plugin v27.4 - https:\/\/yoast.com\/product\/yoast-seo-wordpress\/ -->\n<title>CDP para Marketing Omnicanal: unifica tus datos de clientes - indigitall<\/title>\n<meta name=\"description\" content=\"Descubre el CDP de indigitall: centraliza datos de cliente, personaliza experiencias y mejora tu marketing omnicanal con inteligencia y precisi\u00f3n.\" \/>\n<meta name=\"robots\" content=\"index, follow, max-snippet:-1, max-image-preview:large, max-video-preview:-1\" \/>\n<link rel=\"canonical\" href=\"https:\/\/indigitall.com\/es\/indigitall-customer-data-platform\/\" \/>\n<meta property=\"og:locale\" content=\"es_ES\" \/>\n<meta property=\"og:type\" content=\"article\" \/>\n<meta property=\"og:title\" content=\"CDP para Marketing Omnicanal: unifica tus datos de clientes - indigitall\" \/>\n<meta property=\"og:description\" content=\"Descubre el CDP de indigitall: centraliza datos de cliente, personaliza experiencias y mejora tu marketing omnicanal con inteligencia y precisi\u00f3n.\" \/>\n<meta property=\"og:url\" content=\"https:\/\/indigitall.com\/es\/indigitall-customer-data-platform\/\" \/>\n<meta property=\"og:site_name\" content=\"indigitall\" \/>\n<meta property=\"article:modified_time\" content=\"2025-07-21T11:09:25+00:00\" \/>\n<meta name=\"twitter:card\" content=\"summary_large_image\" \/>\n<script type=\"application\/ld+json\" class=\"yoast-schema-graph\">{\"@context\":\"https:\\\/\\\/schema.org\",\"@graph\":[{\"@type\":\"WebPage\",\"@id\":\"https:\\\/\\\/indigitall.com\\\/es\\\/indigitall-customer-data-platform\\\/\",\"url\":\"https:\\\/\\\/indigitall.com\\\/es\\\/indigitall-customer-data-platform\\\/\",\"name\":\"CDP para Marketing Omnicanal: unifica tus datos de clientes - indigitall\",\"isPartOf\":{\"@id\":\"https:\\\/\\\/indigitall.com\\\/es\\\/#website\"},\"datePublished\":\"2025-07-15T08:50:32+00:00\",\"dateModified\":\"2025-07-21T11:09:25+00:00\",\"description\":\"Descubre el CDP de indigitall: centraliza datos de cliente, personaliza experiencias y mejora tu marketing omnicanal con inteligencia y precisi\u00f3n.\",\"breadcrumb\":{\"@id\":\"https:\\\/\\\/indigitall.com\\\/es\\\/indigitall-customer-data-platform\\\/#breadcrumb\"},\"inLanguage\":\"es\",\"potentialAction\":[{\"@type\":\"ReadAction\",\"target\":[\"https:\\\/\\\/indigitall.com\\\/es\\\/indigitall-customer-data-platform\\\/\"]}]},{\"@type\":\"BreadcrumbList\",\"@id\":\"https:\\\/\\\/indigitall.com\\\/es\\\/indigitall-customer-data-platform\\\/#breadcrumb\",\"itemListElement\":[{\"@type\":\"ListItem\",\"position\":1,\"name\":\"Home\",\"item\":\"https:\\\/\\\/indigitall.com\\\/es\\\/\"},{\"@type\":\"ListItem\",\"position\":2,\"name\":\"indigitall &#8211; Customer Data Platform\"}]},{\"@type\":\"WebSite\",\"@id\":\"https:\\\/\\\/indigitall.com\\\/es\\\/#website\",\"url\":\"https:\\\/\\\/indigitall.com\\\/es\\\/\",\"name\":\"indigitall\",\"description\":\"Because Every Interaction Matters\",\"potentialAction\":[{\"@type\":\"SearchAction\",\"target\":{\"@type\":\"EntryPoint\",\"urlTemplate\":\"https:\\\/\\\/indigitall.com\\\/es\\\/?s={search_term_string}\"},\"query-input\":{\"@type\":\"PropertyValueSpecification\",\"valueRequired\":true,\"valueName\":\"search_term_string\"}}],\"inLanguage\":\"es\"}]}<\/script>\n<!-- \/ Yoast SEO plugin. -->","yoast_head_json":{"title":"CDP para Marketing Omnicanal: unifica tus datos de clientes - indigitall","description":"Descubre el CDP de indigitall: centraliza datos de cliente, personaliza experiencias y mejora tu marketing omnicanal con inteligencia y precisi\u00f3n.","robots":{"index":"index","follow":"follow","max-snippet":"max-snippet:-1","max-image-preview":"max-image-preview:large","max-video-preview":"max-video-preview:-1"},"canonical":"https:\/\/indigitall.com\/es\/indigitall-customer-data-platform\/","og_locale":"es_ES","og_type":"article","og_title":"CDP para Marketing Omnicanal: unifica tus datos de clientes - indigitall","og_description":"Descubre el CDP de indigitall: centraliza datos de cliente, personaliza experiencias y mejora tu marketing omnicanal con inteligencia y precisi\u00f3n.","og_url":"https:\/\/indigitall.com\/es\/indigitall-customer-data-platform\/","og_site_name":"indigitall","article_modified_time":"2025-07-21T11:09:25+00:00","twitter_card":"summary_large_image","schema":{"@context":"https:\/\/schema.org","@graph":[{"@type":"WebPage","@id":"https:\/\/indigitall.com\/es\/indigitall-customer-data-platform\/","url":"https:\/\/indigitall.com\/es\/indigitall-customer-data-platform\/","name":"CDP para Marketing Omnicanal: unifica tus datos de clientes - indigitall","isPartOf":{"@id":"https:\/\/indigitall.com\/es\/#website"},"datePublished":"2025-07-15T08:50:32+00:00","dateModified":"2025-07-21T11:09:25+00:00","description":"Descubre el CDP de indigitall: centraliza datos de cliente, personaliza experiencias y mejora tu marketing omnicanal con inteligencia y precisi\u00f3n.","breadcrumb":{"@id":"https:\/\/indigitall.com\/es\/indigitall-customer-data-platform\/#breadcrumb"},"inLanguage":"es","potentialAction":[{"@type":"ReadAction","target":["https:\/\/indigitall.com\/es\/indigitall-customer-data-platform\/"]}]},{"@type":"BreadcrumbList","@id":"https:\/\/indigitall.com\/es\/indigitall-customer-data-platform\/#breadcrumb","itemListElement":[{"@type":"ListItem","position":1,"name":"Home","item":"https:\/\/indigitall.com\/es\/"},{"@type":"ListItem","position":2,"name":"indigitall &#8211; Customer Data Platform"}]},{"@type":"WebSite","@id":"https:\/\/indigitall.com\/es\/#website","url":"https:\/\/indigitall.com\/es\/","name":"indigitall","description":"Because Every Interaction Matters","potentialAction":[{"@type":"SearchAction","target":{"@type":"EntryPoint","urlTemplate":"https:\/\/indigitall.com\/es\/?s={search_term_string}"},"query-input":{"@type":"PropertyValueSpecification","valueRequired":true,"valueName":"search_term_string"}}],"inLanguage":"es"}]}},"_links":{"self":[{"href":"https:\/\/indigitall.com\/es\/wp-json\/wp\/v2\/pages\/9020","targetHints":{"allow":["GET"]}}],"collection":[{"href":"https:\/\/indigitall.com\/es\/wp-json\/wp\/v2\/pages"}],"about":[{"href":"https:\/\/indigitall.com\/es\/wp-json\/wp\/v2\/types\/page"}],"author":[{"embeddable":true,"href":"https:\/\/indigitall.com\/es\/wp-json\/wp\/v2\/users\/3"}],"replies":[{"embeddable":true,"href":"https:\/\/indigitall.com\/es\/wp-json\/wp\/v2\/comments?post=9020"}],"version-history":[{"count":19,"href":"https:\/\/indigitall.com\/es\/wp-json\/wp\/v2\/pages\/9020\/revisions"}],"predecessor-version":[{"id":9136,"href":"https:\/\/indigitall.com\/es\/wp-json\/wp\/v2\/pages\/9020\/revisions\/9136"}],"wp:attachment":[{"href":"https:\/\/indigitall.com\/es\/wp-json\/wp\/v2\/media?parent=9020"}],"curies":[{"name":"wp","href":"https:\/\/api.w.org\/{rel}","templated":true}]}}