{"id":5678,"date":"2025-05-19T18:49:41","date_gmt":"2025-05-19T18:49:41","guid":{"rendered":"https:\/\/indigitall.com\/?page_id=5678"},"modified":"2025-05-19T18:55:58","modified_gmt":"2025-05-19T18:55:58","slug":"generic-features","status":"publish","type":"page","link":"https:\/\/indigitall.com\/es\/generic-features\/","title":{"rendered":"Funcionalidades gen\u00e9ricas"},"content":{"rendered":"","protected":false},"excerpt":{"rendered":"","protected":false},"author":3,"featured_media":0,"parent":0,"menu_order":0,"comment_status":"closed","ping_status":"closed","template":"","meta":{"_acf_changed":false},"class_list":["post-5678","page","type-page","status-publish","hentry"],"acf":{"flexible_content":[{"acf_fc_layout":"hero_page","background_type":"image","dark_filter":0,"background_image":4274,"background_image_mobile":4277,"background_video":null,"background_video_mobile":null,"pretitle":"Funcionalidades gen\u00e9ricas","pretitle_font_size":"","title":"Una sola plataforma para miles de uso\r\n","title_font_size":"","subtitle":"","subtitle_font_size":"","button_1":null,"button_2":null,"icon_button_2":null,"download_ebook":false,"ebook_title":"","extra_content":"none","title_cards":"","cards":null,"brands_custom_background_color":false,"brands_background_color":"","custom_brands":false,"brands":null},{"acf_fc_layout":"sections_fixed_images","design":false,"title":"","link":null,"sections":[{"title":"Comunicaciones personalizadas y segmentaci\u00f3n avanzada","subtitle":"PERSONALIZA TU MENSAJE","index":"","text":"Gracias a los m\u00e9todos avanzados de segmentaci\u00f3n y con el objetivo de ofrecer una experiencia personalizada, dir\u00edgete autom\u00e1ticamente a tus clientes en funci\u00f3n de sus intereses y acciones. Puedes segmentar usuarios por:","link":null,"list":[{"item":"Intereses y preferencias"},{"item":"Uso de la web \/ aplicaci\u00f3n y tipo de usuario (activo, inactivo \u2026)"},{"item":"Dispositivo o navegador"}],"tag":"","media_type":"image","image":3370,"image_mobile":null,"video":null,"video_mobile":null},{"title":"Configura en minutos pruebas de Test A\/B basadas en Machine Learning.\r\n","subtitle":"INCORPORA INTELIGENCIA ARTIFICIAL A TU TEST A\/B","index":"","text":"Con esta funcionalidad podr\u00e1s ir un paso m\u00e1s all\u00e1 de los Test A\/B tradicionales, optimizando cada click. Solo necesitas agregar las variaciones de contenido que quieres testar e indigitall har\u00e1 el resto. Te recomendamos dejar que estas campa\u00f1as se ejecuten durante 3-7 d\u00edas para lograr resultados \u00f3ptimos.","link":null,"list":null,"tag":"","media_type":"image","image":3392,"image_mobile":null,"video":null,"video_mobile":null},{"title":"Agrega im\u00e1genes interactivas e interact\u00faa con tus clientes.\r\n","subtitle":"IM\u00c1GENES ANIMADAS","index":"","text":"Con indigitall puedes incluir im\u00e1genes, GIF animados o videos en tus campa\u00f1as directamente desde nuestra plataforma. Tambi\u00e9n podr\u00e1s crear encuestas de satisfacci\u00f3n para comunicarte directamente con tus clientes.","link":null,"list":null,"tag":"","media_type":"image","image":3401,"image_mobile":null,"video":null,"video_mobile":null},{"title":"Orientaci\u00f3n geogr\u00e1fica y geolocalizaci\u00f3n","subtitle":"BASADO EN LA UBICACI\u00d3N","index":"","text":"Gracias a la excelente tecnolog\u00eda de geofencing, puedes automatizar las comunicaciones en funci\u00f3n de la ubicaci\u00f3n de tu audiencia. Puedes segmentar por:","link":null,"list":[{"item":"\u00c1reas personalizadas guardadas"},{"item":"Al llegar a ubicaciones espec\u00edficas"},{"item":"Calles o c\u00f3digos postales"}],"tag":"","media_type":"image","image":3395,"image_mobile":null,"video":null,"video_mobile":null},{"title":"An\u00e1lisis detallado y exportaci\u00f3n de informes.","subtitle":"AN\u00c1LISIS AVANZADOS","index":"","text":"Unifica los resultados de tus campa\u00f1as en un mismo dashboard y descarga los datos que m\u00e1s te interesan en informes personalizados. Para cada una de tus campa\u00f1as obtendr\u00e1s estad\u00edsticas clave como:","link":null,"list":[{"item":"Usuarios alcanzados"},{"item":"Porcentaje de CTR"},{"item":"Porcentaje de rebote"},{"item":"Tasa de respuesta"}],"tag":"","media_type":"image","image":5695,"image_mobile":null,"video":null,"video_mobile":null}],"list_collapsed":false}],"hide_slider_blog":false,"slider_blog_custom_tag":null,"hide_mobile_fixed_buttons":false,"mobile_fixed_button_1":null,"mobile_fixed_button_2":null,"icon_mobile_fixed_button_2":"","download_ebook":false,"ebook_title":""},"yoast_head":"<!-- This site is optimized with the Yoast SEO plugin v27.1.1 - https:\/\/yoast.com\/product\/yoast-seo-wordpress\/ -->\n<title>Funcionalidades para Comunicaciones personalizadas - indigitall<\/title>\n<meta name=\"description\" content=\"Funcionalidades gen\u00e9ricas de indigitall. Comunicaciones personalizadas y segmentaci\u00f3n avanzada para el mayor \u00e9xito de las campa\u00f1as.\" \/>\n<meta name=\"robots\" content=\"index, follow, max-snippet:-1, max-image-preview:large, max-video-preview:-1\" \/>\n<link rel=\"canonical\" href=\"https:\/\/indigitall.com\/es\/generic-features\/\" \/>\n<meta property=\"og:locale\" content=\"es_ES\" \/>\n<meta property=\"og:type\" content=\"article\" \/>\n<meta property=\"og:title\" content=\"Funcionalidades para Comunicaciones personalizadas - indigitall\" \/>\n<meta property=\"og:description\" content=\"Funcionalidades gen\u00e9ricas de indigitall. Comunicaciones personalizadas y segmentaci\u00f3n avanzada para el mayor \u00e9xito de las campa\u00f1as.\" \/>\n<meta property=\"og:url\" content=\"https:\/\/indigitall.com\/es\/generic-features\/\" \/>\n<meta property=\"og:site_name\" content=\"indigitall\" \/>\n<meta property=\"article:modified_time\" content=\"2025-05-19T18:55:58+00:00\" \/>\n<meta name=\"twitter:card\" content=\"summary_large_image\" \/>\n<script type=\"application\/ld+json\" class=\"yoast-schema-graph\">{\"@context\":\"https:\/\/schema.org\",\"@graph\":[{\"@type\":\"WebPage\",\"@id\":\"https:\/\/indigitall.com\/es\/generic-features\/\",\"url\":\"https:\/\/indigitall.com\/es\/generic-features\/\",\"name\":\"Funcionalidades para Comunicaciones personalizadas - indigitall\",\"isPartOf\":{\"@id\":\"https:\/\/indigitall.com\/es\/#website\"},\"datePublished\":\"2025-05-19T18:49:41+00:00\",\"dateModified\":\"2025-05-19T18:55:58+00:00\",\"description\":\"Funcionalidades gen\u00e9ricas de indigitall. Comunicaciones personalizadas y segmentaci\u00f3n avanzada para el mayor \u00e9xito de las campa\u00f1as.\",\"breadcrumb\":{\"@id\":\"https:\/\/indigitall.com\/es\/generic-features\/#breadcrumb\"},\"inLanguage\":\"es\",\"potentialAction\":[{\"@type\":\"ReadAction\",\"target\":[\"https:\/\/indigitall.com\/es\/generic-features\/\"]}]},{\"@type\":\"BreadcrumbList\",\"@id\":\"https:\/\/indigitall.com\/es\/generic-features\/#breadcrumb\",\"itemListElement\":[{\"@type\":\"ListItem\",\"position\":1,\"name\":\"Home\",\"item\":\"https:\/\/indigitall.com\/es\/\"},{\"@type\":\"ListItem\",\"position\":2,\"name\":\"Funcionalidades gen\u00e9ricas\"}]},{\"@type\":\"WebSite\",\"@id\":\"https:\/\/indigitall.com\/es\/#website\",\"url\":\"https:\/\/indigitall.com\/es\/\",\"name\":\"indigitall\",\"description\":\"Because Every Interaction Matters\",\"potentialAction\":[{\"@type\":\"SearchAction\",\"target\":{\"@type\":\"EntryPoint\",\"urlTemplate\":\"https:\/\/indigitall.com\/es\/?s={search_term_string}\"},\"query-input\":{\"@type\":\"PropertyValueSpecification\",\"valueRequired\":true,\"valueName\":\"search_term_string\"}}],\"inLanguage\":\"es\"}]}<\/script>\n<!-- \/ Yoast SEO plugin. -->","yoast_head_json":{"title":"Funcionalidades para Comunicaciones personalizadas - indigitall","description":"Funcionalidades gen\u00e9ricas de indigitall. Comunicaciones personalizadas y segmentaci\u00f3n avanzada para el mayor \u00e9xito de las campa\u00f1as.","robots":{"index":"index","follow":"follow","max-snippet":"max-snippet:-1","max-image-preview":"max-image-preview:large","max-video-preview":"max-video-preview:-1"},"canonical":"https:\/\/indigitall.com\/es\/generic-features\/","og_locale":"es_ES","og_type":"article","og_title":"Funcionalidades para Comunicaciones personalizadas - indigitall","og_description":"Funcionalidades gen\u00e9ricas de indigitall. Comunicaciones personalizadas y segmentaci\u00f3n avanzada para el mayor \u00e9xito de las campa\u00f1as.","og_url":"https:\/\/indigitall.com\/es\/generic-features\/","og_site_name":"indigitall","article_modified_time":"2025-05-19T18:55:58+00:00","twitter_card":"summary_large_image","schema":{"@context":"https:\/\/schema.org","@graph":[{"@type":"WebPage","@id":"https:\/\/indigitall.com\/es\/generic-features\/","url":"https:\/\/indigitall.com\/es\/generic-features\/","name":"Funcionalidades para Comunicaciones personalizadas - indigitall","isPartOf":{"@id":"https:\/\/indigitall.com\/es\/#website"},"datePublished":"2025-05-19T18:49:41+00:00","dateModified":"2025-05-19T18:55:58+00:00","description":"Funcionalidades gen\u00e9ricas de indigitall. Comunicaciones personalizadas y segmentaci\u00f3n avanzada para el mayor \u00e9xito de las campa\u00f1as.","breadcrumb":{"@id":"https:\/\/indigitall.com\/es\/generic-features\/#breadcrumb"},"inLanguage":"es","potentialAction":[{"@type":"ReadAction","target":["https:\/\/indigitall.com\/es\/generic-features\/"]}]},{"@type":"BreadcrumbList","@id":"https:\/\/indigitall.com\/es\/generic-features\/#breadcrumb","itemListElement":[{"@type":"ListItem","position":1,"name":"Home","item":"https:\/\/indigitall.com\/es\/"},{"@type":"ListItem","position":2,"name":"Funcionalidades gen\u00e9ricas"}]},{"@type":"WebSite","@id":"https:\/\/indigitall.com\/es\/#website","url":"https:\/\/indigitall.com\/es\/","name":"indigitall","description":"Because Every Interaction Matters","potentialAction":[{"@type":"SearchAction","target":{"@type":"EntryPoint","urlTemplate":"https:\/\/indigitall.com\/es\/?s={search_term_string}"},"query-input":{"@type":"PropertyValueSpecification","valueRequired":true,"valueName":"search_term_string"}}],"inLanguage":"es"}]}},"_links":{"self":[{"href":"https:\/\/indigitall.com\/es\/wp-json\/wp\/v2\/pages\/5678","targetHints":{"allow":["GET"]}}],"collection":[{"href":"https:\/\/indigitall.com\/es\/wp-json\/wp\/v2\/pages"}],"about":[{"href":"https:\/\/indigitall.com\/es\/wp-json\/wp\/v2\/types\/page"}],"author":[{"embeddable":true,"href":"https:\/\/indigitall.com\/es\/wp-json\/wp\/v2\/users\/3"}],"replies":[{"embeddable":true,"href":"https:\/\/indigitall.com\/es\/wp-json\/wp\/v2\/comments?post=5678"}],"version-history":[{"count":2,"href":"https:\/\/indigitall.com\/es\/wp-json\/wp\/v2\/pages\/5678\/revisions"}],"predecessor-version":[{"id":5698,"href":"https:\/\/indigitall.com\/es\/wp-json\/wp\/v2\/pages\/5678\/revisions\/5698"}],"wp:attachment":[{"href":"https:\/\/indigitall.com\/es\/wp-json\/wp\/v2\/media?parent=5678"}],"curies":[{"name":"wp","href":"https:\/\/api.w.org\/{rel}","templated":true}]}}