{"id":4645,"date":"2025-03-24T11:21:41","date_gmt":"2025-03-24T11:21:41","guid":{"rendered":"https:\/\/indigitall.com\/?page_id=4645"},"modified":"2026-01-15T21:55:31","modified_gmt":"2026-01-15T21:55:31","slug":"4645-2","status":"publish","type":"page","link":"https:\/\/indigitall.com\/es\/contacto\/","title":{"rendered":"Cont\u00e1ctanos"},"content":{"rendered":"","protected":false},"excerpt":{"rendered":"","protected":false},"author":3,"featured_media":0,"parent":0,"menu_order":0,"comment_status":"closed","ping_status":"closed","template":"","meta":{"_acf_changed":false},"class_list":["post-4645","page","type-page","status-publish","hentry"],"acf":{"flexible_content":[{"acf_fc_layout":"form_block","title":"\u00danete a las m\u00e1s de 200 marcas globales que conf\u00edan en indigitall","list_items":[{"item":"Consigue un +30% de incremento en la conversi\u00f3n de leads"},{"item":"Reduce tus costes de atenci\u00f3n al cliente hasta un 60%"},{"item":"Recupera hasta el 27% de tus carritos abandonados"}],"form_shortcode":"[contact-form-7 id=\"cb83ca9\" title=\"Contact form\"]"},{"acf_fc_layout":"text_icons","text":"<strong>indigitall\u00ae<\/strong>\u00a0fue creada<img class=\"alignnone wp-image-1804 size-full\" src=\"https:\/\/indigitall.com\/wp-content\/uploads\/2025\/04\/icon-heart.svg\" alt=\"\" width=\"36\" height=\"36\" \/>para revolucionar la interacci\u00f3n con los clientes, potenciando a las empresas con estrategias omnicanal y\u00a0<img class=\"alignnone wp-image-1807 size-full\" src=\"https:\/\/indigitall.com\/wp-content\/uploads\/2025\/04\/icon-ok.svg\" alt=\"\" width=\"36\" height=\"36\" \/> los clientes, potenciando a las empresas con estrategias omnicanal y automatizaci\u00f3n","link":{"title":"\u00bfPor qu\u00e9 indigitall?","url":"https:\/\/indigitall.com\/es\/por-que\/","target":""}},{"acf_fc_layout":"slider_offices"},{"acf_fc_layout":"openings_list","title":"","openings":[{"title":"Utilice el siguiente link para reportar fallas del sistema, incidentes, inquietudes o cualquier otro asunto relacionado con nuestros servicios. ","position":"","location":"","link":{"title":"","url":"https:\/\/indigitall.com\/es\/formulario-seguridad\/","target":""}}]}],"hide_slider_blog":false,"slider_blog_custom_tag":null,"hide_mobile_fixed_buttons":false,"mobile_fixed_button_1":null,"mobile_fixed_button_2":null,"icon_mobile_fixed_button_2":"","download_ebook":false,"ebook_title":""},"yoast_head":"<!-- This site is optimized with the Yoast SEO plugin v27.1.1 - https:\/\/yoast.com\/product\/yoast-seo-wordpress\/ -->\n<title>Contacta con indigitall | La \u00fanica plataforma de Conversaci\u00f3n Unificada e IA<\/title>\n<meta name=\"description\" content=\"Optimiza WhatsApp, notificaciones push y m\u00e1s para reducir tus costes operativos hasta un 60% y maximizar tus ventas. \u00a1Solicita tu demo hoy!\" \/>\n<meta name=\"robots\" content=\"index, follow, max-snippet:-1, max-image-preview:large, max-video-preview:-1\" \/>\n<link rel=\"canonical\" href=\"https:\/\/indigitall.com\/es\/contacto\/\" \/>\n<meta property=\"og:locale\" content=\"es_ES\" \/>\n<meta property=\"og:type\" content=\"article\" \/>\n<meta property=\"og:title\" content=\"Contacta con indigitall | La \u00fanica plataforma de Conversaci\u00f3n Unificada e IA\" \/>\n<meta property=\"og:description\" content=\"Optimiza WhatsApp, notificaciones push y m\u00e1s para reducir tus costes operativos hasta un 60% y maximizar tus ventas. \u00a1Solicita tu demo hoy!\" \/>\n<meta property=\"og:url\" content=\"https:\/\/indigitall.com\/es\/contacto\/\" \/>\n<meta property=\"og:site_name\" content=\"indigitall\" \/>\n<meta property=\"article:modified_time\" content=\"2026-01-15T21:55:31+00:00\" \/>\n<meta name=\"twitter:card\" content=\"summary_large_image\" \/>\n<script type=\"application\/ld+json\" class=\"yoast-schema-graph\">{\"@context\":\"https:\/\/schema.org\",\"@graph\":[{\"@type\":\"WebPage\",\"@id\":\"https:\/\/indigitall.com\/es\/contacto\/\",\"url\":\"https:\/\/indigitall.com\/es\/contacto\/\",\"name\":\"Contacta con indigitall | La \u00fanica plataforma de Conversaci\u00f3n Unificada e IA\",\"isPartOf\":{\"@id\":\"https:\/\/indigitall.com\/es\/#website\"},\"datePublished\":\"2025-03-24T11:21:41+00:00\",\"dateModified\":\"2026-01-15T21:55:31+00:00\",\"description\":\"Optimiza WhatsApp, notificaciones push y m\u00e1s para reducir tus costes operativos hasta un 60% y maximizar tus ventas. \u00a1Solicita tu demo hoy!\",\"breadcrumb\":{\"@id\":\"https:\/\/indigitall.com\/es\/contacto\/#breadcrumb\"},\"inLanguage\":\"es\",\"potentialAction\":[{\"@type\":\"ReadAction\",\"target\":[\"https:\/\/indigitall.com\/es\/contacto\/\"]}]},{\"@type\":\"BreadcrumbList\",\"@id\":\"https:\/\/indigitall.com\/es\/contacto\/#breadcrumb\",\"itemListElement\":[{\"@type\":\"ListItem\",\"position\":1,\"name\":\"Home\",\"item\":\"https:\/\/indigitall.com\/es\/\"},{\"@type\":\"ListItem\",\"position\":2,\"name\":\"Cont\u00e1ctanos\"}]},{\"@type\":\"WebSite\",\"@id\":\"https:\/\/indigitall.com\/es\/#website\",\"url\":\"https:\/\/indigitall.com\/es\/\",\"name\":\"indigitall\",\"description\":\"Because Every Interaction Matters\",\"potentialAction\":[{\"@type\":\"SearchAction\",\"target\":{\"@type\":\"EntryPoint\",\"urlTemplate\":\"https:\/\/indigitall.com\/es\/?s={search_term_string}\"},\"query-input\":{\"@type\":\"PropertyValueSpecification\",\"valueRequired\":true,\"valueName\":\"search_term_string\"}}],\"inLanguage\":\"es\"}]}<\/script>\n<!-- \/ Yoast SEO plugin. -->","yoast_head_json":{"title":"Contacta con indigitall | La \u00fanica plataforma de Conversaci\u00f3n Unificada e IA","description":"Optimiza WhatsApp, notificaciones push y m\u00e1s para reducir tus costes operativos hasta un 60% y maximizar tus ventas. \u00a1Solicita tu demo hoy!","robots":{"index":"index","follow":"follow","max-snippet":"max-snippet:-1","max-image-preview":"max-image-preview:large","max-video-preview":"max-video-preview:-1"},"canonical":"https:\/\/indigitall.com\/es\/contacto\/","og_locale":"es_ES","og_type":"article","og_title":"Contacta con indigitall | La \u00fanica plataforma de Conversaci\u00f3n Unificada e IA","og_description":"Optimiza WhatsApp, notificaciones push y m\u00e1s para reducir tus costes operativos hasta un 60% y maximizar tus ventas. \u00a1Solicita tu demo hoy!","og_url":"https:\/\/indigitall.com\/es\/contacto\/","og_site_name":"indigitall","article_modified_time":"2026-01-15T21:55:31+00:00","twitter_card":"summary_large_image","schema":{"@context":"https:\/\/schema.org","@graph":[{"@type":"WebPage","@id":"https:\/\/indigitall.com\/es\/contacto\/","url":"https:\/\/indigitall.com\/es\/contacto\/","name":"Contacta con indigitall | La \u00fanica plataforma de Conversaci\u00f3n Unificada e IA","isPartOf":{"@id":"https:\/\/indigitall.com\/es\/#website"},"datePublished":"2025-03-24T11:21:41+00:00","dateModified":"2026-01-15T21:55:31+00:00","description":"Optimiza WhatsApp, notificaciones push y m\u00e1s para reducir tus costes operativos hasta un 60% y maximizar tus ventas. \u00a1Solicita tu demo hoy!","breadcrumb":{"@id":"https:\/\/indigitall.com\/es\/contacto\/#breadcrumb"},"inLanguage":"es","potentialAction":[{"@type":"ReadAction","target":["https:\/\/indigitall.com\/es\/contacto\/"]}]},{"@type":"BreadcrumbList","@id":"https:\/\/indigitall.com\/es\/contacto\/#breadcrumb","itemListElement":[{"@type":"ListItem","position":1,"name":"Home","item":"https:\/\/indigitall.com\/es\/"},{"@type":"ListItem","position":2,"name":"Cont\u00e1ctanos"}]},{"@type":"WebSite","@id":"https:\/\/indigitall.com\/es\/#website","url":"https:\/\/indigitall.com\/es\/","name":"indigitall","description":"Because Every Interaction Matters","potentialAction":[{"@type":"SearchAction","target":{"@type":"EntryPoint","urlTemplate":"https:\/\/indigitall.com\/es\/?s={search_term_string}"},"query-input":{"@type":"PropertyValueSpecification","valueRequired":true,"valueName":"search_term_string"}}],"inLanguage":"es"}]}},"_links":{"self":[{"href":"https:\/\/indigitall.com\/es\/wp-json\/wp\/v2\/pages\/4645","targetHints":{"allow":["GET"]}}],"collection":[{"href":"https:\/\/indigitall.com\/es\/wp-json\/wp\/v2\/pages"}],"about":[{"href":"https:\/\/indigitall.com\/es\/wp-json\/wp\/v2\/types\/page"}],"author":[{"embeddable":true,"href":"https:\/\/indigitall.com\/es\/wp-json\/wp\/v2\/users\/3"}],"replies":[{"embeddable":true,"href":"https:\/\/indigitall.com\/es\/wp-json\/wp\/v2\/comments?post=4645"}],"version-history":[{"count":9,"href":"https:\/\/indigitall.com\/es\/wp-json\/wp\/v2\/pages\/4645\/revisions"}],"predecessor-version":[{"id":11912,"href":"https:\/\/indigitall.com\/es\/wp-json\/wp\/v2\/pages\/4645\/revisions\/11912"}],"wp:attachment":[{"href":"https:\/\/indigitall.com\/es\/wp-json\/wp\/v2\/media?parent=4645"}],"curies":[{"name":"wp","href":"https:\/\/api.w.org\/{rel}","templated":true}]}}