{"id":4628,"date":"2025-03-27T09:59:16","date_gmt":"2025-03-27T09:59:16","guid":{"rendered":"https:\/\/indigitall.com\/?page_id=4628"},"modified":"2026-02-19T17:45:44","modified_gmt":"2026-02-19T17:45:44","slug":"por-que-indigitall2","status":"publish","type":"page","link":"https:\/\/indigitall.com\/es\/por-que\/","title":{"rendered":"\u00bfPor qu\u00e9 indigitall?"},"content":{"rendered":"","protected":false},"excerpt":{"rendered":"","protected":false},"author":3,"featured_media":0,"parent":0,"menu_order":0,"comment_status":"closed","ping_status":"closed","template":"","meta":{"_acf_changed":false},"class_list":["post-4628","page","type-page","status-publish","hentry"],"acf":{"flexible_content":[{"acf_fc_layout":"hero_page","background_type":"image","dark_filter":0,"background_image":3353,"background_image_mobile":1221,"background_video":null,"background_video_mobile":null,"pretitle":"\u00bfPor qu\u00e9 indigitall?","pretitle_font_size":"","title":"La soluci\u00f3n todo en uno\r\npara Marketing omnicanal\r\n","title_font_size":"","subtitle":"","subtitle_font_size":"","button_1":null,"button_2":null,"icon_button_2":null,"download_ebook":false,"ebook_title":"","extra_content":"brands","title_cards":"","cards":null,"brands_custom_background_color":false,"brands_background_color":"","custom_brands":false,"brands":null},{"acf_fc_layout":"slider_cards","pretitle":"VENTAJAS","link":null,"title":"\u00bfPor qu\u00e9 elegir indigitall \r\npara tu estrategia de marketing?","text":"","card_size":"normal","logo_size":"normal","cards":[{"icon":835,"title":"Personalizaci\u00f3n","text":"<p class=\"ds-markdown-paragraph\">Las campa\u00f1as personalizadas logran mayores conversiones.<\/p>","link":null},{"icon":844,"title":"Automatizaci\u00f3n","text":"<p class=\"ds-markdown-paragraph\">Elige env\u00edos instant\u00e1neos, programados o deja que nuestro algoritmo seleccione el mejor momento.<\/p>","link":null},{"icon":841,"title":"Gesti\u00f3n sencilla","text":"Todos los canales unificados en un solo panel de control.","link":null},{"icon":838,"title":"Medici\u00f3n","text":"Ofrecemos estad\u00edsticas detalladas de todas las campa\u00f1as enviadas.","link":null}]},{"acf_fc_layout":"sections_fixed_images","design":"normal","title":"\u00bfPor qu\u00e9 somos \r\nel partner ideal para ti?","link":null,"sections":[{"title":"Una plataforma, conexiones infinitas con tus clientes","subtitle":"Canales entrantes y salientes","index":"01","text":"","link":null,"list":[{"item":"Combina canales inbound y outbound en una sola plataforma"},{"item":"Usa insights para crear campa\u00f1as personalizadas seg\u00fan preferencias"},{"item":"Gestiona el recorrido del cliente en todos los puntos de contacto con herramientas intuitivas"}],"tag":"","media_type":"image","image":3356,"image_mobile":null,"video":null,"video_mobile":null},{"title":"Integraci\u00f3n f\u00e1cil, optimizaci\u00f3n sin esfuerzo","subtitle":"Integraciones","index":"02","text":"","link":null,"list":[{"item":"Con\u00e9ctate con sistemas CRM como Salesforce para simplificar flujos"},{"item":"Accede a an\u00e1lisis y recomendaciones en tiempo real para perfeccionar estrategias"},{"item":"Configura y optimiza campa\u00f1as f\u00e1cilmente con interfaces sencillas"}],"tag":"","media_type":"image","image":1231,"image_mobile":null,"video":null,"video_mobile":null},{"title":"Dise\u00f1ado para evolucionar, respaldado por expertos","subtitle":"Escalabilidad","index":"03","text":"","link":null,"list":[{"item":"Mantente l\u00edder en tendencias del mercado con funciones innovadoras"},{"item":"Soporte multiling\u00fce 24\/7 para ejecutar campa\u00f1as en todas las regiones"},{"item":"Un equipo comprometido con tu \u00e9xito"}],"tag":"","media_type":"image","image":3359,"image_mobile":null,"video":null,"video_mobile":null}],"list_collapsed":false},{"acf_fc_layout":"card_title_list","pretitle":"CUSTOMER JOURNEY","title":"\u00bfSistema de orquestaci\u00f3n de canales? Suena perfecto.","text":"Optimiza tus comunicaciones y campa\u00f1as de marketing desde una sola plataforma. La IA garantiza las m\u00e1ximas tasas de conversi\u00f3n mediante la automatizaci\u00f3n y contenido personalizado en los canales favoritos de cada usuario.\r\n","list":null,"link":{"title":"M\u00e1s info","url":"https:\/\/indigitall.com\/es\/customer-journey\/","target":""},"image_type":"right","image":5122,"image_mobile":5125},{"acf_fc_layout":"slider_big_cards","pretitle":"CASOS DE \u00c9XITO","title":"Elegido por marcas \r\nde todo el mundo","link":{"title":"VER M\u00c1S CASOS DE \u00c9XITO","url":"https:\/\/indigitall.com\/es\/casos-de-exito\/","target":""},"cards":[{"card_type":"default","background_type":"image","background":2775,"background_mobile":2772,"logo":2759,"link":null,"pretitle":"","title":"","text":"\"Lo mejor de indigitall es la cercan\u00eda; las personas que nos atienden est\u00e1n siempre disponibles para lo que necesitemos... La interfaz es muy sencilla e intuitiva, lo que facilita el trabajo. Es una herramienta dise\u00f1ada para el usuario.\"","footer_text":"Jordi Aymar-  Director de Marketing (CMO) en Proclinic Group","card_title":"","card_text":""},{"card_type":"default","background_type":"image","background":2718,"background_mobile":2721,"logo":2724,"link":null,"pretitle":"","title":"","text":"\"Nos ayudaron a crear una soluci\u00f3n personalizada para nuestro modelo de negocio recurrente, aumentando la satisfacci\u00f3n y el LTV a trav\u00e9s de WhatsApp.\"\r\n","footer_text":"Director Digital","card_title":"-20%","card_text":"Reducci\u00f3n de costos operativos en servicio al cliente"},{"card_type":"default","background_type":"image","background":2733,"background_mobile":2736,"logo":2730,"link":null,"pretitle":"","title":"","text":"\"Es una herramienta fundamental en nuestras operaciones diarias para comunicarnos e interactuar con toda nuestra audiencia.\"","footer_text":"Responsable de Redes Sociales","card_title":"","card_text":""}]}],"hide_slider_blog":true,"slider_blog_custom_tag":null,"hide_mobile_fixed_buttons":true,"mobile_fixed_button_1":null,"mobile_fixed_button_2":null,"icon_mobile_fixed_button_2":"","download_ebook":false,"ebook_title":""},"yoast_head":"<!-- This site is optimized with the Yoast SEO plugin v27.1.1 - https:\/\/yoast.com\/product\/yoast-seo-wordpress\/ -->\n<title>\u00bfPor qu\u00e9 indigitall? - La soluci\u00f3n todo en uno para Marketing omnicanal<\/title>\n<meta name=\"description\" content=\"Automatiza, personaliza, optimiza y unifica todas tus comunicaciones con clientes (entrantes y salientes) de forma fluida en todos los ciclos y canales.\" \/>\n<meta name=\"robots\" content=\"index, follow, max-snippet:-1, max-image-preview:large, max-video-preview:-1\" \/>\n<link rel=\"canonical\" href=\"https:\/\/indigitall.com\/es\/por-que\/\" \/>\n<meta property=\"og:locale\" content=\"es_ES\" \/>\n<meta property=\"og:type\" content=\"article\" \/>\n<meta property=\"og:title\" content=\"\u00bfPor qu\u00e9 indigitall? - La soluci\u00f3n todo en uno para Marketing omnicanal\" \/>\n<meta property=\"og:description\" content=\"Automatiza, personaliza, optimiza y unifica todas tus comunicaciones con clientes (entrantes y salientes) de forma fluida en todos los ciclos y canales.\" \/>\n<meta property=\"og:url\" content=\"https:\/\/indigitall.com\/es\/por-que\/\" \/>\n<meta property=\"og:site_name\" content=\"indigitall\" \/>\n<meta property=\"article:modified_time\" content=\"2026-02-19T17:45:44+00:00\" \/>\n<meta name=\"twitter:card\" content=\"summary_large_image\" \/>\n<script type=\"application\/ld+json\" class=\"yoast-schema-graph\">{\"@context\":\"https:\/\/schema.org\",\"@graph\":[{\"@type\":\"WebPage\",\"@id\":\"https:\/\/indigitall.com\/es\/por-que\/\",\"url\":\"https:\/\/indigitall.com\/es\/por-que\/\",\"name\":\"\u00bfPor qu\u00e9 indigitall? - La soluci\u00f3n todo en uno para Marketing omnicanal\",\"isPartOf\":{\"@id\":\"https:\/\/indigitall.com\/es\/#website\"},\"datePublished\":\"2025-03-27T09:59:16+00:00\",\"dateModified\":\"2026-02-19T17:45:44+00:00\",\"description\":\"Automatiza, personaliza, optimiza y unifica todas tus comunicaciones con clientes (entrantes y salientes) de forma fluida en todos los ciclos y canales.\",\"breadcrumb\":{\"@id\":\"https:\/\/indigitall.com\/es\/por-que\/#breadcrumb\"},\"inLanguage\":\"es\",\"potentialAction\":[{\"@type\":\"ReadAction\",\"target\":[\"https:\/\/indigitall.com\/es\/por-que\/\"]}]},{\"@type\":\"BreadcrumbList\",\"@id\":\"https:\/\/indigitall.com\/es\/por-que\/#breadcrumb\",\"itemListElement\":[{\"@type\":\"ListItem\",\"position\":1,\"name\":\"Home\",\"item\":\"https:\/\/indigitall.com\/es\/\"},{\"@type\":\"ListItem\",\"position\":2,\"name\":\"\u00bfPor qu\u00e9 indigitall?\"}]},{\"@type\":\"WebSite\",\"@id\":\"https:\/\/indigitall.com\/es\/#website\",\"url\":\"https:\/\/indigitall.com\/es\/\",\"name\":\"indigitall\",\"description\":\"Because Every Interaction Matters\",\"potentialAction\":[{\"@type\":\"SearchAction\",\"target\":{\"@type\":\"EntryPoint\",\"urlTemplate\":\"https:\/\/indigitall.com\/es\/?s={search_term_string}\"},\"query-input\":{\"@type\":\"PropertyValueSpecification\",\"valueRequired\":true,\"valueName\":\"search_term_string\"}}],\"inLanguage\":\"es\"}]}<\/script>\n<!-- \/ Yoast SEO plugin. -->","yoast_head_json":{"title":"\u00bfPor qu\u00e9 indigitall? - La soluci\u00f3n todo en uno para Marketing omnicanal","description":"Automatiza, personaliza, optimiza y unifica todas tus comunicaciones con clientes (entrantes y salientes) de forma fluida en todos los ciclos y canales.","robots":{"index":"index","follow":"follow","max-snippet":"max-snippet:-1","max-image-preview":"max-image-preview:large","max-video-preview":"max-video-preview:-1"},"canonical":"https:\/\/indigitall.com\/es\/por-que\/","og_locale":"es_ES","og_type":"article","og_title":"\u00bfPor qu\u00e9 indigitall? - La soluci\u00f3n todo en uno para Marketing omnicanal","og_description":"Automatiza, personaliza, optimiza y unifica todas tus comunicaciones con clientes (entrantes y salientes) de forma fluida en todos los ciclos y canales.","og_url":"https:\/\/indigitall.com\/es\/por-que\/","og_site_name":"indigitall","article_modified_time":"2026-02-19T17:45:44+00:00","twitter_card":"summary_large_image","schema":{"@context":"https:\/\/schema.org","@graph":[{"@type":"WebPage","@id":"https:\/\/indigitall.com\/es\/por-que\/","url":"https:\/\/indigitall.com\/es\/por-que\/","name":"\u00bfPor qu\u00e9 indigitall? - La soluci\u00f3n todo en uno para Marketing omnicanal","isPartOf":{"@id":"https:\/\/indigitall.com\/es\/#website"},"datePublished":"2025-03-27T09:59:16+00:00","dateModified":"2026-02-19T17:45:44+00:00","description":"Automatiza, personaliza, optimiza y unifica todas tus comunicaciones con clientes (entrantes y salientes) de forma fluida en todos los ciclos y canales.","breadcrumb":{"@id":"https:\/\/indigitall.com\/es\/por-que\/#breadcrumb"},"inLanguage":"es","potentialAction":[{"@type":"ReadAction","target":["https:\/\/indigitall.com\/es\/por-que\/"]}]},{"@type":"BreadcrumbList","@id":"https:\/\/indigitall.com\/es\/por-que\/#breadcrumb","itemListElement":[{"@type":"ListItem","position":1,"name":"Home","item":"https:\/\/indigitall.com\/es\/"},{"@type":"ListItem","position":2,"name":"\u00bfPor qu\u00e9 indigitall?"}]},{"@type":"WebSite","@id":"https:\/\/indigitall.com\/es\/#website","url":"https:\/\/indigitall.com\/es\/","name":"indigitall","description":"Because Every Interaction Matters","potentialAction":[{"@type":"SearchAction","target":{"@type":"EntryPoint","urlTemplate":"https:\/\/indigitall.com\/es\/?s={search_term_string}"},"query-input":{"@type":"PropertyValueSpecification","valueRequired":true,"valueName":"search_term_string"}}],"inLanguage":"es"}]}},"_links":{"self":[{"href":"https:\/\/indigitall.com\/es\/wp-json\/wp\/v2\/pages\/4628","targetHints":{"allow":["GET"]}}],"collection":[{"href":"https:\/\/indigitall.com\/es\/wp-json\/wp\/v2\/pages"}],"about":[{"href":"https:\/\/indigitall.com\/es\/wp-json\/wp\/v2\/types\/page"}],"author":[{"embeddable":true,"href":"https:\/\/indigitall.com\/es\/wp-json\/wp\/v2\/users\/3"}],"replies":[{"embeddable":true,"href":"https:\/\/indigitall.com\/es\/wp-json\/wp\/v2\/comments?post=4628"}],"version-history":[{"count":8,"href":"https:\/\/indigitall.com\/es\/wp-json\/wp\/v2\/pages\/4628\/revisions"}],"predecessor-version":[{"id":13605,"href":"https:\/\/indigitall.com\/es\/wp-json\/wp\/v2\/pages\/4628\/revisions\/13605"}],"wp:attachment":[{"href":"https:\/\/indigitall.com\/es\/wp-json\/wp\/v2\/media?parent=4628"}],"curies":[{"name":"wp","href":"https:\/\/api.w.org\/{rel}","templated":true}]}}