{"id":4219,"date":"2025-03-24T11:21:42","date_gmt":"2025-03-24T11:21:42","guid":{"rendered":"https:\/\/indigitall.com\/partners-2\/"},"modified":"2025-05-27T09:48:17","modified_gmt":"2025-05-27T09:48:17","slug":"partners-2","status":"publish","type":"page","link":"https:\/\/indigitall.com\/es\/partners\/","title":{"rendered":"Partners"},"content":{"rendered":"","protected":false},"excerpt":{"rendered":"","protected":false},"author":1,"featured_media":0,"parent":0,"menu_order":0,"comment_status":"closed","ping_status":"closed","template":"","meta":{"_acf_changed":false},"class_list":["post-4219","page","type-page","status-publish","hentry"],"acf":{"flexible_content":[{"acf_fc_layout":"hero_page","background_type":"image","dark_filter":0,"background_image":2367,"background_image_mobile":2364,"background_video":null,"background_video_mobile":null,"pretitle":"Partners","pretitle_font_size":"","title":"Con\u00e9ctate con nosotros para\r\nhacer grandes cosas","title_font_size":"","subtitle":"","subtitle_font_size":"","button_1":{"title":"","url":"#getstarted","target":""},"button_2":{"title":"As\u00f3ciate con nosotros","url":"https:\/\/indigitall.introw.io\/forms\/d6yjbsa0d92sw3y4otmosfc9","target":"_blank"},"icon_button_2":null,"download_ebook":false,"ebook_title":"","extra_content":"cards","title_cards":"NUESTROS N\u00daMEROS","cards":[{"title":"100","text":"Socios en todo el mundo"},{"title":"10","text":"Industrias de nuestro ecosistema"},{"title":"50M","text":"Usuarios finales alcanzados"}],"brands_custom_background_color":false,"brands_background_color":"","custom_brands":false,"brands":null},{"acf_fc_layout":"slider_cards","pretitle":"POR QU\u00c9 ASOCIARSE","link":null,"title":"Juntos llegamos m\u00e1s lejos","text":"","card_size":"normal","logo_size":"normal","cards":[{"icon":2380,"title":"Colaboraci\u00f3n","text":"Nuestra tecnolog\u00eda se integra f\u00e1cilmente con sus sistemas actuales.","link":null},{"icon":2377,"title":"Crecimiento","text":"Llegua a nuevos clientes y aumente los ingresos con nuestras innovadoras soluciones digitales.","link":null},{"icon":2374,"title":"Perspectivas","text":"Acceda a an\u00e1lisis e informes exhaustivos para optimizar sus estrategias empresariales.","link":null},{"icon":2371,"title":"Innovation","text":"Herramientas basadas en IA y automatizaci\u00f3n para un compromiso digital m\u00e1s inteligente.","link":null}]},{"acf_fc_layout":"slider_cards","pretitle":"","link":null,"title":"Nuestros partners","text":"","card_size":"big","logo_size":"big","cards":[{"icon":2454,"title":"Aldeamo","text":"Socio tecnol\u00f3gico\r\nBolivia, Colombia, Costa Rica, +10 more","link":{"title":"","url":"https:\/\/www.aldeamo.com\/","target":"_blank"}},{"icon":2451,"title":"Naifman","text":"socio de servicios\r\nSpain, Belgium, Italy, Luxembourg +2 more<em>\r\n<\/em>","link":{"title":"","url":"https:\/\/naifman.com\/","target":"_blank"}},{"icon":2448,"title":"Spotkick","text":"socio de servicios\r\nEcuador","link":null},{"icon":2445,"title":"The Hopewell Group","text":"socio de servicios\r\nBrazil","link":{"title":"","url":"https:\/\/www.hopewell.com\/","target":"_blank"}},{"icon":2862,"title":"L\u00edderes y Digitales","text":"socio de servicios\r\n\r\nSpain","link":{"title":"","url":"https:\/\/www.lideresydigitales.com\/","target":""}},{"icon":2865,"title":"Stratesys","text":"socio de servicios\r\n\r\nBrazil","link":{"title":"","url":"https:\/\/www.stratesys-ts.com\/","target":""}},{"icon":2868,"title":"Marketing Directo","text":"socio de servicios\r\n\r\nSpain","link":{"title":"","url":"https:\/\/www.marketingdirecto.com\/","target":""}},{"icon":2871,"title":"International Innovation","text":"socio de servicios\r\n\r\nEcuador","link":{"title":"","url":"https:\/\/in-innovation.com\/","target":""}},{"icon":2874,"title":"ICEX","text":"socio de servicios\r\n\r\nSpain","link":{"title":"","url":"https:\/\/www.icex.es\/icex\/es\/index.html","target":""}},{"icon":2877,"title":"Dedika","text":"socio de servicios\r\n\r\nSpain","link":{"title":"","url":"https:\/\/www.dedika.es\/","target":""}},{"icon":2880,"title":"Devoteam","text":"socio tecnol\u00f3gico\r\n\r\nSpain","link":{"title":"","url":"https:\/\/es.devoteam.com\/","target":""}},{"icon":2883,"title":"Empresa & Sociedad","text":"<em>services partner<\/em>\r\n\r\nSpain","link":{"title":"","url":"https:\/\/www.empresaysociedad.org\/","target":""}},{"icon":2886,"title":"Camara Madrid","text":"socio de servicios\r\n\r\nSpain","link":{"title":"","url":"https:\/\/www.camaramadrid.es\/","target":""}}]},{"acf_fc_layout":"slider_big_cards","pretitle":"testimonios","title":"Unas palabras de nuestros socios","link":null,"cards":[{"card_type":"default","background_type":"image","background":2388,"background_mobile":2385,"logo":2858,"link":null,"pretitle":"","title":"","text":"\"La uni\u00f3n de nuestras capacidades con las de indigitall crean un potente ecosistema de soluciones digitales para nuestros clientes.\"","footer_text":"George Pereira, Executive Director ","card_title":"","card_text":""}]},{"acf_fc_layout":"step_cards","pretitle":"PROCESO","link":{"title":"\u00danete a nuestro partnership","url":"https:\/\/indigitall.introw.io\/forms\/d6yjbsa0d92sw3y4otmosfc9","target":"_blank"},"title":"C\u00f3mo encender nuestro\r\nviaje juntos:","text":"","cards":[{"icon":2475,"title":"Requisitos","text":"Consulta y descarga los requisitos b\u00e1sicos para la colaboraci\u00f3n"},{"icon":2472,"title":"Presentaci\u00f3n de\r\nDocumentos","text":"Env\u00edanos los documentos necesarios para la evaluaci\u00f3n"},{"icon":2469,"title":"Evaluaci\u00f3n y\r\nAprobaci\u00f3n","text":"Nuestro equipo revisar\u00e1 tu solicitud y se pondr\u00e1 en contacto con usted para los siguientes pasos."}]},{"acf_fc_layout":"slider_big_cards","pretitle":"","title":"Tipos de empresas\r\ncon las que colaboramos","link":null,"cards":[{"card_type":"default","background_type":"image","background":2397,"background_mobile":null,"logo":null,"link":null,"pretitle":"","title":"Socios de Tecnolog\u00eda","text":"Proveedores de tecnolog\u00eda que colaboran con nosotros para crear integraciones, garantizando la compatibilidad con plataformas, sistemas CRM y ecosistemas digitales.","footer_text":"","card_title":"","card_text":""},{"card_type":"default","background_type":"image","background":2394,"background_mobile":null,"logo":null,"link":null,"pretitle":"","title":"Socios de soluci\u00f3n\r\n","text":"Expertos que ofrecen servicios de consultor\u00eda, implementaci\u00f3n y gesti\u00f3n para ayudar a las empresas a maximizar el uso de las soluciones de Indigitall.","footer_text":"","card_title":"","card_text":""},{"card_type":"default","background_type":"image","background":2391,"background_mobile":null,"logo":null,"link":null,"pretitle":"","title":"Socios de servicios","text":"Empresas que integran las herramientas de indigitall en sus propias ofertas, mejorando sus servicios con interacci\u00f3n, automatizaci\u00f3n y an\u00e1lisis impulsados por IA.","footer_text":"","card_title":"","card_text":""}]},{"acf_fc_layout":"faq_accordion","title":"FAQ","faqs":[{"title":"\u00bfOfrecen oportunidades de trabajo a distancia o h\u00edbrido?","text":"S\u00ed. En indigitall, aceptamos modalidades de trabajo flexibles. Muchos de nuestros puestos ofrecen opciones remotas o h\u00edbridas, lo que permite a los empleados trabajar desde donde sean m\u00e1s productivos mientras permanecen conectados con nuestro equipo. Creemos en el fomento de un entorno de trabajo equilibrado que apoye tanto el crecimiento profesional como el bienestar personal."},{"title":"\u00bfC\u00f3mo es el proceso de contrataci\u00f3n en Indigitall?","text":"El consultor prepara la oferta de empleo y criba los CV, realiza una primera entrevista y, si se ajusta al perfil deseado, lo presenta al responsable. Cuando se encuentra al candidato, el responsable env\u00eda la carta de oferta. Una vez aceptado, comienza el proceso de incorporaci\u00f3n."},{"title":"\u00bfQu\u00e9 beneficios y ventajas reciben los empleados?","text":"Teletrabajo, vacaciones y permisos seg\u00fan convenio, y seguro m\u00e9dico privado."},{"title":"\u00bfC\u00f3mo puedo solicitar un puesto vacante?","text":"Desde nuestra p\u00e1gina web y en portales de b\u00fasqueda de empleo."}]}],"hide_slider_blog":true,"slider_blog_custom_tag":null,"hide_mobile_fixed_buttons":false,"mobile_fixed_button_1":null,"mobile_fixed_button_2":{"title":"As\u00f3ciate con nosotros","url":"https:\/\/indigitall.introw.io\/forms\/d6yjbsa0d92sw3y4otmosfc9","target":"_blank"},"icon_mobile_fixed_button_2":"","download_ebook":false,"ebook_title":""},"yoast_head":"<!-- This site is optimized with the Yoast SEO plugin v27.1.1 - https:\/\/yoast.com\/product\/yoast-seo-wordpress\/ -->\n<title>Become an indigitall Partner Today! - indigitall<\/title>\n<meta name=\"description\" content=\"indigitall works with partners around the world to deliver customer engagement solutions to brands looking to build deep customer relations.\" \/>\n<meta name=\"robots\" content=\"index, follow, max-snippet:-1, max-image-preview:large, max-video-preview:-1\" \/>\n<link rel=\"canonical\" href=\"https:\/\/indigitall.com\/es\/partners\/\" \/>\n<meta property=\"og:locale\" content=\"es_ES\" \/>\n<meta property=\"og:type\" content=\"article\" \/>\n<meta property=\"og:title\" content=\"Become an indigitall Partner Today! - indigitall\" \/>\n<meta property=\"og:description\" content=\"indigitall works with partners around the world to deliver customer engagement solutions to brands looking to build deep customer relations.\" \/>\n<meta property=\"og:url\" content=\"https:\/\/indigitall.com\/es\/partners\/\" \/>\n<meta property=\"og:site_name\" content=\"indigitall\" \/>\n<meta property=\"article:modified_time\" content=\"2025-05-27T09:48:17+00:00\" \/>\n<meta name=\"twitter:card\" content=\"summary_large_image\" \/>\n<script type=\"application\/ld+json\" class=\"yoast-schema-graph\">{\"@context\":\"https:\/\/schema.org\",\"@graph\":[{\"@type\":\"WebPage\",\"@id\":\"https:\/\/indigitall.com\/es\/partners\/\",\"url\":\"https:\/\/indigitall.com\/es\/partners\/\",\"name\":\"Become an indigitall Partner Today! - indigitall\",\"isPartOf\":{\"@id\":\"https:\/\/indigitall.com\/es\/#website\"},\"datePublished\":\"2025-03-24T11:21:42+00:00\",\"dateModified\":\"2025-05-27T09:48:17+00:00\",\"description\":\"indigitall works with partners around the world to deliver customer engagement solutions to brands looking to build deep customer relations.\",\"breadcrumb\":{\"@id\":\"https:\/\/indigitall.com\/es\/partners\/#breadcrumb\"},\"inLanguage\":\"es\",\"potentialAction\":[{\"@type\":\"ReadAction\",\"target\":[\"https:\/\/indigitall.com\/es\/partners\/\"]}]},{\"@type\":\"BreadcrumbList\",\"@id\":\"https:\/\/indigitall.com\/es\/partners\/#breadcrumb\",\"itemListElement\":[{\"@type\":\"ListItem\",\"position\":1,\"name\":\"Home\",\"item\":\"https:\/\/indigitall.com\/es\/\"},{\"@type\":\"ListItem\",\"position\":2,\"name\":\"Partners\"}]},{\"@type\":\"WebSite\",\"@id\":\"https:\/\/indigitall.com\/es\/#website\",\"url\":\"https:\/\/indigitall.com\/es\/\",\"name\":\"indigitall\",\"description\":\"Because Every Interaction Matters\",\"potentialAction\":[{\"@type\":\"SearchAction\",\"target\":{\"@type\":\"EntryPoint\",\"urlTemplate\":\"https:\/\/indigitall.com\/es\/?s={search_term_string}\"},\"query-input\":{\"@type\":\"PropertyValueSpecification\",\"valueRequired\":true,\"valueName\":\"search_term_string\"}}],\"inLanguage\":\"es\"}]}<\/script>\n<!-- \/ Yoast SEO plugin. -->","yoast_head_json":{"title":"Become an indigitall Partner Today! - indigitall","description":"indigitall works with partners around the world to deliver customer engagement solutions to brands looking to build deep customer relations.","robots":{"index":"index","follow":"follow","max-snippet":"max-snippet:-1","max-image-preview":"max-image-preview:large","max-video-preview":"max-video-preview:-1"},"canonical":"https:\/\/indigitall.com\/es\/partners\/","og_locale":"es_ES","og_type":"article","og_title":"Become an indigitall Partner Today! - indigitall","og_description":"indigitall works with partners around the world to deliver customer engagement solutions to brands looking to build deep customer relations.","og_url":"https:\/\/indigitall.com\/es\/partners\/","og_site_name":"indigitall","article_modified_time":"2025-05-27T09:48:17+00:00","twitter_card":"summary_large_image","schema":{"@context":"https:\/\/schema.org","@graph":[{"@type":"WebPage","@id":"https:\/\/indigitall.com\/es\/partners\/","url":"https:\/\/indigitall.com\/es\/partners\/","name":"Become an indigitall Partner Today! - indigitall","isPartOf":{"@id":"https:\/\/indigitall.com\/es\/#website"},"datePublished":"2025-03-24T11:21:42+00:00","dateModified":"2025-05-27T09:48:17+00:00","description":"indigitall works with partners around the world to deliver customer engagement solutions to brands looking to build deep customer relations.","breadcrumb":{"@id":"https:\/\/indigitall.com\/es\/partners\/#breadcrumb"},"inLanguage":"es","potentialAction":[{"@type":"ReadAction","target":["https:\/\/indigitall.com\/es\/partners\/"]}]},{"@type":"BreadcrumbList","@id":"https:\/\/indigitall.com\/es\/partners\/#breadcrumb","itemListElement":[{"@type":"ListItem","position":1,"name":"Home","item":"https:\/\/indigitall.com\/es\/"},{"@type":"ListItem","position":2,"name":"Partners"}]},{"@type":"WebSite","@id":"https:\/\/indigitall.com\/es\/#website","url":"https:\/\/indigitall.com\/es\/","name":"indigitall","description":"Because Every Interaction Matters","potentialAction":[{"@type":"SearchAction","target":{"@type":"EntryPoint","urlTemplate":"https:\/\/indigitall.com\/es\/?s={search_term_string}"},"query-input":{"@type":"PropertyValueSpecification","valueRequired":true,"valueName":"search_term_string"}}],"inLanguage":"es"}]}},"_links":{"self":[{"href":"https:\/\/indigitall.com\/es\/wp-json\/wp\/v2\/pages\/4219","targetHints":{"allow":["GET"]}}],"collection":[{"href":"https:\/\/indigitall.com\/es\/wp-json\/wp\/v2\/pages"}],"about":[{"href":"https:\/\/indigitall.com\/es\/wp-json\/wp\/v2\/types\/page"}],"author":[{"embeddable":true,"href":"https:\/\/indigitall.com\/es\/wp-json\/wp\/v2\/users\/1"}],"replies":[{"embeddable":true,"href":"https:\/\/indigitall.com\/es\/wp-json\/wp\/v2\/comments?post=4219"}],"version-history":[{"count":6,"href":"https:\/\/indigitall.com\/es\/wp-json\/wp\/v2\/pages\/4219\/revisions"}],"predecessor-version":[{"id":7819,"href":"https:\/\/indigitall.com\/es\/wp-json\/wp\/v2\/pages\/4219\/revisions\/7819"}],"wp:attachment":[{"href":"https:\/\/indigitall.com\/es\/wp-json\/wp\/v2\/media?parent=4219"}],"curies":[{"name":"wp","href":"https:\/\/api.w.org\/{rel}","templated":true}]}}