{"id":4215,"date":"2025-03-24T11:21:41","date_gmt":"2025-03-24T11:21:41","guid":{"rendered":"https:\/\/indigitall.com\/about-us\/"},"modified":"2025-12-15T09:58:36","modified_gmt":"2025-12-15T09:58:36","slug":"sobre-nosotros-2","status":"publish","type":"page","link":"https:\/\/indigitall.com\/es\/about-us\/","title":{"rendered":"Sobre indigitall | Expertos en automatizaci\u00f3n del marketing"},"content":{"rendered":"","protected":false},"excerpt":{"rendered":"","protected":false},"author":1,"featured_media":0,"parent":0,"menu_order":0,"comment_status":"closed","ping_status":"closed","template":"","meta":{"_acf_changed":false},"class_list":["post-4215","page","type-page","status-publish","hentry"],"acf":{"flexible_content":[{"acf_fc_layout":"hero_page","background_type":"image","dark_filter":0,"background_image":1840,"background_image_mobile":1837,"background_video":null,"background_video_mobile":null,"pretitle":"Qui\u00e9nes somos","pretitle_font_size":"","title":"Porque cada\r\ninteracci\u00f3n\r\nimporta","title_font_size":"","subtitle":"","subtitle_font_size":"","button_1":null,"button_2":null,"icon_button_2":null,"download_ebook":false,"ebook_title":"","extra_content":"none","title_cards":"","cards":null,"brands_custom_background_color":false,"brands_background_color":"","custom_brands":false,"brands":null},{"acf_fc_layout":"text_icons","text":"indigitall\u00ae nace con la<img class=\"alignnone size-full wp-image-1842\" src=\"https:\/\/indigitall.com\/wp-content\/uploads\/2025\/04\/icon-person.webp\" alt=\"\" width=\"60\" height=\"60\" \/> misi\u00f3n de traspasar las fronteras digitales y adaptar cada campa\u00f1a de marketing <img class=\"alignnone size-full wp-image-1804\" src=\"https:\/\/indigitall.com\/wp-content\/uploads\/2025\/04\/icon-heart.svg\" alt=\"\" width=\"36\" height=\"36\" \/>a las preferencias de cada cliente en todos sus canales digitales gracias al uso de su propia inteligencia artificial, asegurando que cada interacci\u00f3n sea relevante\u00a0<img class=\"alignnone size-full wp-image-1807\" src=\"https:\/\/indigitall.com\/wp-content\/uploads\/2025\/04\/icon-ok.svg\" alt=\"\" width=\"36\" height=\"36\" \/> y efectiva.","link":null},{"acf_fc_layout":"slider_cards","pretitle":"VALORES","link":null,"title":"Los valores que nos mueven","text":"","card_size":"big","logo_size":"normal","cards":[{"icon":1854,"title":"Innovaci\u00f3n","text":"Haciendo hincapi\u00e9 en la creaci\u00f3n y aplicaci\u00f3n de soluciones punteras basadas en IA.","link":null},{"icon":1851,"title":"Transformaci\u00f3n digital","text":"Apoyo a las empresas en su camino hacia estrategias modernas y automatizadas.","link":null},{"icon":1848,"title":"Customer-First","text":"Dar prioridad a la comunicaci\u00f3n para mejorar el compromiso de los usuarios y la satisfacci\u00f3n de los clientes.","link":null}]},{"acf_fc_layout":"slider_big_cards","pretitle":"NUESTRO COMPROMISO","title":"Lo que defendemos","link":null,"cards":[{"card_type":"default","background_type":"image","background":1864,"background_mobile":1946,"logo":null,"link":null,"pretitle":"GLOBAL","title":"Diversidad","text":"La incorporaci\u00f3n de la mujer trabajadora y la diversidad de g\u00e9nero, edad, origen \u00e9tnico y cultural, ideolog\u00eda y orientaci\u00f3n sexual es una caracter\u00edstica identificable de indigitall y esencial para su \u00e9xito como reflejo del mercado global en el que trabaja.","footer_text":"","card_title":"","card_text":""},{"card_type":"default","background_type":"image","background":2405,"background_mobile":null,"logo":null,"link":null,"pretitle":"FUTURO","title":"Sostenibilidad","text":"Medidas de cuidado medioambiental como la descarga de materiales digitales en detrimento del consiguiente gasto en papel por impresiones, adem\u00e1s de la recogida selectiva de residuos en oficinas y el uso de productos biodegradables.","footer_text":"","card_title":"","card_text":""},{"card_type":"default","background_type":"image","background":2408,"background_mobile":null,"logo":null,"link":null,"pretitle":"FLEXIBILITY","title":"Conciliaci\u00f3n de la vida laboral y familiar","text":"El bienestar y la \u00f3ptima salud mental de todo el Equipo son esenciales para que la gesti\u00f3n facilite la realizaci\u00f3n de actividades como la pr\u00e1ctica del deporte federado, la colaboraci\u00f3n en ONGs y el desarrollo de las relaciones sociales.","footer_text":"","card_title":"","card_text":""}]},{"acf_fc_layout":"slider_cards","pretitle":"","link":null,"title":"Nuestros logros en innovaci\u00f3n y tecnolog\u00eda son testimonio del duro trabajo y la dedicaci\u00f3n del equipo de indigitall.","text":"","card_size":"big","logo_size":"normal","cards":[{"icon":1868,"title":"Enisa","text":"Proyecto financiado por el Ministerio de Industria, Comercio y Turismo del Gobierno espa\u00f1ol.","link":null},{"icon":1877,"title":"CDTI","text":"<strong>Nube de comunicaci\u00f3n con el cliente.<\/strong>\r\n\r\nEl Ministerio de Ciencia e Innovaci\u00f3n espa\u00f1ol ha respaldado los planes innovadores de Indigitall que promueven la inteligencia artificial.","link":null},{"icon":1874,"title":"ISO","text":"ISO 27001 Certification \u2013 Information Security Management System (ISMS)","link":null},{"icon":1871,"title":"Innovative \r\nSME","text":"Certificado de reconocimiento del Ministerio espa\u00f1ol de Ciencia, Innovaci\u00f3n y Universidades","link":null}]},{"acf_fc_layout":"our_team","pretitle":"NUESTRO EQUIPO","title":"Un equipo de ensue\u00f1o a su lado","link":{"title":"\u00danete a nuestro equipo","url":"https:\/\/jobs.indigitall.com\/","target":"_blank"},"members":[{"image":2435,"name":"Juan Carlos de la Vela","position":"CEO and Co-Founder","x_url":"","linkedin_url":"https:\/\/www.linkedin.com\/in\/juancvela\/"},{"image":2441,"name":"Xavier Omella","position":"Co-Founder","x_url":"","linkedin_url":"https:\/\/www.linkedin.com\/in\/xavier-omella-2480109\/"},{"image":2438,"name":"Marcos Fort\u00fan","position":"Chief Technology Officer","x_url":"","linkedin_url":"https:\/\/www.linkedin.com\/in\/marcos-fort%C3%BAn-5a5771133\/"},{"image":2432,"name":"Josh Rice","position":"Chief Marketing Officer","x_url":"","linkedin_url":"https:\/\/www.linkedin.com\/in\/joshrice1\/"},{"image":2429,"name":"I\u00f1aki Iturbide","position":"Chief Revenue Officer","x_url":"","linkedin_url":"https:\/\/www.linkedin.com\/in\/ignacioiturbide\/"}]},{"acf_fc_layout":"slider_offices"}],"hide_slider_blog":true,"slider_blog_custom_tag":null,"hide_mobile_fixed_buttons":false,"mobile_fixed_button_1":null,"mobile_fixed_button_2":null,"icon_mobile_fixed_button_2":"","download_ebook":false,"ebook_title":""},"yoast_head":"<!-- This site is optimized with the Yoast SEO plugin v27.1.1 - https:\/\/yoast.com\/product\/yoast-seo-wordpress\/ -->\n<title>Sobre indigitall | Expertos en automatizaci\u00f3n del marketing<\/title>\n<meta name=\"description\" content=\"Sobre indigitall y la automatizaci\u00f3n del marketing. Ayudamos a las empresas a impulsar la participaci\u00f3n del cliente con comunicaciones automatizadas.\" \/>\n<meta name=\"robots\" content=\"index, follow, max-snippet:-1, max-image-preview:large, max-video-preview:-1\" \/>\n<link rel=\"canonical\" href=\"https:\/\/indigitall.com\/es\/about-us\/\" \/>\n<meta property=\"og:locale\" content=\"es_ES\" \/>\n<meta property=\"og:type\" content=\"article\" \/>\n<meta property=\"og:title\" content=\"Sobre indigitall | Expertos en automatizaci\u00f3n del marketing\" \/>\n<meta property=\"og:description\" content=\"Sobre indigitall y la automatizaci\u00f3n del marketing. Ayudamos a las empresas a impulsar la participaci\u00f3n del cliente con comunicaciones automatizadas.\" \/>\n<meta property=\"og:url\" content=\"https:\/\/indigitall.com\/es\/about-us\/\" \/>\n<meta property=\"og:site_name\" content=\"indigitall\" \/>\n<meta property=\"article:modified_time\" content=\"2025-12-15T09:58:36+00:00\" \/>\n<meta name=\"twitter:card\" content=\"summary_large_image\" \/>\n<script type=\"application\/ld+json\" class=\"yoast-schema-graph\">{\"@context\":\"https:\/\/schema.org\",\"@graph\":[{\"@type\":\"WebPage\",\"@id\":\"https:\/\/indigitall.com\/es\/about-us\/\",\"url\":\"https:\/\/indigitall.com\/es\/about-us\/\",\"name\":\"Sobre indigitall | Expertos en automatizaci\u00f3n del marketing\",\"isPartOf\":{\"@id\":\"https:\/\/indigitall.com\/es\/#website\"},\"datePublished\":\"2025-03-24T11:21:41+00:00\",\"dateModified\":\"2025-12-15T09:58:36+00:00\",\"description\":\"Sobre indigitall y la automatizaci\u00f3n del marketing. Ayudamos a las empresas a impulsar la participaci\u00f3n del cliente con comunicaciones automatizadas.\",\"breadcrumb\":{\"@id\":\"https:\/\/indigitall.com\/es\/about-us\/#breadcrumb\"},\"inLanguage\":\"es\",\"potentialAction\":[{\"@type\":\"ReadAction\",\"target\":[\"https:\/\/indigitall.com\/es\/about-us\/\"]}]},{\"@type\":\"BreadcrumbList\",\"@id\":\"https:\/\/indigitall.com\/es\/about-us\/#breadcrumb\",\"itemListElement\":[{\"@type\":\"ListItem\",\"position\":1,\"name\":\"Home\",\"item\":\"https:\/\/indigitall.com\/es\/\"},{\"@type\":\"ListItem\",\"position\":2,\"name\":\"Sobre indigitall | Expertos en automatizaci\u00f3n del marketing\"}]},{\"@type\":\"WebSite\",\"@id\":\"https:\/\/indigitall.com\/es\/#website\",\"url\":\"https:\/\/indigitall.com\/es\/\",\"name\":\"indigitall\",\"description\":\"Because Every Interaction Matters\",\"potentialAction\":[{\"@type\":\"SearchAction\",\"target\":{\"@type\":\"EntryPoint\",\"urlTemplate\":\"https:\/\/indigitall.com\/es\/?s={search_term_string}\"},\"query-input\":{\"@type\":\"PropertyValueSpecification\",\"valueRequired\":true,\"valueName\":\"search_term_string\"}}],\"inLanguage\":\"es\"}]}<\/script>\n<!-- \/ Yoast SEO plugin. -->","yoast_head_json":{"title":"Sobre indigitall | Expertos en automatizaci\u00f3n del marketing","description":"Sobre indigitall y la automatizaci\u00f3n del marketing. Ayudamos a las empresas a impulsar la participaci\u00f3n del cliente con comunicaciones automatizadas.","robots":{"index":"index","follow":"follow","max-snippet":"max-snippet:-1","max-image-preview":"max-image-preview:large","max-video-preview":"max-video-preview:-1"},"canonical":"https:\/\/indigitall.com\/es\/about-us\/","og_locale":"es_ES","og_type":"article","og_title":"Sobre indigitall | Expertos en automatizaci\u00f3n del marketing","og_description":"Sobre indigitall y la automatizaci\u00f3n del marketing. Ayudamos a las empresas a impulsar la participaci\u00f3n del cliente con comunicaciones automatizadas.","og_url":"https:\/\/indigitall.com\/es\/about-us\/","og_site_name":"indigitall","article_modified_time":"2025-12-15T09:58:36+00:00","twitter_card":"summary_large_image","schema":{"@context":"https:\/\/schema.org","@graph":[{"@type":"WebPage","@id":"https:\/\/indigitall.com\/es\/about-us\/","url":"https:\/\/indigitall.com\/es\/about-us\/","name":"Sobre indigitall | Expertos en automatizaci\u00f3n del marketing","isPartOf":{"@id":"https:\/\/indigitall.com\/es\/#website"},"datePublished":"2025-03-24T11:21:41+00:00","dateModified":"2025-12-15T09:58:36+00:00","description":"Sobre indigitall y la automatizaci\u00f3n del marketing. Ayudamos a las empresas a impulsar la participaci\u00f3n del cliente con comunicaciones automatizadas.","breadcrumb":{"@id":"https:\/\/indigitall.com\/es\/about-us\/#breadcrumb"},"inLanguage":"es","potentialAction":[{"@type":"ReadAction","target":["https:\/\/indigitall.com\/es\/about-us\/"]}]},{"@type":"BreadcrumbList","@id":"https:\/\/indigitall.com\/es\/about-us\/#breadcrumb","itemListElement":[{"@type":"ListItem","position":1,"name":"Home","item":"https:\/\/indigitall.com\/es\/"},{"@type":"ListItem","position":2,"name":"Sobre indigitall | Expertos en automatizaci\u00f3n del marketing"}]},{"@type":"WebSite","@id":"https:\/\/indigitall.com\/es\/#website","url":"https:\/\/indigitall.com\/es\/","name":"indigitall","description":"Because Every Interaction Matters","potentialAction":[{"@type":"SearchAction","target":{"@type":"EntryPoint","urlTemplate":"https:\/\/indigitall.com\/es\/?s={search_term_string}"},"query-input":{"@type":"PropertyValueSpecification","valueRequired":true,"valueName":"search_term_string"}}],"inLanguage":"es"}]}},"_links":{"self":[{"href":"https:\/\/indigitall.com\/es\/wp-json\/wp\/v2\/pages\/4215","targetHints":{"allow":["GET"]}}],"collection":[{"href":"https:\/\/indigitall.com\/es\/wp-json\/wp\/v2\/pages"}],"about":[{"href":"https:\/\/indigitall.com\/es\/wp-json\/wp\/v2\/types\/page"}],"author":[{"embeddable":true,"href":"https:\/\/indigitall.com\/es\/wp-json\/wp\/v2\/users\/1"}],"replies":[{"embeddable":true,"href":"https:\/\/indigitall.com\/es\/wp-json\/wp\/v2\/comments?post=4215"}],"version-history":[{"count":4,"href":"https:\/\/indigitall.com\/es\/wp-json\/wp\/v2\/pages\/4215\/revisions"}],"predecessor-version":[{"id":11257,"href":"https:\/\/indigitall.com\/es\/wp-json\/wp\/v2\/pages\/4215\/revisions\/11257"}],"wp:attachment":[{"href":"https:\/\/indigitall.com\/es\/wp-json\/wp\/v2\/media?parent=4215"}],"curies":[{"name":"wp","href":"https:\/\/api.w.org\/{rel}","templated":true}]}}