{"id":3418,"date":"2025-05-08T20:50:55","date_gmt":"2025-05-08T20:50:55","guid":{"rendered":"https:\/\/indigitall.com\/?page_id=3418"},"modified":"2025-05-27T09:22:22","modified_gmt":"2025-05-27T09:22:22","slug":"integraciones","status":"publish","type":"page","link":"https:\/\/indigitall.com\/es\/integraciones\/","title":{"rendered":"Integraciones"},"content":{"rendered":"","protected":false},"excerpt":{"rendered":"","protected":false},"author":3,"featured_media":0,"parent":0,"menu_order":0,"comment_status":"closed","ping_status":"closed","template":"","meta":{"_acf_changed":false},"class_list":["post-3418","page","type-page","status-publish","hentry"],"acf":{"flexible_content":[{"acf_fc_layout":"hero_page","background_type":"image","dark_filter":0,"background_image":2564,"background_image_mobile":2561,"background_video":null,"background_video_mobile":null,"pretitle":"Integraciones","pretitle_font_size":"","title":"Conexiones que \r\nfuncionan a la perfecci\u00f3n","title_font_size":"","subtitle":"","subtitle_font_size":"","button_1":{"title":"Empezar ahora","url":"#getstarted","target":"_blank"},"button_2":{"title":"M\u00e1s info","url":"https:\/\/documentation.indigitall.com\/","target":"_blank"},"icon_button_2":null,"download_ebook":false,"ebook_title":"","extra_content":"none","title_cards":"","cards":null,"brands_custom_background_color":false,"brands_background_color":"","custom_brands":false,"brands":null},{"acf_fc_layout":"title_list_image","title":"Conecta con tu ecosistema actual para automatizar, personalizar y optimizar mensajes en m\u00faltiples canales.","list":[{"item":"CRM & Automatizaci\u00f3n de Marketing"},{"item":"Plataformas E-commerce & CMS"},{"item":"API & Webhooks para Integraciones Personalizadas"}],"image":2624},{"acf_fc_layout":"sections_fixed_images","design":false,"title":"Conecta todas tus plataformas\r\nsin esfuerzo","link":null,"sections":[{"title":"Integraci\u00f3n con Salesforce","subtitle":"","index":"01","text":"","link":{"title":"M\u00e1s info","url":"https:\/\/documentation.indigitall.com\/docs\/salesforce-marketing-cloud","target":"_blank"},"list":[{"item":"Env\u00edo de archivos PKPASS"},{"item":"Mejora la experiencia del cliente"},{"item":"Incluye im\u00e1genes, videos y GIFs enriquecidos"},{"item":"Genera m\u00e1s leads con notificaciones web\/app"},{"item":"Aumenta el ROI de campa\u00f1as"},{"item":"Anal\u00edticas en tiempo real"}],"tag":"","media_type":"image","image":2568,"image_mobile":null,"video":null,"video_mobile":null},{"title":"Integraci\u00f3n con Hubspot","subtitle":"","index":"02","text":"","link":{"title":"M\u00e1s info","url":"https:\/\/documentation.indigitall.com\/docs\/hubspot","target":"_blank"},"list":[{"item":"Segmentaci\u00f3n de audiencias"},{"item":"Captaci\u00f3n de nuevos leads"},{"item":"Comunicaciones basadas en eventos\/acciones del cliente"},{"item":"Sincronizaci\u00f3n total en flujos de trabajo"},{"item":"Fidelizaci\u00f3n de clientes existentes"},{"item":"Estad\u00edsticas en tiempo real"}],"tag":"","media_type":"image","image":2571,"image_mobile":null,"video":null,"video_mobile":null}],"list_collapsed":true},{"acf_fc_layout":"slider_cards","pretitle":"","link":null,"title":"Otras integraciones","text":"","card_size":"big","logo_size":"big","cards":[{"icon":2589,"title":"WhatsApp","text":"<span style=\"font-weight: 400;\">Conversaciones para servicio al cliente, ventas y marketing<\/span>","link":null},{"icon":2583,"title":"Google Analytics","text":"<span style=\"font-weight: 400;\">Analiza comportamiento en webs\/apps para decisiones basadas en datos<\/span>","link":null},{"icon":2586,"title":"Adobe Analytics","text":"<span style=\"font-weight: 400;\">Combina datos de puntos de contacto para insights accionables<\/span>","link":null},{"icon":2595,"title":"Facebook Messenger","text":"<span style=\"font-weight: 400;\">Interacci\u00f3n directa con clientes<\/span>","link":null},{"icon":2592,"title":"Instagram","text":"<span style=\"font-weight: 400;\">Conexi\u00f3n mediante mensajes directos<\/span>","link":null},{"icon":2580,"title":"Telegram","text":"<span style=\"font-weight: 400;\">Comunicaci\u00f3n a trav\u00e9s del servicio de mensajer\u00eda<\/span>","link":null},{"icon":2577,"title":"comScore","text":"<span style=\"font-weight: 400;\">Mide ROI de medios y campa\u00f1as<\/span>","link":null}]},{"acf_fc_layout":"card_title_list","pretitle":"Caracter\u00edsticas de integraci\u00f3n","title":"La combinaci\u00f3n ideal \r\npara tu CRM","text":"","list":[{"text":"Sincronizaci\u00f3n autom\u00e1tica de datos"},{"text":" Carga mediante CSV"},{"text":"Compatibilidad multiplataforma"},{"text":" Integraci\u00f3n total"}],"link":{"title":"Conoce m\u00e1s sobre las integraciones","url":"https:\/\/documentation.indigitall.com\/docs\/indigitall-partners","target":"_blank"},"image_type":"right","image":738,"image_mobile":2782}],"hide_slider_blog":false,"slider_blog_custom_tag":null,"hide_mobile_fixed_buttons":false,"mobile_fixed_button_1":{"title":"Empezar ahora","url":"#getstarted","target":"_blank"},"mobile_fixed_button_2":{"title":"M\u00e1s info","url":"https:\/\/documentation.indigitall.com\/","target":"_blank"},"icon_mobile_fixed_button_2":"","download_ebook":false,"ebook_title":""},"yoast_head":"<!-- This site is optimized with the Yoast SEO plugin v27.1.1 - https:\/\/yoast.com\/product\/yoast-seo-wordpress\/ -->\n<title>Integraciones Omnicanal | Conecta tus Plataformas con indigitall - indigitall<\/title>\n<meta name=\"description\" content=\"Automatiza y optimiza tus comunicaciones con integraciones para Salesforce, HubSpot, WhatsApp y m\u00e1s. Compatibilidad total y sincronizaci\u00f3n en tiempo real.\" \/>\n<meta name=\"robots\" content=\"index, follow, max-snippet:-1, max-image-preview:large, max-video-preview:-1\" \/>\n<link rel=\"canonical\" href=\"https:\/\/indigitall.com\/es\/integraciones\/\" \/>\n<meta property=\"og:locale\" content=\"es_ES\" \/>\n<meta property=\"og:type\" content=\"article\" \/>\n<meta property=\"og:title\" content=\"Integraciones Omnicanal | Conecta tus Plataformas con indigitall - indigitall\" \/>\n<meta property=\"og:description\" content=\"Automatiza y optimiza tus comunicaciones con integraciones para Salesforce, HubSpot, WhatsApp y m\u00e1s. Compatibilidad total y sincronizaci\u00f3n en tiempo real.\" \/>\n<meta property=\"og:url\" content=\"https:\/\/indigitall.com\/es\/integraciones\/\" \/>\n<meta property=\"og:site_name\" content=\"indigitall\" \/>\n<meta property=\"article:modified_time\" content=\"2025-05-27T09:22:22+00:00\" \/>\n<meta name=\"twitter:card\" content=\"summary_large_image\" \/>\n<script type=\"application\/ld+json\" class=\"yoast-schema-graph\">{\"@context\":\"https:\/\/schema.org\",\"@graph\":[{\"@type\":\"WebPage\",\"@id\":\"https:\/\/indigitall.com\/es\/integraciones\/\",\"url\":\"https:\/\/indigitall.com\/es\/integraciones\/\",\"name\":\"Integraciones Omnicanal | Conecta tus Plataformas con indigitall - indigitall\",\"isPartOf\":{\"@id\":\"https:\/\/indigitall.com\/es\/#website\"},\"datePublished\":\"2025-05-08T20:50:55+00:00\",\"dateModified\":\"2025-05-27T09:22:22+00:00\",\"description\":\"Automatiza y optimiza tus comunicaciones con integraciones para Salesforce, HubSpot, WhatsApp y m\u00e1s. Compatibilidad total y sincronizaci\u00f3n en tiempo real.\",\"breadcrumb\":{\"@id\":\"https:\/\/indigitall.com\/es\/integraciones\/#breadcrumb\"},\"inLanguage\":\"es\",\"potentialAction\":[{\"@type\":\"ReadAction\",\"target\":[\"https:\/\/indigitall.com\/es\/integraciones\/\"]}]},{\"@type\":\"BreadcrumbList\",\"@id\":\"https:\/\/indigitall.com\/es\/integraciones\/#breadcrumb\",\"itemListElement\":[{\"@type\":\"ListItem\",\"position\":1,\"name\":\"Home\",\"item\":\"https:\/\/indigitall.com\/es\/\"},{\"@type\":\"ListItem\",\"position\":2,\"name\":\"Integraciones\"}]},{\"@type\":\"WebSite\",\"@id\":\"https:\/\/indigitall.com\/es\/#website\",\"url\":\"https:\/\/indigitall.com\/es\/\",\"name\":\"indigitall\",\"description\":\"Because Every Interaction Matters\",\"potentialAction\":[{\"@type\":\"SearchAction\",\"target\":{\"@type\":\"EntryPoint\",\"urlTemplate\":\"https:\/\/indigitall.com\/es\/?s={search_term_string}\"},\"query-input\":{\"@type\":\"PropertyValueSpecification\",\"valueRequired\":true,\"valueName\":\"search_term_string\"}}],\"inLanguage\":\"es\"}]}<\/script>\n<!-- \/ Yoast SEO plugin. -->","yoast_head_json":{"title":"Integraciones Omnicanal | Conecta tus Plataformas con indigitall - indigitall","description":"Automatiza y optimiza tus comunicaciones con integraciones para Salesforce, HubSpot, WhatsApp y m\u00e1s. Compatibilidad total y sincronizaci\u00f3n en tiempo real.","robots":{"index":"index","follow":"follow","max-snippet":"max-snippet:-1","max-image-preview":"max-image-preview:large","max-video-preview":"max-video-preview:-1"},"canonical":"https:\/\/indigitall.com\/es\/integraciones\/","og_locale":"es_ES","og_type":"article","og_title":"Integraciones Omnicanal | Conecta tus Plataformas con indigitall - indigitall","og_description":"Automatiza y optimiza tus comunicaciones con integraciones para Salesforce, HubSpot, WhatsApp y m\u00e1s. Compatibilidad total y sincronizaci\u00f3n en tiempo real.","og_url":"https:\/\/indigitall.com\/es\/integraciones\/","og_site_name":"indigitall","article_modified_time":"2025-05-27T09:22:22+00:00","twitter_card":"summary_large_image","schema":{"@context":"https:\/\/schema.org","@graph":[{"@type":"WebPage","@id":"https:\/\/indigitall.com\/es\/integraciones\/","url":"https:\/\/indigitall.com\/es\/integraciones\/","name":"Integraciones Omnicanal | Conecta tus Plataformas con indigitall - indigitall","isPartOf":{"@id":"https:\/\/indigitall.com\/es\/#website"},"datePublished":"2025-05-08T20:50:55+00:00","dateModified":"2025-05-27T09:22:22+00:00","description":"Automatiza y optimiza tus comunicaciones con integraciones para Salesforce, HubSpot, WhatsApp y m\u00e1s. Compatibilidad total y sincronizaci\u00f3n en tiempo real.","breadcrumb":{"@id":"https:\/\/indigitall.com\/es\/integraciones\/#breadcrumb"},"inLanguage":"es","potentialAction":[{"@type":"ReadAction","target":["https:\/\/indigitall.com\/es\/integraciones\/"]}]},{"@type":"BreadcrumbList","@id":"https:\/\/indigitall.com\/es\/integraciones\/#breadcrumb","itemListElement":[{"@type":"ListItem","position":1,"name":"Home","item":"https:\/\/indigitall.com\/es\/"},{"@type":"ListItem","position":2,"name":"Integraciones"}]},{"@type":"WebSite","@id":"https:\/\/indigitall.com\/es\/#website","url":"https:\/\/indigitall.com\/es\/","name":"indigitall","description":"Because Every Interaction Matters","potentialAction":[{"@type":"SearchAction","target":{"@type":"EntryPoint","urlTemplate":"https:\/\/indigitall.com\/es\/?s={search_term_string}"},"query-input":{"@type":"PropertyValueSpecification","valueRequired":true,"valueName":"search_term_string"}}],"inLanguage":"es"}]}},"_links":{"self":[{"href":"https:\/\/indigitall.com\/es\/wp-json\/wp\/v2\/pages\/3418","targetHints":{"allow":["GET"]}}],"collection":[{"href":"https:\/\/indigitall.com\/es\/wp-json\/wp\/v2\/pages"}],"about":[{"href":"https:\/\/indigitall.com\/es\/wp-json\/wp\/v2\/types\/page"}],"author":[{"embeddable":true,"href":"https:\/\/indigitall.com\/es\/wp-json\/wp\/v2\/users\/3"}],"replies":[{"embeddable":true,"href":"https:\/\/indigitall.com\/es\/wp-json\/wp\/v2\/comments?post=3418"}],"version-history":[{"count":2,"href":"https:\/\/indigitall.com\/es\/wp-json\/wp\/v2\/pages\/3418\/revisions"}],"predecessor-version":[{"id":7814,"href":"https:\/\/indigitall.com\/es\/wp-json\/wp\/v2\/pages\/3418\/revisions\/7814"}],"wp:attachment":[{"href":"https:\/\/indigitall.com\/es\/wp-json\/wp\/v2\/media?parent=3418"}],"curies":[{"name":"wp","href":"https:\/\/api.w.org\/{rel}","templated":true}]}}