{"id":3414,"date":"2025-03-24T11:21:41","date_gmt":"2025-03-24T11:21:41","guid":{"rendered":"https:\/\/indigitall.com\/?page_id=3414"},"modified":"2026-02-25T17:59:55","modified_gmt":"2026-02-25T17:59:55","slug":"blog","status":"publish","type":"page","link":"https:\/\/indigitall.com\/es\/blog\/","title":{"rendered":"Blog"},"content":{"rendered":"","protected":false},"excerpt":{"rendered":"","protected":false},"author":3,"featured_media":0,"parent":0,"menu_order":0,"comment_status":"closed","ping_status":"closed","template":"","meta":{"_acf_changed":false},"class_list":["post-3414","page","type-page","status-publish","hentry"],"acf":{"flexible_content":[{"acf_fc_layout":"hero_page","background_type":"image","dark_filter":0,"background_image":2648,"background_image_mobile":2645,"background_video":null,"background_video_mobile":null,"pretitle":"Blog","pretitle_font_size":"","title":"Descubre las \u00faltimas \r\nnovedades en \r\nel mundo del marketing","title_font_size":"","subtitle":"","subtitle_font_size":"","button_1":null,"button_2":null,"icon_button_2":null,"download_ebook":false,"ebook_title":"","extra_content":"none","title_cards":"","cards":null,"brands_custom_background_color":false,"brands_background_color":"","custom_brands":false,"brands":null},{"acf_fc_layout":"slider_big_cards","pretitle":"","title":"","link":null,"cards":[{"card_type":"story","background_type":"image","background":14315,"background_mobile":14308,"logo":null,"link":{"title":"Leer el art\u00edculo","url":"https:\/\/indigitall.com\/es\/blog\/conoce-indigitall-omni-ia-la-inteligencia-detras-de-cada-interaccion\/","target":"_blank"},"pretitle":"","title":"","text":"Conoce indigitall Omni IA: La inteligencia detr\u00e1s de cada interacci\u00f3n perfecta\r\n","footer_text":"LA PR\u00d3XIMA GENERACI\u00d3N DE IA","card_title":"","card_text":""}]},{"acf_fc_layout":"grid_blog_posts","title":"Explora nuestros art\u00edculos","newsletter_title":"Suscr\u00edbete a\r\nnuestro bolet\u00edn","newsletter_text":"Recibe nuestros boletines con toda la informaci\u00f3n y novedades sobre nuestros productos y funcionalidades.","newsletter_form_shortcode":"[contact-form-7 id=\"a59db07\" title=\"Newsletter Form ES\"]"}],"hide_slider_blog":true,"slider_blog_custom_tag":null,"hide_mobile_fixed_buttons":false,"mobile_fixed_button_1":null,"mobile_fixed_button_2":null,"icon_mobile_fixed_button_2":"","download_ebook":false,"ebook_title":""},"yoast_head":"<!-- This site is optimized with the Yoast SEO plugin v27.1.1 - https:\/\/yoast.com\/product\/yoast-seo-wordpress\/ -->\n<title>Blog de Marketing Digital | Noticias, IA y Omnicanal- indigitall<\/title>\n<meta name=\"description\" content=\"Mantente actualizado con las estrategias, casos de \u00e9xito e innovaciones que est\u00e1n transformando el marketing. \u00a1Descubre insights clave para tu negocio!\" \/>\n<meta name=\"robots\" content=\"index, follow, max-snippet:-1, max-image-preview:large, max-video-preview:-1\" \/>\n<link rel=\"canonical\" href=\"https:\/\/indigitall.com\/es\/blog\/\" \/>\n<meta property=\"og:locale\" content=\"es_ES\" \/>\n<meta property=\"og:type\" content=\"article\" \/>\n<meta property=\"og:title\" content=\"Blog de Marketing Digital | Noticias, IA y Omnicanal- indigitall\" \/>\n<meta property=\"og:description\" content=\"Mantente actualizado con las estrategias, casos de \u00e9xito e innovaciones que est\u00e1n transformando el marketing. \u00a1Descubre insights clave para tu negocio!\" \/>\n<meta property=\"og:url\" content=\"https:\/\/indigitall.com\/es\/blog\/\" \/>\n<meta property=\"og:site_name\" content=\"indigitall\" \/>\n<meta property=\"article:modified_time\" content=\"2026-02-25T17:59:55+00:00\" \/>\n<meta name=\"twitter:card\" content=\"summary_large_image\" \/>\n<script type=\"application\/ld+json\" class=\"yoast-schema-graph\">{\"@context\":\"https:\/\/schema.org\",\"@graph\":[{\"@type\":\"WebPage\",\"@id\":\"https:\/\/indigitall.com\/es\/blog\/\",\"url\":\"https:\/\/indigitall.com\/es\/blog\/\",\"name\":\"Blog de Marketing Digital | Noticias, IA y Omnicanal- indigitall\",\"isPartOf\":{\"@id\":\"https:\/\/indigitall.com\/es\/#website\"},\"datePublished\":\"2025-03-24T11:21:41+00:00\",\"dateModified\":\"2026-02-25T17:59:55+00:00\",\"description\":\"Mantente actualizado con las estrategias, casos de \u00e9xito e innovaciones que est\u00e1n transformando el marketing. \u00a1Descubre insights clave para tu negocio!\",\"breadcrumb\":{\"@id\":\"https:\/\/indigitall.com\/es\/blog\/#breadcrumb\"},\"inLanguage\":\"es\",\"potentialAction\":[{\"@type\":\"ReadAction\",\"target\":[\"https:\/\/indigitall.com\/es\/blog\/\"]}]},{\"@type\":\"BreadcrumbList\",\"@id\":\"https:\/\/indigitall.com\/es\/blog\/#breadcrumb\",\"itemListElement\":[{\"@type\":\"ListItem\",\"position\":1,\"name\":\"Home\",\"item\":\"https:\/\/indigitall.com\/es\/\"},{\"@type\":\"ListItem\",\"position\":2,\"name\":\"Blog\"}]},{\"@type\":\"WebSite\",\"@id\":\"https:\/\/indigitall.com\/es\/#website\",\"url\":\"https:\/\/indigitall.com\/es\/\",\"name\":\"indigitall\",\"description\":\"Because Every Interaction Matters\",\"potentialAction\":[{\"@type\":\"SearchAction\",\"target\":{\"@type\":\"EntryPoint\",\"urlTemplate\":\"https:\/\/indigitall.com\/es\/?s={search_term_string}\"},\"query-input\":{\"@type\":\"PropertyValueSpecification\",\"valueRequired\":true,\"valueName\":\"search_term_string\"}}],\"inLanguage\":\"es\"}]}<\/script>\n<!-- \/ Yoast SEO plugin. -->","yoast_head_json":{"title":"Blog de Marketing Digital | Noticias, IA y Omnicanal- indigitall","description":"Mantente actualizado con las estrategias, casos de \u00e9xito e innovaciones que est\u00e1n transformando el marketing. \u00a1Descubre insights clave para tu negocio!","robots":{"index":"index","follow":"follow","max-snippet":"max-snippet:-1","max-image-preview":"max-image-preview:large","max-video-preview":"max-video-preview:-1"},"canonical":"https:\/\/indigitall.com\/es\/blog\/","og_locale":"es_ES","og_type":"article","og_title":"Blog de Marketing Digital | Noticias, IA y Omnicanal- indigitall","og_description":"Mantente actualizado con las estrategias, casos de \u00e9xito e innovaciones que est\u00e1n transformando el marketing. \u00a1Descubre insights clave para tu negocio!","og_url":"https:\/\/indigitall.com\/es\/blog\/","og_site_name":"indigitall","article_modified_time":"2026-02-25T17:59:55+00:00","twitter_card":"summary_large_image","schema":{"@context":"https:\/\/schema.org","@graph":[{"@type":"WebPage","@id":"https:\/\/indigitall.com\/es\/blog\/","url":"https:\/\/indigitall.com\/es\/blog\/","name":"Blog de Marketing Digital | Noticias, IA y Omnicanal- indigitall","isPartOf":{"@id":"https:\/\/indigitall.com\/es\/#website"},"datePublished":"2025-03-24T11:21:41+00:00","dateModified":"2026-02-25T17:59:55+00:00","description":"Mantente actualizado con las estrategias, casos de \u00e9xito e innovaciones que est\u00e1n transformando el marketing. \u00a1Descubre insights clave para tu negocio!","breadcrumb":{"@id":"https:\/\/indigitall.com\/es\/blog\/#breadcrumb"},"inLanguage":"es","potentialAction":[{"@type":"ReadAction","target":["https:\/\/indigitall.com\/es\/blog\/"]}]},{"@type":"BreadcrumbList","@id":"https:\/\/indigitall.com\/es\/blog\/#breadcrumb","itemListElement":[{"@type":"ListItem","position":1,"name":"Home","item":"https:\/\/indigitall.com\/es\/"},{"@type":"ListItem","position":2,"name":"Blog"}]},{"@type":"WebSite","@id":"https:\/\/indigitall.com\/es\/#website","url":"https:\/\/indigitall.com\/es\/","name":"indigitall","description":"Because Every Interaction Matters","potentialAction":[{"@type":"SearchAction","target":{"@type":"EntryPoint","urlTemplate":"https:\/\/indigitall.com\/es\/?s={search_term_string}"},"query-input":{"@type":"PropertyValueSpecification","valueRequired":true,"valueName":"search_term_string"}}],"inLanguage":"es"}]}},"_links":{"self":[{"href":"https:\/\/indigitall.com\/es\/wp-json\/wp\/v2\/pages\/3414","targetHints":{"allow":["GET"]}}],"collection":[{"href":"https:\/\/indigitall.com\/es\/wp-json\/wp\/v2\/pages"}],"about":[{"href":"https:\/\/indigitall.com\/es\/wp-json\/wp\/v2\/types\/page"}],"author":[{"embeddable":true,"href":"https:\/\/indigitall.com\/es\/wp-json\/wp\/v2\/users\/3"}],"replies":[{"embeddable":true,"href":"https:\/\/indigitall.com\/es\/wp-json\/wp\/v2\/comments?post=3414"}],"version-history":[{"count":6,"href":"https:\/\/indigitall.com\/es\/wp-json\/wp\/v2\/pages\/3414\/revisions"}],"predecessor-version":[{"id":14319,"href":"https:\/\/indigitall.com\/es\/wp-json\/wp\/v2\/pages\/3414\/revisions\/14319"}],"wp:attachment":[{"href":"https:\/\/indigitall.com\/es\/wp-json\/wp\/v2\/media?parent=3414"}],"curies":[{"name":"wp","href":"https:\/\/api.w.org\/{rel}","templated":true}]}}