{"id":3410,"date":"2025-05-08T20:19:41","date_gmt":"2025-05-08T20:19:41","guid":{"rendered":"https:\/\/indigitall.com\/?page_id=3410"},"modified":"2025-06-04T20:37:17","modified_gmt":"2025-06-04T20:37:17","slug":"casos-de-exito","status":"publish","type":"page","link":"https:\/\/indigitall.com\/es\/casos-de-exito\/","title":{"rendered":"Casos de \u00c9xito"},"content":{"rendered":"","protected":false},"excerpt":{"rendered":"","protected":false},"author":3,"featured_media":0,"parent":0,"menu_order":0,"comment_status":"closed","ping_status":"closed","template":"","meta":{"_acf_changed":false},"class_list":["post-3410","page","type-page","status-publish","hentry"],"acf":{"flexible_content":[{"acf_fc_layout":"hero_page","background_type":"image","dark_filter":0,"background_image":1996,"background_image_mobile":1993,"background_video":null,"background_video_mobile":null,"pretitle":"Casos de \u00c9xito","pretitle_font_size":"","title":"Historias que inspiran: \r\nEl \u00e9xito de los \r\nl\u00edderes industriales\r\n\r\n","title_font_size":"","subtitle":"","subtitle_font_size":"","button_1":null,"button_2":null,"icon_button_2":null,"download_ebook":false,"ebook_title":"","extra_content":"none","title_cards":"","cards":null,"brands_custom_background_color":false,"brands_background_color":"","custom_brands":false,"brands":null},{"acf_fc_layout":"slider_big_cards","pretitle":"","title":"","link":null,"cards":[{"card_type":"story","background_type":"image","background":2029,"background_mobile":2029,"logo":null,"link":{"title":"Casa del libro contin\u00faa su transformaci\u00f3n digital con indigitall","url":"https:\/\/indigitall.com\/es\/success-stories\/casa-del-libro-continua-su-transformacion-digital-con-indigitall\/","target":""},"pretitle":"","title":"","text":"Casa del libro contin\u00faa su transformaci\u00f3n digital con indigitall","footer_text":"DESTACADO - RETAIL - 2025","card_title":"","card_text":""},{"card_type":"story","background_type":"image","background":5289,"background_mobile":5297,"logo":null,"link":{"title":"Caso de \u00e9xito en banca: push cifradas & WiZink","url":"https:\/\/indigitall.com\/es\/success-stories\/wizink-banca-push-cifradas\/","target":""},"pretitle":"","title":"","text":"Caso de \u00e9xito en banca: push cifradas & WiZink","footer_text":"DESTACADO - BANC\u00c1RIO- 2025","card_title":"","card_text":""}]},{"acf_fc_layout":"grid_success_stories","title":"Explora nuestras estrategias en acci\u00f3n"},{"acf_fc_layout":"slider_big_cards","pretitle":"testimonios","title":"Confiado por empresas \r\nde todo o mundo","link":null,"cards":[{"card_type":"default","background_type":"image","background":2924,"background_mobile":2927,"logo":null,"link":null,"pretitle":"","title":"","text":"\"Llevo cinco a\u00f1os usando indigitall y solo puedo recomendarlo a cualquier profesional del marketing. Es una herramienta fundamental en nuestras operaciones diarias para comunicarnos e interactuar con toda nuestra audiencia.\"","footer_text":"Marcos Fern\u00e1ndez - Gerente de Redes Sociales","card_title":"","card_text":""},{"card_type":"default","background_type":"image","background":5619,"background_mobile":5628,"logo":null,"link":null,"pretitle":"","title":"","text":"\"La plataforma de indigitall nos ha ayudado a construir una soluci\u00f3n personalizada para aumentar la satisfacci\u00f3n y el LTV a trav\u00e9s de WhatsApp.\"","footer_text":"Pol Fisas - Director Digital - Incapto","card_title":"20%","card_text":"Reducci\u00f3n en los Costos Operativos del Servicio al Cliente"},{"card_type":"default","background_type":"image","background":2769,"background_mobile":2772,"logo":null,"link":null,"pretitle":"","title":"","text":"\"Lo mejor de indigitall es la cercan\u00eda; las personas con las que hablamos siempre est\u00e1n ah\u00ed para lo que necesitamos. La interfaz es muy sencilla y f\u00e1cil de usar, lo que facilita el trabajo. Es una herramienta dise\u00f1ada para el usuario.\"","footer_text":"Jordi Aymar - CMO en Proclinic Group","card_title":"","card_text":""},{"card_type":"default","background_type":"image","background":2803,"background_mobile":2806,"logo":null,"link":null,"pretitle":"","title":"","text":"\"indigitall mejor\u00f3 la experiencia de nuestros clientes con el desarrollo de un potente bot de WhatsApp. Desde que lo implementamos, las llamadas a nuestro servicio al cliente han disminuido, y la satisfacci\u00f3n del cliente aument\u00f3 gracias a este nuevo canal de servicio. Su soporte siempre resuelve los problemas de manera r\u00e1pida y efectiva.\"","footer_text":"Igor L\u00f3pez-Luna - Gerente de Servicio al Cliente - Wible","card_title":"","card_text":""}]},{"acf_fc_layout":"the_indigitall_way"}],"hide_slider_blog":false,"slider_blog_custom_tag":null,"hide_mobile_fixed_buttons":false,"mobile_fixed_button_1":null,"mobile_fixed_button_2":null,"icon_mobile_fixed_button_2":"","download_ebook":false,"ebook_title":""},"yoast_head":"<!-- This site is optimized with the Yoast SEO plugin v27.1.1 - https:\/\/yoast.com\/product\/yoast-seo-wordpress\/ -->\n<title>Casos de \u00c9xito: L\u00edderes Industriales Transformando su Comunicaci\u00f3n Digital - indigitall<\/title>\n<meta name=\"description\" content=\"Descubre c\u00f3mo marcas l\u00edderes optimizan engagement y ventas con nuestra plataforma. Resultados reales en retail, banca y m\u00e1s. \u00a1Conoce sus historias!\" \/>\n<meta name=\"robots\" content=\"index, follow, max-snippet:-1, max-image-preview:large, max-video-preview:-1\" \/>\n<link rel=\"canonical\" href=\"https:\/\/indigitall.com\/es\/casos-de-exito\/\" \/>\n<meta property=\"og:locale\" content=\"es_ES\" \/>\n<meta property=\"og:type\" content=\"article\" \/>\n<meta property=\"og:title\" content=\"Casos de \u00c9xito: L\u00edderes Industriales Transformando su Comunicaci\u00f3n Digital - indigitall\" \/>\n<meta property=\"og:description\" content=\"Descubre c\u00f3mo marcas l\u00edderes optimizan engagement y ventas con nuestra plataforma. Resultados reales en retail, banca y m\u00e1s. \u00a1Conoce sus historias!\" \/>\n<meta property=\"og:url\" content=\"https:\/\/indigitall.com\/es\/casos-de-exito\/\" \/>\n<meta property=\"og:site_name\" content=\"indigitall\" \/>\n<meta property=\"article:modified_time\" content=\"2025-06-04T20:37:17+00:00\" \/>\n<meta name=\"twitter:card\" content=\"summary_large_image\" \/>\n<script type=\"application\/ld+json\" class=\"yoast-schema-graph\">{\"@context\":\"https:\/\/schema.org\",\"@graph\":[{\"@type\":\"WebPage\",\"@id\":\"https:\/\/indigitall.com\/es\/casos-de-exito\/\",\"url\":\"https:\/\/indigitall.com\/es\/casos-de-exito\/\",\"name\":\"Casos de \u00c9xito: L\u00edderes Industriales Transformando su Comunicaci\u00f3n Digital - indigitall\",\"isPartOf\":{\"@id\":\"https:\/\/indigitall.com\/es\/#website\"},\"datePublished\":\"2025-05-08T20:19:41+00:00\",\"dateModified\":\"2025-06-04T20:37:17+00:00\",\"description\":\"Descubre c\u00f3mo marcas l\u00edderes optimizan engagement y ventas con nuestra plataforma. Resultados reales en retail, banca y m\u00e1s. \u00a1Conoce sus historias!\",\"breadcrumb\":{\"@id\":\"https:\/\/indigitall.com\/es\/casos-de-exito\/#breadcrumb\"},\"inLanguage\":\"es\",\"potentialAction\":[{\"@type\":\"ReadAction\",\"target\":[\"https:\/\/indigitall.com\/es\/casos-de-exito\/\"]}]},{\"@type\":\"BreadcrumbList\",\"@id\":\"https:\/\/indigitall.com\/es\/casos-de-exito\/#breadcrumb\",\"itemListElement\":[{\"@type\":\"ListItem\",\"position\":1,\"name\":\"Home\",\"item\":\"https:\/\/indigitall.com\/es\/\"},{\"@type\":\"ListItem\",\"position\":2,\"name\":\"Casos de \u00c9xito\"}]},{\"@type\":\"WebSite\",\"@id\":\"https:\/\/indigitall.com\/es\/#website\",\"url\":\"https:\/\/indigitall.com\/es\/\",\"name\":\"indigitall\",\"description\":\"Because Every Interaction Matters\",\"potentialAction\":[{\"@type\":\"SearchAction\",\"target\":{\"@type\":\"EntryPoint\",\"urlTemplate\":\"https:\/\/indigitall.com\/es\/?s={search_term_string}\"},\"query-input\":{\"@type\":\"PropertyValueSpecification\",\"valueRequired\":true,\"valueName\":\"search_term_string\"}}],\"inLanguage\":\"es\"}]}<\/script>\n<!-- \/ Yoast SEO plugin. -->","yoast_head_json":{"title":"Casos de \u00c9xito: L\u00edderes Industriales Transformando su Comunicaci\u00f3n Digital - indigitall","description":"Descubre c\u00f3mo marcas l\u00edderes optimizan engagement y ventas con nuestra plataforma. Resultados reales en retail, banca y m\u00e1s. \u00a1Conoce sus historias!","robots":{"index":"index","follow":"follow","max-snippet":"max-snippet:-1","max-image-preview":"max-image-preview:large","max-video-preview":"max-video-preview:-1"},"canonical":"https:\/\/indigitall.com\/es\/casos-de-exito\/","og_locale":"es_ES","og_type":"article","og_title":"Casos de \u00c9xito: L\u00edderes Industriales Transformando su Comunicaci\u00f3n Digital - indigitall","og_description":"Descubre c\u00f3mo marcas l\u00edderes optimizan engagement y ventas con nuestra plataforma. Resultados reales en retail, banca y m\u00e1s. \u00a1Conoce sus historias!","og_url":"https:\/\/indigitall.com\/es\/casos-de-exito\/","og_site_name":"indigitall","article_modified_time":"2025-06-04T20:37:17+00:00","twitter_card":"summary_large_image","schema":{"@context":"https:\/\/schema.org","@graph":[{"@type":"WebPage","@id":"https:\/\/indigitall.com\/es\/casos-de-exito\/","url":"https:\/\/indigitall.com\/es\/casos-de-exito\/","name":"Casos de \u00c9xito: L\u00edderes Industriales Transformando su Comunicaci\u00f3n Digital - indigitall","isPartOf":{"@id":"https:\/\/indigitall.com\/es\/#website"},"datePublished":"2025-05-08T20:19:41+00:00","dateModified":"2025-06-04T20:37:17+00:00","description":"Descubre c\u00f3mo marcas l\u00edderes optimizan engagement y ventas con nuestra plataforma. Resultados reales en retail, banca y m\u00e1s. \u00a1Conoce sus historias!","breadcrumb":{"@id":"https:\/\/indigitall.com\/es\/casos-de-exito\/#breadcrumb"},"inLanguage":"es","potentialAction":[{"@type":"ReadAction","target":["https:\/\/indigitall.com\/es\/casos-de-exito\/"]}]},{"@type":"BreadcrumbList","@id":"https:\/\/indigitall.com\/es\/casos-de-exito\/#breadcrumb","itemListElement":[{"@type":"ListItem","position":1,"name":"Home","item":"https:\/\/indigitall.com\/es\/"},{"@type":"ListItem","position":2,"name":"Casos de \u00c9xito"}]},{"@type":"WebSite","@id":"https:\/\/indigitall.com\/es\/#website","url":"https:\/\/indigitall.com\/es\/","name":"indigitall","description":"Because Every Interaction Matters","potentialAction":[{"@type":"SearchAction","target":{"@type":"EntryPoint","urlTemplate":"https:\/\/indigitall.com\/es\/?s={search_term_string}"},"query-input":{"@type":"PropertyValueSpecification","valueRequired":true,"valueName":"search_term_string"}}],"inLanguage":"es"}]}},"_links":{"self":[{"href":"https:\/\/indigitall.com\/es\/wp-json\/wp\/v2\/pages\/3410","targetHints":{"allow":["GET"]}}],"collection":[{"href":"https:\/\/indigitall.com\/es\/wp-json\/wp\/v2\/pages"}],"about":[{"href":"https:\/\/indigitall.com\/es\/wp-json\/wp\/v2\/types\/page"}],"author":[{"embeddable":true,"href":"https:\/\/indigitall.com\/es\/wp-json\/wp\/v2\/users\/3"}],"replies":[{"embeddable":true,"href":"https:\/\/indigitall.com\/es\/wp-json\/wp\/v2\/comments?post=3410"}],"version-history":[{"count":4,"href":"https:\/\/indigitall.com\/es\/wp-json\/wp\/v2\/pages\/3410\/revisions"}],"predecessor-version":[{"id":8228,"href":"https:\/\/indigitall.com\/es\/wp-json\/wp\/v2\/pages\/3410\/revisions\/8228"}],"wp:attachment":[{"href":"https:\/\/indigitall.com\/es\/wp-json\/wp\/v2\/media?parent=3410"}],"curies":[{"name":"wp","href":"https:\/\/api.w.org\/{rel}","templated":true}]}}