{"id":3408,"date":"2025-05-08T20:16:13","date_gmt":"2025-05-08T20:16:13","guid":{"rendered":"https:\/\/indigitall.com\/?page_id=3408"},"modified":"2025-05-27T09:33:57","modified_gmt":"2025-05-27T09:33:57","slug":"sobre-nosotros","status":"publish","type":"page","link":"https:\/\/indigitall.com\/es\/sobre-nosotros\/","title":{"rendered":"Sobre Nosotros"},"content":{"rendered":"","protected":false},"excerpt":{"rendered":"","protected":false},"author":3,"featured_media":0,"parent":0,"menu_order":0,"comment_status":"closed","ping_status":"closed","template":"","meta":{"_acf_changed":false},"class_list":["post-3408","page","type-page","status-publish","hentry"],"acf":{"flexible_content":[{"acf_fc_layout":"hero_page","background_type":"image","dark_filter":0,"background_image":1840,"background_image_mobile":1837,"background_video":null,"background_video_mobile":null,"pretitle":"Sobre nosotros","pretitle_font_size":"","title":"Porque cada\r\ninteracci\u00f3n cuenta","title_font_size":"","subtitle":"","subtitle_font_size":"","button_1":null,"button_2":null,"icon_button_2":null,"download_ebook":false,"ebook_title":"","extra_content":"none","title_cards":"","cards":null,"brands_custom_background_color":false,"brands_background_color":"","custom_brands":false,"brands":null},{"acf_fc_layout":"text_icons","text":"<strong>indigitall\u00ae<\/strong>\u00a0naci\u00f3 con la\u00a0<img class=\"alignnone size-full wp-image-1842\" src=\"https:\/\/indigitall.com\/wp-content\/uploads\/2025\/04\/icon-person.webp\" alt=\"\" width=\"60\" height=\"60\" \/> misi\u00f3n de traspasar fronteras digitales y adaptar cada campa\u00f1a de marketing\u00a0<img class=\"alignnone size-full wp-image-1804\" src=\"https:\/\/indigitall.com\/wp-content\/uploads\/2025\/04\/icon-heart.svg\" alt=\"\" width=\"36\" height=\"36\" \/> a las preferencias individuales de los clientes en todos sus canales digitales, gracias a su propia inteligencia artificial, garantizando interacciones relevantes <img class=\"alignnone size-full wp-image-1807\" src=\"https:\/\/indigitall.com\/wp-content\/uploads\/2025\/04\/icon-ok.svg\" alt=\"\" width=\"36\" height=\"36\" \/> \u00a0y efectivas.","link":null},{"acf_fc_layout":"slider_cards","pretitle":"VALORES","link":null,"title":"Los principios que nos gu\u00edan","text":"","card_size":"big","logo_size":"normal","cards":[{"icon":1854,"title":"Innovaci\u00f3n","text":"<p class=\"ds-markdown-paragraph\">Desarrollo e implementaci\u00f3n de soluciones vanguardistas impulsadas por inteligencia artificial.<\/p>","link":null},{"icon":1851,"title":"Transformaci\u00f3n Digital","text":"<p class=\"ds-markdown-paragraph\">Acompa\u00f1amos a las empresas en su transici\u00f3n hacia estrategias modernas y automatizadas.<\/p>","link":null},{"icon":1848,"title":"Enfoque en el Cliente","text":"Priorizamos comunicaciones que mejoran la participaci\u00f3n y satisfacci\u00f3n del usuario.","link":null}]},{"acf_fc_layout":"slider_big_cards","pretitle":"NUESTRO COMPROMISO","title":"Lo que nos define\r\n\r\n","link":null,"cards":[{"card_type":"default","background_type":"image","background":1864,"background_mobile":1946,"logo":null,"link":null,"pretitle":"GLOBAL","title":"Diversidad","text":"La incorporaci\u00f3n de mujeres profesionales y la diversidad en g\u00e9nero, edad, origen \u00e9tnico-cultural, ideolog\u00eda y orientaci\u00f3n sexual son se\u00f1as distintivas de indigitall y esenciales para nuestro \u00e9xito, reflejando el mercado global en el que operamos.\r\n\r\n","footer_text":"","card_title":"","card_text":""},{"card_type":"default","background_type":"image","background":2405,"background_mobile":null,"logo":null,"link":null,"pretitle":"FUTURO","title":"Sostenibilidad\r\n","text":"Implementamos medidas eco-responsables como la digitalizaci\u00f3n de materiales (reduciendo el uso de papel), reciclaje selectivo en oficinas y uso de productos biodegradables.\r\n\r\n","footer_text":"","card_title":"","card_text":""},{"card_type":"default","background_type":"image","background":2408,"background_mobile":null,"logo":null,"link":null,"pretitle":"FLEXIBILIDAD","title":"Equilibrio vida-trabajo\r\n","text":"Promovemos el bienestar y salud mental de nuestro equipo mediante apoyo a actividades deportivas federadas, colaboraci\u00f3n con ONGs y desarrollo de relaciones sociales.\r\n\r\n","footer_text":"","card_title":"","card_text":""}]},{"acf_fc_layout":"slider_cards","pretitle":"LOGROS","link":null,"title":"Nuestros reconocimientos en innovaci\u00f3n y tecnolog\u00eda reflejan el esfuerzo y dedicaci\u00f3n del equipo indigitall.\r\n\r\n","text":"","card_size":"big","logo_size":"normal","cards":[{"icon":1868,"title":"Enisa","text":"Proyecto financiado por el Ministerio de Industria, Comercio y Turismo de Espa\u00f1a","link":null},{"icon":1877,"title":"CDTI","text":"<strong>Plataforma Customer Communication Cloud<\/strong>\r\n\r\nAval del Ministerio de Ciencia e Innovaci\u00f3n a nuestros proyectos de IA","link":null},{"icon":1874,"title":"ISO","text":"Certificaci\u00f3n ISO 27001 en Seguridad de la Informaci\u00f3n","link":null},{"icon":1871,"title":"Innovative \r\nSME","text":"Reconocimiento del Ministerio de Ciencia, Innovaci\u00f3n y Universidades","link":null}]},{"acf_fc_layout":"our_team","pretitle":"NUESTRO EQUIPO","title":"Un equipo excepcional a tu servicio","link":{"title":"\u00danete a nuestro equipo","url":"https:\/\/jobs.indigitall.com\/","target":"_blank"},"members":[{"image":7426,"name":"Juan Carlos de la Vela","position":"CEO y Cofundador","x_url":"","linkedin_url":"https:\/\/www.linkedin.com\/in\/juancvela\/"},{"image":2441,"name":"Xavier Omella","position":"Cofundador","x_url":"","linkedin_url":"https:\/\/www.linkedin.com\/in\/xavier-omella-2480109\/"},{"image":2438,"name":"Marcos Fort\u00fan","position":"Director de Tecnolog\u00eda (CTO)","x_url":"","linkedin_url":"https:\/\/www.linkedin.com\/in\/marcos-fort%C3%BAn-5a5771133\/"},{"image":2432,"name":"Josh Rice","position":"Director de Marketing","x_url":"","linkedin_url":"https:\/\/www.linkedin.com\/in\/joshrice1\/"},{"image":2429,"name":"I\u00f1aki Iturbide","position":"Gerente de Relaciones con Clientes","x_url":"","linkedin_url":"https:\/\/www.linkedin.com\/in\/ignacioiturbide\/"}]},{"acf_fc_layout":"slider_offices"}],"hide_slider_blog":true,"slider_blog_custom_tag":null,"hide_mobile_fixed_buttons":false,"mobile_fixed_button_1":null,"mobile_fixed_button_2":null,"icon_mobile_fixed_button_2":"","download_ebook":false,"ebook_title":""},"yoast_head":"<!-- This site is optimized with the Yoast SEO plugin v27.1.1 - https:\/\/yoast.com\/product\/yoast-seo-wordpress\/ -->\n<title>indigitall\u00ae: Comunicaci\u00f3n Digital Inteligente con IA | Valores y Equipo<\/title>\n<meta name=\"description\" content=\"Descubre c\u00f3mo indigitall usa IA para personalizar interacciones digitales. Innovaci\u00f3n, diversidad y sostenibilidad en cada campa\u00f1a. Conoce nuestro equipo.\" \/>\n<meta name=\"robots\" content=\"index, follow, max-snippet:-1, max-image-preview:large, max-video-preview:-1\" \/>\n<link rel=\"canonical\" href=\"https:\/\/indigitall.com\/es\/sobre-nosotros\/\" \/>\n<meta property=\"og:locale\" content=\"es_ES\" \/>\n<meta property=\"og:type\" content=\"article\" \/>\n<meta property=\"og:title\" content=\"indigitall\u00ae: Comunicaci\u00f3n Digital Inteligente con IA | Valores y Equipo\" \/>\n<meta property=\"og:description\" content=\"Descubre c\u00f3mo indigitall usa IA para personalizar interacciones digitales. Innovaci\u00f3n, diversidad y sostenibilidad en cada campa\u00f1a. Conoce nuestro equipo.\" \/>\n<meta property=\"og:url\" content=\"https:\/\/indigitall.com\/es\/sobre-nosotros\/\" \/>\n<meta property=\"og:site_name\" content=\"indigitall\" \/>\n<meta property=\"article:modified_time\" content=\"2025-05-27T09:33:57+00:00\" \/>\n<meta name=\"twitter:card\" content=\"summary_large_image\" \/>\n<script type=\"application\/ld+json\" class=\"yoast-schema-graph\">{\"@context\":\"https:\/\/schema.org\",\"@graph\":[{\"@type\":\"WebPage\",\"@id\":\"https:\/\/indigitall.com\/es\/sobre-nosotros\/\",\"url\":\"https:\/\/indigitall.com\/es\/sobre-nosotros\/\",\"name\":\"indigitall\u00ae: Comunicaci\u00f3n Digital Inteligente con IA | Valores y Equipo\",\"isPartOf\":{\"@id\":\"https:\/\/indigitall.com\/es\/#website\"},\"datePublished\":\"2025-05-08T20:16:13+00:00\",\"dateModified\":\"2025-05-27T09:33:57+00:00\",\"description\":\"Descubre c\u00f3mo indigitall usa IA para personalizar interacciones digitales. Innovaci\u00f3n, diversidad y sostenibilidad en cada campa\u00f1a. Conoce nuestro equipo.\",\"breadcrumb\":{\"@id\":\"https:\/\/indigitall.com\/es\/sobre-nosotros\/#breadcrumb\"},\"inLanguage\":\"es\",\"potentialAction\":[{\"@type\":\"ReadAction\",\"target\":[\"https:\/\/indigitall.com\/es\/sobre-nosotros\/\"]}]},{\"@type\":\"BreadcrumbList\",\"@id\":\"https:\/\/indigitall.com\/es\/sobre-nosotros\/#breadcrumb\",\"itemListElement\":[{\"@type\":\"ListItem\",\"position\":1,\"name\":\"Home\",\"item\":\"https:\/\/indigitall.com\/es\/\"},{\"@type\":\"ListItem\",\"position\":2,\"name\":\"Sobre Nosotros\"}]},{\"@type\":\"WebSite\",\"@id\":\"https:\/\/indigitall.com\/es\/#website\",\"url\":\"https:\/\/indigitall.com\/es\/\",\"name\":\"indigitall\",\"description\":\"Because Every Interaction Matters\",\"potentialAction\":[{\"@type\":\"SearchAction\",\"target\":{\"@type\":\"EntryPoint\",\"urlTemplate\":\"https:\/\/indigitall.com\/es\/?s={search_term_string}\"},\"query-input\":{\"@type\":\"PropertyValueSpecification\",\"valueRequired\":true,\"valueName\":\"search_term_string\"}}],\"inLanguage\":\"es\"}]}<\/script>\n<!-- \/ Yoast SEO plugin. -->","yoast_head_json":{"title":"indigitall\u00ae: Comunicaci\u00f3n Digital Inteligente con IA | Valores y Equipo","description":"Descubre c\u00f3mo indigitall usa IA para personalizar interacciones digitales. Innovaci\u00f3n, diversidad y sostenibilidad en cada campa\u00f1a. Conoce nuestro equipo.","robots":{"index":"index","follow":"follow","max-snippet":"max-snippet:-1","max-image-preview":"max-image-preview:large","max-video-preview":"max-video-preview:-1"},"canonical":"https:\/\/indigitall.com\/es\/sobre-nosotros\/","og_locale":"es_ES","og_type":"article","og_title":"indigitall\u00ae: Comunicaci\u00f3n Digital Inteligente con IA | Valores y Equipo","og_description":"Descubre c\u00f3mo indigitall usa IA para personalizar interacciones digitales. Innovaci\u00f3n, diversidad y sostenibilidad en cada campa\u00f1a. Conoce nuestro equipo.","og_url":"https:\/\/indigitall.com\/es\/sobre-nosotros\/","og_site_name":"indigitall","article_modified_time":"2025-05-27T09:33:57+00:00","twitter_card":"summary_large_image","schema":{"@context":"https:\/\/schema.org","@graph":[{"@type":"WebPage","@id":"https:\/\/indigitall.com\/es\/sobre-nosotros\/","url":"https:\/\/indigitall.com\/es\/sobre-nosotros\/","name":"indigitall\u00ae: Comunicaci\u00f3n Digital Inteligente con IA | Valores y Equipo","isPartOf":{"@id":"https:\/\/indigitall.com\/es\/#website"},"datePublished":"2025-05-08T20:16:13+00:00","dateModified":"2025-05-27T09:33:57+00:00","description":"Descubre c\u00f3mo indigitall usa IA para personalizar interacciones digitales. Innovaci\u00f3n, diversidad y sostenibilidad en cada campa\u00f1a. Conoce nuestro equipo.","breadcrumb":{"@id":"https:\/\/indigitall.com\/es\/sobre-nosotros\/#breadcrumb"},"inLanguage":"es","potentialAction":[{"@type":"ReadAction","target":["https:\/\/indigitall.com\/es\/sobre-nosotros\/"]}]},{"@type":"BreadcrumbList","@id":"https:\/\/indigitall.com\/es\/sobre-nosotros\/#breadcrumb","itemListElement":[{"@type":"ListItem","position":1,"name":"Home","item":"https:\/\/indigitall.com\/es\/"},{"@type":"ListItem","position":2,"name":"Sobre Nosotros"}]},{"@type":"WebSite","@id":"https:\/\/indigitall.com\/es\/#website","url":"https:\/\/indigitall.com\/es\/","name":"indigitall","description":"Because Every Interaction Matters","potentialAction":[{"@type":"SearchAction","target":{"@type":"EntryPoint","urlTemplate":"https:\/\/indigitall.com\/es\/?s={search_term_string}"},"query-input":{"@type":"PropertyValueSpecification","valueRequired":true,"valueName":"search_term_string"}}],"inLanguage":"es"}]}},"_links":{"self":[{"href":"https:\/\/indigitall.com\/es\/wp-json\/wp\/v2\/pages\/3408","targetHints":{"allow":["GET"]}}],"collection":[{"href":"https:\/\/indigitall.com\/es\/wp-json\/wp\/v2\/pages"}],"about":[{"href":"https:\/\/indigitall.com\/es\/wp-json\/wp\/v2\/types\/page"}],"author":[{"embeddable":true,"href":"https:\/\/indigitall.com\/es\/wp-json\/wp\/v2\/users\/3"}],"replies":[{"embeddable":true,"href":"https:\/\/indigitall.com\/es\/wp-json\/wp\/v2\/comments?post=3408"}],"version-history":[{"count":3,"href":"https:\/\/indigitall.com\/es\/wp-json\/wp\/v2\/pages\/3408\/revisions"}],"predecessor-version":[{"id":7815,"href":"https:\/\/indigitall.com\/es\/wp-json\/wp\/v2\/pages\/3408\/revisions\/7815"}],"wp:attachment":[{"href":"https:\/\/indigitall.com\/es\/wp-json\/wp\/v2\/media?parent=3408"}],"curies":[{"name":"wp","href":"https:\/\/api.w.org\/{rel}","templated":true}]}}