{"id":3399,"date":"2025-03-27T09:59:16","date_gmt":"2025-03-27T09:59:16","guid":{"rendered":"https:\/\/indigitall.com\/?page_id=3399"},"modified":"2026-01-02T19:21:50","modified_gmt":"2026-01-02T19:21:50","slug":"plataforma","status":"publish","type":"page","link":"https:\/\/indigitall.com\/es\/plataforma\/","title":{"rendered":"La Plataforma"},"content":{"rendered":"","protected":false},"excerpt":{"rendered":"","protected":false},"author":3,"featured_media":0,"parent":0,"menu_order":0,"comment_status":"closed","ping_status":"closed","template":"","meta":{"_acf_changed":false},"class_list":["post-3399","page","type-page","status-publish","hentry"],"acf":{"flexible_content":[{"acf_fc_layout":"hero_page","background_type":"image","dark_filter":0,"background_image":5134,"background_image_mobile":5131,"background_video":null,"background_video_mobile":null,"pretitle":"La Plataforma","pretitle_font_size":"","title":"Participaci\u00f3n del Cliente\r\nComo Nunca Antes","title_font_size":"","subtitle":"","subtitle_font_size":"","button_1":{"title":"Demo Gratuita","url":"#getstarted","target":"_blank"},"button_2":{"title":"Watch a demo","url":"#videoPlayer","target":""},"icon_button_2":null,"download_ebook":false,"ebook_title":"","extra_content":"brands","title_cards":"","cards":null,"brands_custom_background_color":false,"brands_background_color":"","custom_brands":false,"brands":null},{"acf_fc_layout":"custom_html","code":"<section id=\"videoPlayer\" class=\"video-player general-section\" data-id=\"6957e705f21a9\">\r\n  <p class=\"pretitle id-text detail semibold uppercase c-terciary\">VIDEO DEMO<\/p>\r\n  <h2 class=\"section-title id-text title\">Explora las Funciones que<br> Impulsan el \u00c9xito en Marketing<\/h2>\r\n  \r\n  <div class=\"video-wrapper\">\r\n    <img \r\n      src=\"https:\/\/indigitall.com\/wp-content\/uploads\/2026\/01\/INDIGITALL_original_esp_v03_animationpanel.gif\" \r\n      alt=\"Marketing platform demo\" \r\n      style=\"width: 100%; height: auto; display: block;\"\r\n      loading=\"lazy\">\r\n  <\/div>\r\n<\/section>"},{"acf_fc_layout":"sections_fixed_images","design":"normal","title":"","link":null,"sections":[{"title":"Recorridos del Cliente Sin Fricciones","subtitle":"","index":"01","text":"Dise\u00f1a y ejecuta experiencias de cliente de extremo a extremo, adaptadas a preferencias y comportamientos individuales.","link":null,"list":[{"item":"Crea recorridos personalizados en m\u00faltiples canales"},{"item":"Usa segmentaci\u00f3n y automatizaci\u00f3n para enviar el mensaje correcto en el momento ideal"},{"item":" Optimiza el engagement con datos en tiempo real y an\u00e1lisis predictivos"}],"tag":"","media_type":"image","image":3401,"image_mobile":null,"video":null,"video_mobile":null},{"title":"Automatizaci\u00f3n de Campa\u00f1as de Marketing","subtitle":"","index":"02","text":"Herramientas con IA para simplificar y potenciar tus flujos de trabajo.","link":null,"list":[{"item":"Automatiza pruebas A\/B, programaci\u00f3n de campa\u00f1as y segmentaci\u00f3n"},{"item":"Prueba variaciones creativas para encontrar los mensajes m\u00e1s efectivos"},{"item":"Enf\u00f3cate en la estrategia mientras la plataforma ejecuta y optimiza"}],"tag":"","media_type":"image","image":1257,"image_mobile":null,"video":null,"video_mobile":null},{"title":"Integraci\u00f3n Perfecta con Tu Ecosistema","subtitle":"","index":"03","text":"Conecta indigitall con tus herramientas existentes para operaciones fluidas.","link":null,"list":[{"item":"Integraci\u00f3n con CRMs como Salesforce y HubSpot para unificar datos"},{"item":"Accede a reportes e insights en tiempo real"},{"item":"Sincronizaci\u00f3n de datos entre plataformas para precisi\u00f3n"}],"tag":"","media_type":"image","image":1254,"image_mobile":null,"video":null,"video_mobile":null},{"title":"Contenido Interactivo que Engancha","subtitle":"","index":"04","text":"Experiencias din\u00e1micas y visualmente atractivas para cautivar a tu audiencia.","link":null,"list":[{"item":"Notificaciones multimedia de alto impacto"},{"item":"Mensajes personalizados por canal con branding consistente"},{"item":"Dest\u00e1cate con push, encuestas y ofertas promocionales"}],"tag":"","media_type":"image","image":3404,"image_mobile":null,"video":null,"video_mobile":null}],"list_collapsed":false},{"acf_fc_layout":"slider_channels","pretitle":"Canales INBOUND y OUTBOUND","title":"Precisi\u00f3n y Conexi\u00f3n\r\nen Cada Punto de Contacto"},{"acf_fc_layout":"the_indigitall_way"}],"hide_slider_blog":true,"slider_blog_custom_tag":null,"hide_mobile_fixed_buttons":false,"mobile_fixed_button_1":{"title":"Empezar ahora","url":"#getstarted","target":"_blank"},"mobile_fixed_button_2":{"title":"Watch a demo","url":"#videoPlayer","target":""},"icon_mobile_fixed_button_2":"","download_ebook":false,"ebook_title":""},"yoast_head":"<!-- This site is optimized with the Yoast SEO plugin v27.1.1 - https:\/\/yoast.com\/product\/yoast-seo-wordpress\/ -->\n<title>Compromiso con el cliente como nunca antes lo hab\u00edas visto - indigitall Overview<\/title>\n<meta name=\"description\" content=\"Explora la plataforma de captaci\u00f3n de clientes de indigitall: omnicanal, automatizaci\u00f3n de IA y personalizaci\u00f3n para aumentar las conversiones. \u00a1Vea c\u00f3mo funciona!\" \/>\n<meta name=\"robots\" content=\"index, follow, max-snippet:-1, max-image-preview:large, max-video-preview:-1\" \/>\n<link rel=\"canonical\" href=\"https:\/\/indigitall.com\/es\/plataforma\/\" \/>\n<meta property=\"og:locale\" content=\"es_ES\" \/>\n<meta property=\"og:type\" content=\"article\" \/>\n<meta property=\"og:title\" content=\"Compromiso con el cliente como nunca antes lo hab\u00edas visto - indigitall Overview\" \/>\n<meta property=\"og:description\" content=\"Explora la plataforma de captaci\u00f3n de clientes de indigitall: omnicanal, automatizaci\u00f3n de IA y personalizaci\u00f3n para aumentar las conversiones. \u00a1Vea c\u00f3mo funciona!\" \/>\n<meta property=\"og:url\" content=\"https:\/\/indigitall.com\/es\/plataforma\/\" \/>\n<meta property=\"og:site_name\" content=\"indigitall\" \/>\n<meta property=\"article:modified_time\" content=\"2026-01-02T19:21:50+00:00\" \/>\n<meta name=\"twitter:card\" content=\"summary_large_image\" \/>\n<script type=\"application\/ld+json\" class=\"yoast-schema-graph\">{\"@context\":\"https:\/\/schema.org\",\"@graph\":[{\"@type\":\"WebPage\",\"@id\":\"https:\/\/indigitall.com\/es\/plataforma\/\",\"url\":\"https:\/\/indigitall.com\/es\/plataforma\/\",\"name\":\"Compromiso con el cliente como nunca antes lo hab\u00edas visto - indigitall Overview\",\"isPartOf\":{\"@id\":\"https:\/\/indigitall.com\/es\/#website\"},\"datePublished\":\"2025-03-27T09:59:16+00:00\",\"dateModified\":\"2026-01-02T19:21:50+00:00\",\"description\":\"Explora la plataforma de captaci\u00f3n de clientes de indigitall: omnicanal, automatizaci\u00f3n de IA y personalizaci\u00f3n para aumentar las conversiones. \u00a1Vea c\u00f3mo funciona!\",\"breadcrumb\":{\"@id\":\"https:\/\/indigitall.com\/es\/plataforma\/#breadcrumb\"},\"inLanguage\":\"es\",\"potentialAction\":[{\"@type\":\"ReadAction\",\"target\":[\"https:\/\/indigitall.com\/es\/plataforma\/\"]}]},{\"@type\":\"BreadcrumbList\",\"@id\":\"https:\/\/indigitall.com\/es\/plataforma\/#breadcrumb\",\"itemListElement\":[{\"@type\":\"ListItem\",\"position\":1,\"name\":\"Home\",\"item\":\"https:\/\/indigitall.com\/es\/\"},{\"@type\":\"ListItem\",\"position\":2,\"name\":\"La Plataforma\"}]},{\"@type\":\"WebSite\",\"@id\":\"https:\/\/indigitall.com\/es\/#website\",\"url\":\"https:\/\/indigitall.com\/es\/\",\"name\":\"indigitall\",\"description\":\"Because Every Interaction Matters\",\"potentialAction\":[{\"@type\":\"SearchAction\",\"target\":{\"@type\":\"EntryPoint\",\"urlTemplate\":\"https:\/\/indigitall.com\/es\/?s={search_term_string}\"},\"query-input\":{\"@type\":\"PropertyValueSpecification\",\"valueRequired\":true,\"valueName\":\"search_term_string\"}}],\"inLanguage\":\"es\"}]}<\/script>\n<!-- \/ Yoast SEO plugin. -->","yoast_head_json":{"title":"Compromiso con el cliente como nunca antes lo hab\u00edas visto - indigitall Overview","description":"Explora la plataforma de captaci\u00f3n de clientes de indigitall: omnicanal, automatizaci\u00f3n de IA y personalizaci\u00f3n para aumentar las conversiones. \u00a1Vea c\u00f3mo funciona!","robots":{"index":"index","follow":"follow","max-snippet":"max-snippet:-1","max-image-preview":"max-image-preview:large","max-video-preview":"max-video-preview:-1"},"canonical":"https:\/\/indigitall.com\/es\/plataforma\/","og_locale":"es_ES","og_type":"article","og_title":"Compromiso con el cliente como nunca antes lo hab\u00edas visto - indigitall Overview","og_description":"Explora la plataforma de captaci\u00f3n de clientes de indigitall: omnicanal, automatizaci\u00f3n de IA y personalizaci\u00f3n para aumentar las conversiones. \u00a1Vea c\u00f3mo funciona!","og_url":"https:\/\/indigitall.com\/es\/plataforma\/","og_site_name":"indigitall","article_modified_time":"2026-01-02T19:21:50+00:00","twitter_card":"summary_large_image","schema":{"@context":"https:\/\/schema.org","@graph":[{"@type":"WebPage","@id":"https:\/\/indigitall.com\/es\/plataforma\/","url":"https:\/\/indigitall.com\/es\/plataforma\/","name":"Compromiso con el cliente como nunca antes lo hab\u00edas visto - indigitall Overview","isPartOf":{"@id":"https:\/\/indigitall.com\/es\/#website"},"datePublished":"2025-03-27T09:59:16+00:00","dateModified":"2026-01-02T19:21:50+00:00","description":"Explora la plataforma de captaci\u00f3n de clientes de indigitall: omnicanal, automatizaci\u00f3n de IA y personalizaci\u00f3n para aumentar las conversiones. \u00a1Vea c\u00f3mo funciona!","breadcrumb":{"@id":"https:\/\/indigitall.com\/es\/plataforma\/#breadcrumb"},"inLanguage":"es","potentialAction":[{"@type":"ReadAction","target":["https:\/\/indigitall.com\/es\/plataforma\/"]}]},{"@type":"BreadcrumbList","@id":"https:\/\/indigitall.com\/es\/plataforma\/#breadcrumb","itemListElement":[{"@type":"ListItem","position":1,"name":"Home","item":"https:\/\/indigitall.com\/es\/"},{"@type":"ListItem","position":2,"name":"La Plataforma"}]},{"@type":"WebSite","@id":"https:\/\/indigitall.com\/es\/#website","url":"https:\/\/indigitall.com\/es\/","name":"indigitall","description":"Because Every Interaction Matters","potentialAction":[{"@type":"SearchAction","target":{"@type":"EntryPoint","urlTemplate":"https:\/\/indigitall.com\/es\/?s={search_term_string}"},"query-input":{"@type":"PropertyValueSpecification","valueRequired":true,"valueName":"search_term_string"}}],"inLanguage":"es"}]}},"_links":{"self":[{"href":"https:\/\/indigitall.com\/es\/wp-json\/wp\/v2\/pages\/3399","targetHints":{"allow":["GET"]}}],"collection":[{"href":"https:\/\/indigitall.com\/es\/wp-json\/wp\/v2\/pages"}],"about":[{"href":"https:\/\/indigitall.com\/es\/wp-json\/wp\/v2\/types\/page"}],"author":[{"embeddable":true,"href":"https:\/\/indigitall.com\/es\/wp-json\/wp\/v2\/users\/3"}],"replies":[{"embeddable":true,"href":"https:\/\/indigitall.com\/es\/wp-json\/wp\/v2\/comments?post=3399"}],"version-history":[{"count":13,"href":"https:\/\/indigitall.com\/es\/wp-json\/wp\/v2\/pages\/3399\/revisions"}],"predecessor-version":[{"id":11472,"href":"https:\/\/indigitall.com\/es\/wp-json\/wp\/v2\/pages\/3399\/revisions\/11472"}],"wp:attachment":[{"href":"https:\/\/indigitall.com\/es\/wp-json\/wp\/v2\/media?parent=3399"}],"curies":[{"name":"wp","href":"https:\/\/api.w.org\/{rel}","templated":true}]}}