{"id":3380,"date":"2025-03-24T11:21:42","date_gmt":"2025-03-24T11:21:42","guid":{"rendered":"https:\/\/indigitall.com\/?page_id=3380"},"modified":"2026-02-23T15:59:11","modified_gmt":"2026-02-23T15:59:11","slug":"indigitall-ai","status":"publish","type":"page","link":"https:\/\/indigitall.com\/es\/indigitall-ai\/","title":{"rendered":"indigitall IA"},"content":{"rendered":"","protected":false},"excerpt":{"rendered":"","protected":false},"author":3,"featured_media":0,"parent":0,"menu_order":0,"comment_status":"closed","ping_status":"closed","template":"","meta":{"_acf_changed":false},"class_list":["post-3380","page","type-page","status-publish","hentry"],"acf":{"flexible_content":[{"acf_fc_layout":"hero_page","background_type":"image","dark_filter":0,"background_image":3383,"background_image_mobile":3386,"background_video":null,"background_video_mobile":null,"pretitle":"indigitall IA","pretitle_font_size":"","title":"Potente IA para\r\nmayores estrategias\r\nomnicanal","title_font_size":"","subtitle":"","subtitle_font_size":"","button_1":{"title":"Empezar ahora","url":"#getstarted","target":"_blank"},"button_2":{"title":"Ver demo","url":"\/","target":"_blank"},"icon_button_2":null,"download_ebook":false,"ebook_title":"","extra_content":"brands","title_cards":"","cards":null,"brands_custom_background_color":false,"brands_background_color":"","custom_brands":false,"brands":null},{"acf_fc_layout":"sections_fixed_images","design":"normal","title":"indigitall Omni IA Agente","link":null,"sections":[{"title":"Agentes de IA","subtitle":"IA que se siente humana","index":"01","text":"Un sistema inteligente y aut\u00f3nomo que percibe su entorno, razona para tomar decisiones y ejecuta acciones proactivas a trav\u00e9s del Protocolo de Contexto Modelo (MCP) para alcanzar objetivos empresariales espec\u00edficos.","link":null,"list":null,"tag":"","media_type":"image","image":10365,"image_mobile":null,"video":null,"video_mobile":null},{"title":"Multiagentes","subtitle":"Agentes que act\u00faan","index":"02","text":"Dirija las consultas de los usuarios a bots o m\u00f3dulos especializados en funci\u00f3n de las necesidades espec\u00edficas para resolver flujos de trabajo complejos de manera eficiente.","link":null,"list":null,"tag":"","media_type":"image","image":11136,"image_mobile":null,"video":null,"video_mobile":null},{"title":"Centro de contacto","subtitle":"Asistente de IA para agentes de soporte t\u00e9cnico","index":"03","text":"Nuestros asistentes de IA ayudan a los agentes humanos mediante res\u00famenes de conversaciones, respuestas sugeridas y transferencias fluidas de bot a humano para optimizar la eficiencia del servicio al cliente.","link":null,"list":null,"tag":"","media_type":"image","image":11133,"image_mobile":null,"video":null,"video_mobile":null}],"list_collapsed":false},{"acf_fc_layout":"sections_fixed_images","design":"normal","title":"Indigitall Omni IA predictiva","link":null,"sections":[{"title":"Pruebas de Inteligencia Artificial","subtitle":"Testeo inteligente","index":"01","text":"Hemos dise\u00f1ado un algoritmo para crear y pulir diferentes campa\u00f1as. Una vez listas, se verifica la versi\u00f3n m\u00e1s efectiva y rentable mediante pruebas A\/B inteligentes.","link":null,"list":null,"tag":"","media_type":"image","image":2504,"image_mobile":null,"video":null,"video_mobile":null},{"title":"Mejor horario de env\u00edo","subtitle":"Mejor momento","index":"02","text":"Env\u00ede autom\u00e1ticamente en el momento en que sus clientes tienen m\u00e1s probabilidades de interactuar y convertir, nuestra soluci\u00f3n de mejor hora de entrega cumple.","link":null,"list":null,"tag":"","media_type":"image","image":2507,"image_mobile":null,"video":null,"video_mobile":null},{"title":"Mejor canal","subtitle":"Canal de distribuci\u00f3n","index":"03","text":"Env\u00ede autom\u00e1ticamente a los canales en los que es m\u00e1s probable que sus clientes interact\u00faen y conviertan, nuestra soluci\u00f3n de mejor canal cumple.","link":null,"list":null,"tag":"","media_type":"image","image":7558,"image_mobile":null,"video":null,"video_mobile":null},{"title":"Mejor ruta","subtitle":"Optimizaci\u00f3n del viaje completo","index":"04","text":"Conduce a tus clientes por la ruta que produzca los mejores resultados.","link":null,"list":null,"tag":"","media_type":"image","image":11140,"image_mobile":null,"video":null,"video_mobile":null},{"title":"Descubre la mejor palabra clave","subtitle":"Claves","index":"05","text":"Mensajes claros, concisos y atractivos potencian tu llamada la acci\u00f3n y dan mayor magnetismo al texto.","link":null,"list":null,"tag":"","media_type":"image","image":3389,"image_mobile":null,"video":null,"video_mobile":null},{"title":"Predicci\u00f3n de tasa de abandono","subtitle":"Churn rate","index":"07","text":"Identifica qu\u00e9 usuarios podr\u00edan dejar tu negocio y ofr\u00e9celes promociones a tiempo.","link":null,"list":null,"tag":"","media_type":"image","image":3392,"image_mobile":null,"video":null,"video_mobile":null},{"title":"An\u00e1lisis de sentimiento en conversaciones","subtitle":"An\u00e1lisis de sentimiento","index":"08","text":"Informes con an\u00e1lisis de sentimiento de conversaciones en WhatsApp Business API.\r\n","link":null,"list":null,"tag":"Coming soon","media_type":"image","image":2519,"image_mobile":null,"video":null,"video_mobile":null}],"list_collapsed":false},{"acf_fc_layout":"sections_fixed_images","design":"normal","title":"indigitall Omni IA Generativa","link":null,"sections":[{"title":"Asistente inteligente","subtitle":"Asistencia","index":"01","text":"\u00a1Deja que el Asistente Inteligente te ayude a crear tus campa\u00f1as push! Prueba la eficacia de tus campa\u00f1as push antes de enviarlas. Nuestra Inteligencia Artificial predice el rendimiento y te da ideas sobre c\u00f3mo mejorarlo.","link":null,"list":null,"tag":"","media_type":"image","image":3395,"image_mobile":null,"video":null,"video_mobile":null}],"list_collapsed":false},{"acf_fc_layout":"slider_cards","pretitle":"VENTAJAS","link":null,"title":"IA avanzada\r\nestrategias de comunicaci\u00f3n \r\nimpulsadas por datos potentes.","text":"","card_size":"normal","logo_size":"normal","cards":[{"icon":2500,"title":" Optimizaci\u00f3n","text":"<span style=\"font-weight: 400;\">Predice el mejor momento, canal y contenido para conectar con los usuarios.<\/span>","link":null},{"icon":2497,"title":" Creaci\u00f3n","text":"<span style=\"font-weight: 400;\">indigitall y machine learning para agilizar la creaci\u00f3n de campa\u00f1as.<\/span>","link":null},{"icon":2494,"title":"Comunicaciones efectivas","text":"<span style=\"font-weight: 400;\">Los mensajes se entregan en la plataforma m\u00e1s adecuada para cada audiencia.<\/span>","link":null},{"icon":2491,"title":"Personalizaci\u00f3n","text":"<span style=\"font-weight: 400;\">Adapta las comunicaciones seg\u00fan comportamientos, preferencias y perfiles de usuarios.<\/span>","link":null}]},{"acf_fc_layout":"slider_big_cards_list","pretitle":"VALOR","title":"Impacta tu crecimiento con \r\nlas herramientas de IA de indigitall","link":null,"cards":[{"background":2554,"background_mobile":2551,"pretitle":"C\u00f3mo ayudamos:","title":"Cada negocio es \u00fanico. No hay un solo camino hacia el \u00e9xito.","list":[{"item":"Crea contenido al instante con IA generativa"},{"item":"Mejora campa\u00f1as r\u00e1pida y f\u00e1cilmente con machine learning"},{"item":"Aumenta la satisfacci\u00f3n y retenci\u00f3n de clientes con chatbots"}],"card_title_1":"100%","card_text_1":"de clientes satisfechos usando indigitall IA","card_title_2":"64%","card_text_2":"de mejora en tasas de adopci\u00f3n de herramientas"}]},{"acf_fc_layout":"slider_big_cards","pretitle":"CASOS DE \u00c9XITO","title":"Ejemplos reales \r\nde mejoras tangibles\r\n\r\n","link":{"title":"Ver m\u00e1s casos de \u00e9xito","url":"https:\/\/indigitall.com\/es\/casos-de-exito\/","target":""},"cards":[{"card_type":"default","background_type":"image","background":2803,"background_mobile":2806,"logo":2748,"link":null,"pretitle":"","title":"","text":"\"indigitall mejor\u00f3 la experiencia de nuestros clientes desarrollando un potente bot para WhatsApp. Desde su implementaci\u00f3n, las llamadas a nuestro servicio de atenci\u00f3n disminuyeron, mientras que la satisfacci\u00f3n aument\u00f3 gracias a este nuevo canal. Su equipo de soporte resuelve incidencias con rapidez y eficacia.\"","footer_text":"Responsable de Atenci\u00f3n al Cliente","card_title":"","card_text":""},{"card_type":"default","background_type":"image","background":2718,"background_mobile":2721,"logo":2724,"link":null,"pretitle":"","title":"","text":"\"La plataforma de indigitall nos permiti\u00f3 crear una soluci\u00f3n personalizada para incrementar la satisfacci\u00f3n y el LTV (valor de vida del cliente) a trav\u00e9s de WhatsApp.\"","footer_text":"Director Digital","card_title":"20%","card_text":"Reducci\u00f3n de costos operativos en servicio al cliente"},{"card_type":"default","background_type":"image","background":2775,"background_mobile":2772,"logo":2759,"link":null,"pretitle":"","title":"","text":"\"Lo mejor de indigitall es la cercan\u00eda; nuestro contacto siempre est\u00e1 disponible para lo que necesitemos. La interfaz es muy intuitiva y f\u00e1cil de usar, lo que simplifica el trabajo. Es una herramienta dise\u00f1ada para el usuario.\"","footer_text":"Jordi Aymar, Director de Marketing (CMO) en Proclinic Group","card_title":"","card_text":""}]}],"hide_slider_blog":true,"slider_blog_custom_tag":null,"hide_mobile_fixed_buttons":false,"mobile_fixed_button_1":{"title":"Empezar ahora","url":"#getstarted","target":""},"mobile_fixed_button_2":{"title":"Ver demo","url":"\/","target":"_blank"},"icon_mobile_fixed_button_2":"","download_ebook":false,"ebook_title":""},"yoast_head":"<!-- This site is optimized with the Yoast SEO plugin v27.1.1 - https:\/\/yoast.com\/product\/yoast-seo-wordpress\/ -->\n<title>indigitall IA - IA Potente para Estrategias Omnicanal M\u00e1s Efectivas - indigitall<\/title>\n<meta name=\"description\" content=\"Potencia el engagement con la plataforma de experiencia del cliente impulsada por IA de indigitall. Automatiza interacciones, mejora conversiones y transforma tu CX.\" \/>\n<meta name=\"robots\" content=\"index, follow, max-snippet:-1, max-image-preview:large, max-video-preview:-1\" \/>\n<link rel=\"canonical\" href=\"https:\/\/indigitall.com\/es\/indigitall-ai\/\" \/>\n<meta property=\"og:locale\" content=\"es_ES\" \/>\n<meta property=\"og:type\" content=\"article\" \/>\n<meta property=\"og:title\" content=\"indigitall IA - IA Potente para Estrategias Omnicanal M\u00e1s Efectivas - indigitall\" \/>\n<meta property=\"og:description\" content=\"Potencia el engagement con la plataforma de experiencia del cliente impulsada por IA de indigitall. Automatiza interacciones, mejora conversiones y transforma tu CX.\" \/>\n<meta property=\"og:url\" content=\"https:\/\/indigitall.com\/es\/indigitall-ai\/\" \/>\n<meta property=\"og:site_name\" content=\"indigitall\" \/>\n<meta property=\"article:modified_time\" content=\"2026-02-23T15:59:11+00:00\" \/>\n<meta name=\"twitter:card\" content=\"summary_large_image\" \/>\n<script type=\"application\/ld+json\" class=\"yoast-schema-graph\">{\"@context\":\"https:\/\/schema.org\",\"@graph\":[{\"@type\":\"WebPage\",\"@id\":\"https:\/\/indigitall.com\/es\/indigitall-ai\/\",\"url\":\"https:\/\/indigitall.com\/es\/indigitall-ai\/\",\"name\":\"indigitall IA - IA Potente para Estrategias Omnicanal M\u00e1s Efectivas - indigitall\",\"isPartOf\":{\"@id\":\"https:\/\/indigitall.com\/es\/#website\"},\"datePublished\":\"2025-03-24T11:21:42+00:00\",\"dateModified\":\"2026-02-23T15:59:11+00:00\",\"description\":\"Potencia el engagement con la plataforma de experiencia del cliente impulsada por IA de indigitall. Automatiza interacciones, mejora conversiones y transforma tu CX.\",\"breadcrumb\":{\"@id\":\"https:\/\/indigitall.com\/es\/indigitall-ai\/#breadcrumb\"},\"inLanguage\":\"es\",\"potentialAction\":[{\"@type\":\"ReadAction\",\"target\":[\"https:\/\/indigitall.com\/es\/indigitall-ai\/\"]}]},{\"@type\":\"BreadcrumbList\",\"@id\":\"https:\/\/indigitall.com\/es\/indigitall-ai\/#breadcrumb\",\"itemListElement\":[{\"@type\":\"ListItem\",\"position\":1,\"name\":\"Home\",\"item\":\"https:\/\/indigitall.com\/es\/\"},{\"@type\":\"ListItem\",\"position\":2,\"name\":\"indigitall IA\"}]},{\"@type\":\"WebSite\",\"@id\":\"https:\/\/indigitall.com\/es\/#website\",\"url\":\"https:\/\/indigitall.com\/es\/\",\"name\":\"indigitall\",\"description\":\"Because Every Interaction Matters\",\"potentialAction\":[{\"@type\":\"SearchAction\",\"target\":{\"@type\":\"EntryPoint\",\"urlTemplate\":\"https:\/\/indigitall.com\/es\/?s={search_term_string}\"},\"query-input\":{\"@type\":\"PropertyValueSpecification\",\"valueRequired\":true,\"valueName\":\"search_term_string\"}}],\"inLanguage\":\"es\"}]}<\/script>\n<!-- \/ Yoast SEO plugin. -->","yoast_head_json":{"title":"indigitall IA - IA Potente para Estrategias Omnicanal M\u00e1s Efectivas - indigitall","description":"Potencia el engagement con la plataforma de experiencia del cliente impulsada por IA de indigitall. Automatiza interacciones, mejora conversiones y transforma tu CX.","robots":{"index":"index","follow":"follow","max-snippet":"max-snippet:-1","max-image-preview":"max-image-preview:large","max-video-preview":"max-video-preview:-1"},"canonical":"https:\/\/indigitall.com\/es\/indigitall-ai\/","og_locale":"es_ES","og_type":"article","og_title":"indigitall IA - IA Potente para Estrategias Omnicanal M\u00e1s Efectivas - indigitall","og_description":"Potencia el engagement con la plataforma de experiencia del cliente impulsada por IA de indigitall. Automatiza interacciones, mejora conversiones y transforma tu CX.","og_url":"https:\/\/indigitall.com\/es\/indigitall-ai\/","og_site_name":"indigitall","article_modified_time":"2026-02-23T15:59:11+00:00","twitter_card":"summary_large_image","schema":{"@context":"https:\/\/schema.org","@graph":[{"@type":"WebPage","@id":"https:\/\/indigitall.com\/es\/indigitall-ai\/","url":"https:\/\/indigitall.com\/es\/indigitall-ai\/","name":"indigitall IA - IA Potente para Estrategias Omnicanal M\u00e1s Efectivas - indigitall","isPartOf":{"@id":"https:\/\/indigitall.com\/es\/#website"},"datePublished":"2025-03-24T11:21:42+00:00","dateModified":"2026-02-23T15:59:11+00:00","description":"Potencia el engagement con la plataforma de experiencia del cliente impulsada por IA de indigitall. Automatiza interacciones, mejora conversiones y transforma tu CX.","breadcrumb":{"@id":"https:\/\/indigitall.com\/es\/indigitall-ai\/#breadcrumb"},"inLanguage":"es","potentialAction":[{"@type":"ReadAction","target":["https:\/\/indigitall.com\/es\/indigitall-ai\/"]}]},{"@type":"BreadcrumbList","@id":"https:\/\/indigitall.com\/es\/indigitall-ai\/#breadcrumb","itemListElement":[{"@type":"ListItem","position":1,"name":"Home","item":"https:\/\/indigitall.com\/es\/"},{"@type":"ListItem","position":2,"name":"indigitall IA"}]},{"@type":"WebSite","@id":"https:\/\/indigitall.com\/es\/#website","url":"https:\/\/indigitall.com\/es\/","name":"indigitall","description":"Because Every Interaction Matters","potentialAction":[{"@type":"SearchAction","target":{"@type":"EntryPoint","urlTemplate":"https:\/\/indigitall.com\/es\/?s={search_term_string}"},"query-input":{"@type":"PropertyValueSpecification","valueRequired":true,"valueName":"search_term_string"}}],"inLanguage":"es"}]}},"_links":{"self":[{"href":"https:\/\/indigitall.com\/es\/wp-json\/wp\/v2\/pages\/3380","targetHints":{"allow":["GET"]}}],"collection":[{"href":"https:\/\/indigitall.com\/es\/wp-json\/wp\/v2\/pages"}],"about":[{"href":"https:\/\/indigitall.com\/es\/wp-json\/wp\/v2\/types\/page"}],"author":[{"embeddable":true,"href":"https:\/\/indigitall.com\/es\/wp-json\/wp\/v2\/users\/3"}],"replies":[{"embeddable":true,"href":"https:\/\/indigitall.com\/es\/wp-json\/wp\/v2\/comments?post=3380"}],"version-history":[{"count":10,"href":"https:\/\/indigitall.com\/es\/wp-json\/wp\/v2\/pages\/3380\/revisions"}],"predecessor-version":[{"id":13905,"href":"https:\/\/indigitall.com\/es\/wp-json\/wp\/v2\/pages\/3380\/revisions\/13905"}],"wp:attachment":[{"href":"https:\/\/indigitall.com\/es\/wp-json\/wp\/v2\/media?parent=3380"}],"curies":[{"name":"wp","href":"https:\/\/api.w.org\/{rel}","templated":true}]}}