{"id":3363,"date":"2025-03-24T11:21:41","date_gmt":"2025-03-24T11:21:41","guid":{"rendered":"https:\/\/indigitall.com\/?page_id=3363"},"modified":"2025-06-11T14:01:10","modified_gmt":"2025-06-11T14:01:10","slug":"customer-journey","status":"publish","type":"page","link":"https:\/\/indigitall.com\/es\/customerjourney\/","title":{"rendered":"Customer Journey"},"content":{"rendered":"","protected":false},"excerpt":{"rendered":"","protected":false},"author":3,"featured_media":0,"parent":0,"menu_order":0,"comment_status":"closed","ping_status":"closed","template":"","meta":{"_acf_changed":false},"class_list":["post-3363","page","type-page","status-publish","hentry"],"acf":{"flexible_content":[{"acf_fc_layout":"hero_page","background_type":"image","dark_filter":0,"background_image":7466,"background_image_mobile":3367,"background_video":null,"background_video_mobile":null,"pretitle":"Customer Journey","pretitle_font_size":"","title":"Hacemos que cada \r\npaso sea el mejor \r\ncon nuestra soluci\u00f3n\r\n de customer journey\r\n\r\n","title_font_size":"","subtitle":"","subtitle_font_size":"","button_1":{"title":"Empezar ahora","url":"#getstarted","target":"_blank"},"button_2":{"title":"Descargar Ebook","url":"https:\/\/indigitall.com\/wp-content\/uploads\/2025\/05\/ES_Ebook-Customer-Journey-con-IA-1.pdf","target":"_blank"},"icon_button_2":653,"download_ebook":true,"ebook_title":"Customer Journey","extra_content":"brands","title_cards":"","cards":null,"brands_custom_background_color":false,"brands_background_color":"","custom_brands":false,"brands":null},{"acf_fc_layout":"text_circles_background","background":714,"background_mobile":711,"title":"Conecta m\u00faltiples canales en un \u00fanico customer journey mejorando la experiencia del usuario.","texts":[{"text":"Incrementa ingresos hasta un 80% con automatizaci\u00f3n personalizada"},{"text":"Mejora el engagement con insights en tiempo real"},{"text":"Comunicaci\u00f3n omnicanal perfectamente integrada"}],"link":{"title":"VER M\u00c1S CASOS DE \u00c9XITO","url":"https:\/\/indigitall.com\/es\/casos-de-exito\/","target":""}},{"acf_fc_layout":"sections_fixed_images","design":false,"title":"","link":null,"sections":[{"title":"Interacci\u00f3n personalizada con clientes\r\n","subtitle":"","index":"01","text":"Mensaje correcto, en el momento preciso, por el canal ideal","link":null,"list":[{"item":"Reduce costos operativos"},{"item":"Sin requisitos de apertura de cuenta"},{"item":"Respuestas directas a preguntas y dudas de usuarios"}],"tag":"","media_type":"image","image":3370,"image_mobile":null,"video":null,"video_mobile":null},{"title":"Automatizaci\u00f3n que impulsa ventas","subtitle":"","index":"02","text":"Gu\u00eda a clientes en su customer journey de compra con IA","link":null,"list":[{"item":"Remarketing inteligente para recuperar carritos abandonados"},{"item":"Pruebas A\/B y optimizaci\u00f3n de campa\u00f1as"},{"item":"Acciones autom\u00e1ticas en momentos clave"}],"tag":"","media_type":"image","image":3373,"image_mobile":null,"video":null,"video_mobile":null},{"title":"Fidelizaci\u00f3n y Retenci\u00f3n","subtitle":"","index":"03","text":"Fidelizaci\u00f3n y Retenci\u00f3n","link":null,"list":[{"item":"Anal\u00edticas predictivas para reducir churn"},{"item":"Campa\u00f1as de recompensas y fidelidad"},{"item":"Follow-up postcompra para nutrir relaciones"}],"tag":"","media_type":"image","image":3376,"image_mobile":null,"video":null,"video_mobile":null}],"list_collapsed":false},{"acf_fc_layout":"card_title_list","pretitle":"INTEGRACIONES","title":"La combinaci\u00f3n perfecta \r\npara tu CRM","text":"","list":[{"text":"Sincronizaci\u00f3n autom\u00e1tica de datos"},{"text":"Carga mediante CSV"},{"text":"Compatibilidad multiplataforma"},{"text":"Integraci\u00f3n total"}],"link":{"title":"Conoce m\u00e1s sobre las integraciones","url":"https:\/\/indigitall.com\/es\/integraciones\/","target":"_blank"},"image_type":"right","image":5122,"image_mobile":5125},{"acf_fc_layout":"keys_smoothest_journey","pretitle":"FUNCIONALIDADES","title":"El kit completo para\r\nla mejor trayectoria","link":{"title":"Conoce m\u00e1s sobre indigitall IA","url":"https:\/\/indigitall.com\/es\/indigitall-ai\/","target":""},"cards":[{"icon":770,"tag":"","text":"Filtros avanzados"},{"icon":752,"tag":"IA","text":"Pruebas A\/B"},{"icon":755,"tag":"","text":"Retargeting"},{"icon":761,"tag":"IA","text":"Mejor ruta autom\u00e1tica"},{"icon":773,"tag":"","text":"El mejor momento"},{"icon":779,"tag":"IA","text":"Programaci\u00f3n inteligente"},{"icon":758,"tag":"","text":"Asignaci\u00f3n aleatoria"},{"icon":764,"tag":"IA","text":"Gesti\u00f3n por keywords"},{"icon":776,"tag":"","text":"Eventos push"},{"icon":782,"tag":"IA","text":"Asistencia integrada"},{"icon":749,"tag":"","text":"Webhooks"}]},{"acf_fc_layout":"slider_big_cards","pretitle":"CASOS DE \u00c9XITO","title":"Elegido por marcas \r\nde todo el mundo","link":{"title":"VER M\u00c1S CASOS DE \u00c9XITO","url":"https:\/\/indigitall.com\/es\/casos-de-exito\/","target":""},"cards":[{"card_type":"default","background_type":"image","background":2775,"background_mobile":2772,"logo":2759,"link":{"title":"Learn more","url":"\/","target":""},"pretitle":"","title":"","text":"\"Lo mejor de indigitall es la cercan\u00eda; las personas que nos atienden est\u00e1n siempre disponibles para lo que necesitemos... La interfaz es muy sencilla e intuitiva, lo que facilita el trabajo. Es una herramienta dise\u00f1ada para el usuario.\"","footer_text":"Jordi Aymar-  Director de Marketing (CMO) en Proclinic Group","card_title":"","card_text":""},{"card_type":"default","background_type":"image","background":2803,"background_mobile":2806,"logo":2748,"link":null,"pretitle":"","title":"","text":"\"indigitall mejor\u00f3 la experiencia de nuestros clientes con el desarrollo de un potente bot para WhatsApp. Desde su implementaci\u00f3n, las llamadas a nuestro servicio de atenci\u00f3n al cliente han disminuido, mientras que la satisfacci\u00f3n aument\u00f3 gracias a este nuevo canal. Adem\u00e1s, su equipo de soporte resuelve cualquier incidencia de forma r\u00e1pida y efectiva.\"","footer_text":"Responsable de Atenci\u00f3n al Cliente","card_title":"","card_text":""},{"card_type":"default","background_type":"image","background":3074,"background_mobile":2792,"logo":3624,"link":null,"pretitle":"","title":"","text":"\"Descubre c\u00f3mo el Real Madrid y el Atl\u00e9tico de Madrid aprovecharon los chatbots de WhatsApp de indigitall para impulsar el engagement con sus fans y aumentar sus ventas.\"","footer_text":"","card_title":"+41%","card_text":"\"Mayores ventas promocionales logradas a trav\u00e9s de WhatsApp\""}]}],"hide_slider_blog":false,"slider_blog_custom_tag":null,"hide_mobile_fixed_buttons":false,"mobile_fixed_button_1":{"title":"Empezar ahora","url":"#getstarted","target":""},"mobile_fixed_button_2":{"title":"Descargar Ebook","url":"https:\/\/indigitall.com\/wp-content\/uploads\/2025\/05\/ES_Ebook-Customer-Journey-con-IA-1.pdf","target":"_blank"},"icon_mobile_fixed_button_2":653,"download_ebook":true,"ebook_title":"Customer Journey"},"yoast_head":"<!-- This site is optimized with the Yoast SEO plugin v27.1.1 - https:\/\/yoast.com\/product\/yoast-seo-wordpress\/ -->\n<title>Plataforma de Customer Journey - indigitall<\/title>\n<meta name=\"description\" content=\"Descubre c\u00f3mo la plataforma de indigitall mejora el engagement y las conversiones. Optimiza cada punto de contacto para experiencias fluidas.\" \/>\n<meta name=\"robots\" content=\"index, follow, max-snippet:-1, max-image-preview:large, max-video-preview:-1\" \/>\n<link rel=\"canonical\" href=\"https:\/\/indigitall.com\/es\/customerjourney\/\" \/>\n<meta property=\"og:locale\" content=\"es_ES\" \/>\n<meta property=\"og:type\" content=\"article\" \/>\n<meta property=\"og:title\" content=\"Plataforma de Customer Journey - indigitall\" \/>\n<meta property=\"og:description\" content=\"Descubre c\u00f3mo la plataforma de indigitall mejora el engagement y las conversiones. Optimiza cada punto de contacto para experiencias fluidas.\" \/>\n<meta property=\"og:url\" content=\"https:\/\/indigitall.com\/es\/customerjourney\/\" \/>\n<meta property=\"og:site_name\" content=\"indigitall\" \/>\n<meta property=\"article:modified_time\" content=\"2025-06-11T14:01:10+00:00\" \/>\n<meta name=\"twitter:card\" content=\"summary_large_image\" \/>\n<script type=\"application\/ld+json\" class=\"yoast-schema-graph\">{\"@context\":\"https:\/\/schema.org\",\"@graph\":[{\"@type\":\"WebPage\",\"@id\":\"https:\/\/indigitall.com\/es\/customerjourney\/\",\"url\":\"https:\/\/indigitall.com\/es\/customerjourney\/\",\"name\":\"Plataforma de Customer Journey - indigitall\",\"isPartOf\":{\"@id\":\"https:\/\/indigitall.com\/es\/#website\"},\"datePublished\":\"2025-03-24T11:21:41+00:00\",\"dateModified\":\"2025-06-11T14:01:10+00:00\",\"description\":\"Descubre c\u00f3mo la plataforma de indigitall mejora el engagement y las conversiones. Optimiza cada punto de contacto para experiencias fluidas.\",\"breadcrumb\":{\"@id\":\"https:\/\/indigitall.com\/es\/customerjourney\/#breadcrumb\"},\"inLanguage\":\"es\",\"potentialAction\":[{\"@type\":\"ReadAction\",\"target\":[\"https:\/\/indigitall.com\/es\/customerjourney\/\"]}]},{\"@type\":\"BreadcrumbList\",\"@id\":\"https:\/\/indigitall.com\/es\/customerjourney\/#breadcrumb\",\"itemListElement\":[{\"@type\":\"ListItem\",\"position\":1,\"name\":\"Home\",\"item\":\"https:\/\/indigitall.com\/es\/\"},{\"@type\":\"ListItem\",\"position\":2,\"name\":\"Customer Journey\"}]},{\"@type\":\"WebSite\",\"@id\":\"https:\/\/indigitall.com\/es\/#website\",\"url\":\"https:\/\/indigitall.com\/es\/\",\"name\":\"indigitall\",\"description\":\"Because Every Interaction Matters\",\"potentialAction\":[{\"@type\":\"SearchAction\",\"target\":{\"@type\":\"EntryPoint\",\"urlTemplate\":\"https:\/\/indigitall.com\/es\/?s={search_term_string}\"},\"query-input\":{\"@type\":\"PropertyValueSpecification\",\"valueRequired\":true,\"valueName\":\"search_term_string\"}}],\"inLanguage\":\"es\"}]}<\/script>\n<!-- \/ Yoast SEO plugin. -->","yoast_head_json":{"title":"Plataforma de Customer Journey - indigitall","description":"Descubre c\u00f3mo la plataforma de indigitall mejora el engagement y las conversiones. Optimiza cada punto de contacto para experiencias fluidas.","robots":{"index":"index","follow":"follow","max-snippet":"max-snippet:-1","max-image-preview":"max-image-preview:large","max-video-preview":"max-video-preview:-1"},"canonical":"https:\/\/indigitall.com\/es\/customerjourney\/","og_locale":"es_ES","og_type":"article","og_title":"Plataforma de Customer Journey - indigitall","og_description":"Descubre c\u00f3mo la plataforma de indigitall mejora el engagement y las conversiones. Optimiza cada punto de contacto para experiencias fluidas.","og_url":"https:\/\/indigitall.com\/es\/customerjourney\/","og_site_name":"indigitall","article_modified_time":"2025-06-11T14:01:10+00:00","twitter_card":"summary_large_image","schema":{"@context":"https:\/\/schema.org","@graph":[{"@type":"WebPage","@id":"https:\/\/indigitall.com\/es\/customerjourney\/","url":"https:\/\/indigitall.com\/es\/customerjourney\/","name":"Plataforma de Customer Journey - indigitall","isPartOf":{"@id":"https:\/\/indigitall.com\/es\/#website"},"datePublished":"2025-03-24T11:21:41+00:00","dateModified":"2025-06-11T14:01:10+00:00","description":"Descubre c\u00f3mo la plataforma de indigitall mejora el engagement y las conversiones. Optimiza cada punto de contacto para experiencias fluidas.","breadcrumb":{"@id":"https:\/\/indigitall.com\/es\/customerjourney\/#breadcrumb"},"inLanguage":"es","potentialAction":[{"@type":"ReadAction","target":["https:\/\/indigitall.com\/es\/customerjourney\/"]}]},{"@type":"BreadcrumbList","@id":"https:\/\/indigitall.com\/es\/customerjourney\/#breadcrumb","itemListElement":[{"@type":"ListItem","position":1,"name":"Home","item":"https:\/\/indigitall.com\/es\/"},{"@type":"ListItem","position":2,"name":"Customer Journey"}]},{"@type":"WebSite","@id":"https:\/\/indigitall.com\/es\/#website","url":"https:\/\/indigitall.com\/es\/","name":"indigitall","description":"Because Every Interaction Matters","potentialAction":[{"@type":"SearchAction","target":{"@type":"EntryPoint","urlTemplate":"https:\/\/indigitall.com\/es\/?s={search_term_string}"},"query-input":{"@type":"PropertyValueSpecification","valueRequired":true,"valueName":"search_term_string"}}],"inLanguage":"es"}]}},"_links":{"self":[{"href":"https:\/\/indigitall.com\/es\/wp-json\/wp\/v2\/pages\/3363","targetHints":{"allow":["GET"]}}],"collection":[{"href":"https:\/\/indigitall.com\/es\/wp-json\/wp\/v2\/pages"}],"about":[{"href":"https:\/\/indigitall.com\/es\/wp-json\/wp\/v2\/types\/page"}],"author":[{"embeddable":true,"href":"https:\/\/indigitall.com\/es\/wp-json\/wp\/v2\/users\/3"}],"replies":[{"embeddable":true,"href":"https:\/\/indigitall.com\/es\/wp-json\/wp\/v2\/comments?post=3363"}],"version-history":[{"count":15,"href":"https:\/\/indigitall.com\/es\/wp-json\/wp\/v2\/pages\/3363\/revisions"}],"predecessor-version":[{"id":8447,"href":"https:\/\/indigitall.com\/es\/wp-json\/wp\/v2\/pages\/3363\/revisions\/8447"}],"wp:attachment":[{"href":"https:\/\/indigitall.com\/es\/wp-json\/wp\/v2\/media?parent=3363"}],"curies":[{"name":"wp","href":"https:\/\/api.w.org\/{rel}","templated":true}]}}