{"id":2890,"date":"2025-02-07T09:47:31","date_gmt":"2025-02-07T09:47:31","guid":{"rendered":"https:\/\/indigitall.com\/inicio\/"},"modified":"2026-04-07T13:24:22","modified_gmt":"2026-04-07T13:24:22","slug":"inicio","status":"publish","type":"page","link":"https:\/\/indigitall.com\/es\/","title":{"rendered":"Inicio"},"content":{"rendered":"","protected":false},"excerpt":{"rendered":"","protected":false},"author":1,"featured_media":0,"parent":0,"menu_order":-100,"comment_status":"closed","ping_status":"closed","template":"","meta":{"_acf_changed":false},"class_list":["post-2890","page","type-page","status-publish","hentry"],"acf":{"flexible_content":[{"acf_fc_layout":"hero_page","background_type":"image","dark_filter":0,"background_image":13647,"background_image_mobile":13625,"background_video":null,"background_video_mobile":null,"pretitle":"","pretitle_font_size":"","title":"Orquesta todos tus canales desde una sola plataforma con IA","title_font_size":"","subtitle":"","subtitle_font_size":"","button_1":{"title":"Empezar ahora","url":"#getstarted","target":""},"button_2":{"title":"Habla con ventas","url":"https:\/\/indigitall.com\/es\/contacto\/","target":""},"icon_button_2":13618,"download_ebook":false,"ebook_title":"","extra_content":"brands","title_cards":"","cards":null,"brands_custom_background_color":false,"brands_background_color":"#314583","custom_brands":false,"brands":[{"logo":10785,"image":null,"country_visibility":["BR","CL","CO","MX","PE","ES","US","rest"]},{"logo":10788,"image":null,"country_visibility":["BR","CL","CO","MX","PE","ES","US","rest"]},{"logo":10791,"image":null,"country_visibility":["BR","CL","CO","MX","PE","ES","US","rest"]},{"logo":10794,"image":null,"country_visibility":["BR","CL","CO","MX","PE","ES","US","rest"]},{"logo":10797,"image":null,"country_visibility":["BR","CL","CO","MX","PE","ES","US","rest"]},{"logo":10800,"image":null,"country_visibility":["BR","CL","CO","MX","PE","ES","US","rest"]},{"logo":10803,"image":null,"country_visibility":["BR","CL","CO","MX","PE","ES","US","rest"]},{"logo":10769,"image":null,"country_visibility":["CL","PE","ES"]},{"logo":13771,"image":null,"country_visibility":["ES"]},{"logo":13774,"image":null,"country_visibility":["ES"]},{"logo":13777,"image":null,"country_visibility":["ES"]},{"logo":13780,"image":null,"country_visibility":["ES"]},{"logo":13783,"image":null,"country_visibility":["ES"]},{"logo":13786,"image":null,"country_visibility":["ES"]},{"logo":13789,"image":null,"country_visibility":["ES"]},{"logo":13792,"image":null,"country_visibility":["ES"]},{"logo":13795,"image":null,"country_visibility":["BR","CL","CO","MX","PE","ES","US","rest"]},{"logo":13798,"image":null,"country_visibility":["ES"]},{"logo":13801,"image":null,"country_visibility":["ES"]},{"logo":13804,"image":null,"country_visibility":["ES"]},{"logo":13807,"image":null,"country_visibility":["BR","CL","CO","MX","PE","ES","rest"]},{"logo":13810,"image":null,"country_visibility":["ES"]},{"logo":13813,"image":null,"country_visibility":["ES"]},{"logo":13816,"image":null,"country_visibility":["ES"]},{"logo":13819,"image":null,"country_visibility":["ES"]},{"logo":13822,"image":null,"country_visibility":["ES"]},{"logo":13825,"image":null,"country_visibility":["ES","rest"]}]},{"acf_fc_layout":"sections_fixed_images","design":"normal","title":"Elegido por empresas\r\nde todo el mundo","link":null,"sections":[{"title":"Vemos tu futuro y est\u00e1 impulsado por nuestra IA","subtitle":"indigitall\u00ae IA","index":"01","text":"El aprendizaje autom\u00e1tico avanzado y el an\u00e1lisis predictivo ayudan a crear campa\u00f1as hiperpersonalizadas, optimizar la participaci\u00f3n y aumentar las conversiones.","link":{"title":"M\u00e1s info","url":"https:\/\/indigitall.com\/es\/indigitall-ai\/","target":""},"list":null,"tag":"","media_type":"video","image":5722,"image_mobile":2843,"video":1123,"video_mobile":null},{"title":"M\u00e1s que una campa\u00f1a, un viaje de cliente inigualable","subtitle":"Customer Journey","index":"02","text":"Impulse la participaci\u00f3n del cliente, las ventas y el LTV con nuestra plataforma de orquestaci\u00f3n del recorrido del cliente impulsada por IA.","link":{"title":"M\u00e1s info","url":"https:\/\/indigitall.com\/es\/customer-journey\/","target":""},"list":null,"tag":"","media_type":"image","image":3938,"image_mobile":3941,"video":1120,"video_mobile":null},{"title":"Un ecosistema conectado con tus clientes","subtitle":"Optimizaci\u00f3n omnicanal","index":"03","text":"Conecta con tus clientes a trav\u00e9s de canales, asegur\u00e1ndote de que tus mensajes no solo sean oportunos sino tambi\u00e9n impactantes.","link":{"title":"Por qu\u00e9","url":"https:\/\/indigitall.com\/es\/por-que\/","target":""},"list":null,"tag":"","media_type":"image","image":3930,"image_mobile":3256,"video":null,"video_mobile":null},{"title":"Podemos potenciar tu negocio, veamos c\u00f3mo","subtitle":"indigitall\u00ae Platform","index":"04","text":"Nuestra plataforma de recorrido del cliente le permite conectarse con sus clientes a trav\u00e9s de canales.","link":{"title":"Vista del producto","url":"https:\/\/indigitall.com\/es\/plataforma\/","target":""},"list":null,"tag":"","media_type":"image","image":3933,"image_mobile":1989,"video":1123,"video_mobile":null}],"list_collapsed":false},{"acf_fc_layout":"slider_big_cards","pretitle":"HISTORIAS DE \u00c9XITO","title":"Marcas elegidas\r\nen todo el mundo","link":{"title":"Ver m\u00e1s casos de \u00e9xito","url":"https:\/\/indigitall.com\/es\/casos-de-exito\/","target":""},"cards":[{"card_type":"default","background_type":"image","background":2924,"background_mobile":2927,"logo":2730,"link":{"title":"Convertir m\u00e1s clientes","url":"https:\/\/indigitall.com\/es\/caso-de-uso\/convertir-mas-clientes\/","target":""},"pretitle":"","title":"","text":"\"Llevo cinco a\u00f1os usando indigitall y solo puedo recomendarlo a cualquier profesional del marketing. Es una herramienta fundamental en nuestras operaciones diarias para comunicarnos e interactuar con toda nuestra audiencia.\"","footer_text":"Marcos Fern\u00e1ndez - Gerente de Redes Sociales","card_title":"","card_text":""},{"card_type":"default","background_type":"image","background":2718,"background_mobile":2721,"logo":2724,"link":{"title":"Manage customer lifecycle","url":"https:\/\/indigitall.com\/use-case\/manage-customer-lifecycle\/","target":""},"pretitle":"","title":"","text":"\"La plataforma de indigitall nos ha ayudado a construir una soluci\u00f3n personalizada para aumentar la satisfacci\u00f3n y el LTV a trav\u00e9s de WhatsApp.\"","footer_text":"Pol Fisas - Director Digital","card_title":"20%","card_text":"Reducci\u00f3n en los Costos Operativos del Servicio al Cliente"},{"card_type":"default","background_type":"image","background":2775,"background_mobile":2772,"logo":null,"link":{"title":"Upselling y Cross-Selling","url":"https:\/\/indigitall.com\/es\/caso-de-uso\/upselling-y-cross-selling\/","target":""},"pretitle":"","title":"","text":"\"Lo mejor de indigitall es la cercan\u00eda; las personas con las que hablamos siempre est\u00e1n ah\u00ed para lo que necesitamos. La interfaz es muy sencilla y f\u00e1cil de usar, lo que facilita el trabajo. Es una herramienta dise\u00f1ada para el usuario.\"","footer_text":"Jordi Aymar - CMO en Proclinic Group","card_title":"","card_text":""},{"card_type":"default","background_type":"image","background":2803,"background_mobile":2806,"logo":2748,"link":{"title":"Upselling y Cross-Selling","url":"https:\/\/indigitall.com\/es\/caso-de-uso\/upselling-y-cross-selling\/","target":""},"pretitle":"","title":"","text":"\"indigitall mejor\u00f3 la experiencia de nuestros clientes con el desarrollo de un potente bot de WhatsApp. Desde que lo implementamos, las llamadas a nuestro servicio al cliente han disminuido, y la satisfacci\u00f3n del cliente aument\u00f3 gracias a este nuevo canal de servicio. Su soporte siempre resuelve los problemas de manera r\u00e1pida y efectiva.\"","footer_text":"Igor L\u00f3pez-Luna - Gerente de Servicio al Cliente","card_title":"","card_text":""},{"card_type":"default","background_type":"image","background":2789,"background_mobile":2792,"logo":null,"link":{"title":"M\u00e1s informaci\u00f3n","url":"https:\/\/indigitall.com\/es\/success-stories\/whatsapp-business-api-para-el-club-atletico-de-madrid\/","target":""},"pretitle":"","title":"","text":"Descubre c\u00f3mo el Real Madrid y el Atl\u00e9tico de Madrid aprovecharon los Chatbots de WhatsApp de indigitall para impulsar el engagement de los fans y las ventas.","footer_text":"Adri\u00e1n Valenzuela - Chief Digital Officer at Bed, Bath, and Beyond","card_title":"","card_text":""}]},{"acf_fc_layout":"slider_cards","pretitle":"SOLUCIONES","link":null,"title":"Soluciones principales que \r\nabarcan todo tu negocio","text":"Crear experiencias fluidas que conviertan cada interacci\u00f3n con el cliente en una conexi\u00f3n significativa y un crecimiento duradero.","card_size":"normal","logo_size":"normal","cards":[{"icon":1436,"title":"Aumentar el engagement","text":"Impulsa el engagement con mensajes personalizados y oportunos.","link":{"title":"Aumenta el engagement","url":"https:\/\/indigitall.com\/es\/caso-de-uso\/aumentar-el-compromiso\/","target":""}},{"icon":1433,"title":"Convierte m\u00e1s clientes","text":"<div>\r\n<div class=\"border-borderMain\/50 ring-borderMain\/50 divide-borderMain\/50 dark:divide-borderMainDark\/50 dark:ring-borderMainDark\/50 dark:border-borderMainDark\/50 bg-transparent\">\r\n<div class=\"md:pt-md isolate mx-auto px-md md:px-lg\">\r\n<div class=\"mx-auto max-w-threadContentWidth border-borderMain\/50 border-b pb-lg\">\r\n<div class=\"relative\">\r\n<div class=\"gap-y-sm flex flex-col\">\r\n<div class=\"gap-y-lg first:mt-sm mt-4 flex flex-col\">\r\n<div class=\"border-borderMain\/50 ring-borderMain\/50 divide-borderMain\/50 dark:divide-borderMainDark\/50 dark:ring-borderMainDark\/50 dark:border-borderMainDark\/50 bg-transparent\">\r\n<div class=\"gap-y-md flex flex-col\">\r\n<div class=\"relative default font-sans text-base text-textMain dark:text-textMainDark selection:bg-super\/50 selection:text-textMain dark:selection:bg-superDuper\/10 dark:selection:text-superDark\">\r\n<div class=\"min-w-0 break-words [word-break:break-word]\">\r\n<div id=\"markdown-content-10\" class=\"gap-y-md after:clear-both after:block after:content-['']\" dir=\"auto\">\r\n<div class=\"relative\">\r\n<div class=\"prose text-pretty dark:prose-invert inline leading-normal break-words min-w-0 [word-break:break-word]\">\r\n<p class=\"my-0\">Mejora la experiencia del usuario para impulsar mayores tasas de conversi\u00f3n.<\/p>\r\n\r\n<\/div>\r\n<\/div>\r\n<\/div>\r\n<\/div>\r\n<\/div>\r\n<div class=\"flex items-center justify-between\">\r\n<div class=\"gap-x-xs flex items-center\">\r\n<div class=\"flex items-center min-w-0 font-medium gap-1.5 justify-center\">\r\n<div class=\"flex shrink-0 items-center justify-center size-4\"><\/div>\r\n<\/div>\r\n<div class=\"\">\r\n<div class=\"flex items-center min-w-0 font-medium gap-1.5 justify-center\">\r\n<div class=\"flex shrink-0 items-center justify-center size-4\"><\/div>\r\n<\/div>\r\n<\/div>\r\n<\/div>\r\n<\/div>\r\n<\/div>\r\n<\/div>\r\n<\/div>\r\n<\/div>\r\n<\/div>\r\n<\/div>\r\n<\/div>\r\n<\/div>\r\n<\/div>\r\n<div>\r\n<div>\r\n<div>\r\n<div class=\"border-borderMain\/50 ring-borderMain\/50 divide-borderMain\/50 dark:divide-borderMainDark\/50 dark:ring-borderMainDark\/50 dark:border-borderMainDark\/50 bg-transparent\">\r\n<div class=\"md:pt-md isolate mx-auto px-md md:px-lg\">\r\n<div class=\"max-w-threadContentWidth relative z-20 mx-auto\">\r\n<div>\r\n<div class=\"relative z-10\">\r\n<div class=\"pt-md md:pt-lg group relative mb-1 flex items-end gap-0.5 md:mb-6\"><\/div>\r\n<\/div>\r\n<\/div>\r\n<\/div>\r\n<\/div>\r\n<\/div>\r\n<\/div>\r\n<\/div>\r\n<\/div>","link":{"title":"Convierte m\u00e1s clientes","url":"https:\/\/indigitall.com\/es\/caso-de-uso\/convertir-mas-clientes\/","target":""}},{"icon":1430,"title":"Campa\u00f1as de ciclo de vida","text":"<div>\r\n<div>\r\n<div>\r\n<div class=\"border-borderMain\/50 ring-borderMain\/50 divide-borderMain\/50 dark:divide-borderMainDark\/50 dark:ring-borderMainDark\/50 dark:border-borderMainDark\/50 bg-transparent\">\r\n<div class=\"md:pt-md isolate mx-auto px-md md:px-lg\">\r\n<div class=\"mx-auto max-w-threadContentWidth border-borderMain\/50 border-b pb-lg\">\r\n<div class=\"relative\">\r\n<div class=\"gap-y-sm flex flex-col\">\r\n<div class=\"gap-y-lg first:mt-sm mt-4 flex flex-col\">\r\n<div class=\"border-borderMain\/50 ring-borderMain\/50 divide-borderMain\/50 dark:divide-borderMainDark\/50 dark:ring-borderMainDark\/50 dark:border-borderMainDark\/50 bg-transparent\">\r\n<div class=\"gap-y-md flex flex-col\">\r\n<div class=\"relative default font-sans text-base text-textMain dark:text-textMainDark selection:bg-super\/50 selection:text-textMain dark:selection:bg-superDuper\/10 dark:selection:text-superDark\">\r\n<div class=\"min-w-0 break-words [word-break:break-word]\">\r\n<div id=\"markdown-content-11\" class=\"gap-y-md after:clear-both after:block after:content-['']\" dir=\"auto\">\r\n<div class=\"relative\">\r\n<div class=\"prose text-pretty dark:prose-invert inline leading-normal break-words min-w-0 [word-break:break-word]\">\r\n<p class=\"my-0\">Convirtiendo cada interacci\u00f3n en una conexi\u00f3n duradera.<\/p>\r\n\r\n<\/div>\r\n<\/div>\r\n<\/div>\r\n<\/div>\r\n<\/div>\r\n<div class=\"flex items-center justify-between\">\r\n<div class=\"gap-x-xs flex items-center\">\r\n<div class=\"\">\r\n<div class=\"flex items-center min-w-0 font-medium gap-1.5 justify-center\">\r\n<div class=\"flex shrink-0 items-center justify-center size-4\"><\/div>\r\n<\/div>\r\n<\/div>\r\n<\/div>\r\n<\/div>\r\n<\/div>\r\n<\/div>\r\n<\/div>\r\n<\/div>\r\n<\/div>\r\n<\/div>\r\n<\/div>\r\n<\/div>\r\n<\/div>\r\n<\/div>\r\n<\/div>\r\n<div>\r\n<div>\r\n<div>\r\n<div class=\"erp-sidecar:min-h-[var(--sidecar-content-height)] min-h-[var(--page-content-height)] border-borderMain\/50 ring-borderMain\/50 divide-borderMain\/50 dark:divide-borderMainDark\/50 dark:ring-borderMainDark\/50 dark:border-borderMainDark\/50 bg-transparent\">\r\n<div class=\"md:pt-md isolate mx-auto px-md md:px-lg\">\r\n<div class=\"max-w-threadContentWidth relative z-20 mx-auto\">\r\n<div>\r\n<div class=\"relative z-10\">\r\n<div class=\"pt-md md:pt-lg group relative mb-1 flex items-end gap-0.5 md:mb-6\"><\/div>\r\n<\/div>\r\n<\/div>\r\n<\/div>\r\n<\/div>\r\n<\/div>\r\n<\/div>\r\n<\/div>\r\n<\/div>","link":{"title":"Campa\u00f1as de ciclo de vida","url":"https:\/\/indigitall.com\/es\/caso-de-uso\/gestiona-el-ciclo-de-vida-del-cliente\/","target":""}},{"icon":1427,"title":"Upselling &\r\nCross-Selling","text":"Maximiza el valor de vida del cliente con recomendaciones personalizadas basadas en su comportamiento.","link":{"title":"Upsell & Cross-Sell","url":"https:\/\/indigitall.com\/es\/caso-de-uso\/upselling-y-cross-selling\/","target":""}}]},{"acf_fc_layout":"slider_channels","pretitle":"CANALES ENTRANTES Y SALIENTES","title":"Precisi\u00f3n en cada punto de contacto"},{"acf_fc_layout":"industries_sectors_access_cards","pretitle":"SECTORES","title":"Una experiencia inmejorable\r\npara todo tipo de negocio","button":{"title":"Demo Gratuita","url":"#getstarted","target":"_blank"},"cards":[{"text":"Retail y\r\neCommerce","icon":1463,"image":1479,"link":{"title":"Retail y eCommerce","url":"https:\/\/indigitall.com\/es\/sector\/retail-y-ecommerce\/","target":""}},{"text":"Banca y\r\nSeguros","icon":1460,"image":1476,"link":{"title":"Bank & Insurance","url":"https:\/\/indigitall.com\/es\/sector\/banca-y-seguros\/","target":""}},{"text":"Alimentaci\u00f3n y\r\nbebida","icon":1457,"image":1473,"link":{"title":"Alimentaci\u00f3n y Bebida","url":"https:\/\/indigitall.com\/es\/sector\/alimentos-y-bebidas\/","target":""}},{"text":"Telco y \r\nMedia","icon":1454,"image":1470,"link":{"title":"Telco y  Media","url":"https:\/\/indigitall.com\/es\/sector\/telco-y-media\/","target":""}},{"text":"Viajes y\r\nrestauraci\u00f3n","icon":1451,"image":1467,"link":{"title":"Viajes y Restauraci\u00f3n","url":"https:\/\/indigitall.com\/es\/sector\/viajes-y-hosteleria\/","target":""}}]},{"acf_fc_layout":"the_indigitall_way"}],"hide_slider_blog":false,"slider_blog_custom_tag":null,"hide_mobile_fixed_buttons":false,"mobile_fixed_button_1":null,"mobile_fixed_button_2":null,"icon_mobile_fixed_button_2":"","download_ebook":false,"ebook_title":""},"yoast_head":"<!-- This site is optimized with the Yoast SEO plugin v27.4 - https:\/\/yoast.com\/product\/yoast-seo-wordpress\/ -->\n<title>indigitall - Software N\u00ba 1 de WhatsApp Marketing e IA<\/title>\n<meta name=\"description\" content=\"indigitall: El software n\u00ba 1 de WhatsApp Marketing. La \u00fanica plataforma de captaci\u00f3n con IA que unifica todos tus canales en una sola soluci\u00f3n.\" \/>\n<meta name=\"robots\" content=\"index, follow, max-snippet:-1, max-image-preview:large, max-video-preview:-1\" \/>\n<link rel=\"canonical\" href=\"https:\/\/indigitall.com\/es\/\" \/>\n<meta property=\"og:locale\" content=\"es_ES\" \/>\n<meta property=\"og:type\" content=\"article\" \/>\n<meta property=\"og:title\" content=\"indigitall - Software N\u00ba 1 de WhatsApp Marketing e IA\" \/>\n<meta property=\"og:description\" content=\"indigitall: El software n\u00ba 1 de WhatsApp Marketing. La \u00fanica plataforma de captaci\u00f3n con IA que unifica todos tus canales en una sola soluci\u00f3n.\" \/>\n<meta property=\"og:url\" content=\"https:\/\/indigitall.com\/es\/\" \/>\n<meta property=\"og:site_name\" content=\"indigitall\" \/>\n<meta property=\"article:modified_time\" content=\"2026-04-07T13:24:22+00:00\" \/>\n<meta name=\"twitter:card\" content=\"summary_large_image\" \/>\n<script type=\"application\/ld+json\" class=\"yoast-schema-graph\">{\"@context\":\"https:\\\/\\\/schema.org\",\"@graph\":[{\"@type\":\"WebPage\",\"@id\":\"https:\\\/\\\/indigitall.com\\\/es\\\/\",\"url\":\"https:\\\/\\\/indigitall.com\\\/es\\\/\",\"name\":\"indigitall - Software N\u00ba 1 de WhatsApp Marketing e IA\",\"isPartOf\":{\"@id\":\"https:\\\/\\\/indigitall.com\\\/es\\\/#website\"},\"datePublished\":\"2025-02-07T09:47:31+00:00\",\"dateModified\":\"2026-04-07T13:24:22+00:00\",\"description\":\"indigitall: El software n\u00ba 1 de WhatsApp Marketing. La \u00fanica plataforma de captaci\u00f3n con IA que unifica todos tus canales en una sola soluci\u00f3n.\",\"breadcrumb\":{\"@id\":\"https:\\\/\\\/indigitall.com\\\/es\\\/#breadcrumb\"},\"inLanguage\":\"es\",\"potentialAction\":[{\"@type\":\"ReadAction\",\"target\":[\"https:\\\/\\\/indigitall.com\\\/es\\\/\"]}]},{\"@type\":\"BreadcrumbList\",\"@id\":\"https:\\\/\\\/indigitall.com\\\/es\\\/#breadcrumb\",\"itemListElement\":[{\"@type\":\"ListItem\",\"position\":1,\"name\":\"Home\",\"item\":\"https:\\\/\\\/indigitall.com\\\/es\\\/\"},{\"@type\":\"ListItem\",\"position\":2,\"name\":\"Inicio\"}]},{\"@type\":\"WebSite\",\"@id\":\"https:\\\/\\\/indigitall.com\\\/es\\\/#website\",\"url\":\"https:\\\/\\\/indigitall.com\\\/es\\\/\",\"name\":\"indigitall\",\"description\":\"Because Every Interaction Matters\",\"potentialAction\":[{\"@type\":\"SearchAction\",\"target\":{\"@type\":\"EntryPoint\",\"urlTemplate\":\"https:\\\/\\\/indigitall.com\\\/es\\\/?s={search_term_string}\"},\"query-input\":{\"@type\":\"PropertyValueSpecification\",\"valueRequired\":true,\"valueName\":\"search_term_string\"}}],\"inLanguage\":\"es\"}]}<\/script>\n<!-- \/ Yoast SEO plugin. -->","yoast_head_json":{"title":"indigitall - Software N\u00ba 1 de WhatsApp Marketing e IA","description":"indigitall: El software n\u00ba 1 de WhatsApp Marketing. La \u00fanica plataforma de captaci\u00f3n con IA que unifica todos tus canales en una sola soluci\u00f3n.","robots":{"index":"index","follow":"follow","max-snippet":"max-snippet:-1","max-image-preview":"max-image-preview:large","max-video-preview":"max-video-preview:-1"},"canonical":"https:\/\/indigitall.com\/es\/","og_locale":"es_ES","og_type":"article","og_title":"indigitall - Software N\u00ba 1 de WhatsApp Marketing e IA","og_description":"indigitall: El software n\u00ba 1 de WhatsApp Marketing. La \u00fanica plataforma de captaci\u00f3n con IA que unifica todos tus canales en una sola soluci\u00f3n.","og_url":"https:\/\/indigitall.com\/es\/","og_site_name":"indigitall","article_modified_time":"2026-04-07T13:24:22+00:00","twitter_card":"summary_large_image","schema":{"@context":"https:\/\/schema.org","@graph":[{"@type":"WebPage","@id":"https:\/\/indigitall.com\/es\/","url":"https:\/\/indigitall.com\/es\/","name":"indigitall - Software N\u00ba 1 de WhatsApp Marketing e IA","isPartOf":{"@id":"https:\/\/indigitall.com\/es\/#website"},"datePublished":"2025-02-07T09:47:31+00:00","dateModified":"2026-04-07T13:24:22+00:00","description":"indigitall: El software n\u00ba 1 de WhatsApp Marketing. La \u00fanica plataforma de captaci\u00f3n con IA que unifica todos tus canales en una sola soluci\u00f3n.","breadcrumb":{"@id":"https:\/\/indigitall.com\/es\/#breadcrumb"},"inLanguage":"es","potentialAction":[{"@type":"ReadAction","target":["https:\/\/indigitall.com\/es\/"]}]},{"@type":"BreadcrumbList","@id":"https:\/\/indigitall.com\/es\/#breadcrumb","itemListElement":[{"@type":"ListItem","position":1,"name":"Home","item":"https:\/\/indigitall.com\/es\/"},{"@type":"ListItem","position":2,"name":"Inicio"}]},{"@type":"WebSite","@id":"https:\/\/indigitall.com\/es\/#website","url":"https:\/\/indigitall.com\/es\/","name":"indigitall","description":"Because Every Interaction Matters","potentialAction":[{"@type":"SearchAction","target":{"@type":"EntryPoint","urlTemplate":"https:\/\/indigitall.com\/es\/?s={search_term_string}"},"query-input":{"@type":"PropertyValueSpecification","valueRequired":true,"valueName":"search_term_string"}}],"inLanguage":"es"}]}},"_links":{"self":[{"href":"https:\/\/indigitall.com\/es\/wp-json\/wp\/v2\/pages\/2890","targetHints":{"allow":["GET"]}}],"collection":[{"href":"https:\/\/indigitall.com\/es\/wp-json\/wp\/v2\/pages"}],"about":[{"href":"https:\/\/indigitall.com\/es\/wp-json\/wp\/v2\/types\/page"}],"author":[{"embeddable":true,"href":"https:\/\/indigitall.com\/es\/wp-json\/wp\/v2\/users\/1"}],"replies":[{"embeddable":true,"href":"https:\/\/indigitall.com\/es\/wp-json\/wp\/v2\/comments?post=2890"}],"version-history":[{"count":48,"href":"https:\/\/indigitall.com\/es\/wp-json\/wp\/v2\/pages\/2890\/revisions"}],"predecessor-version":[{"id":15331,"href":"https:\/\/indigitall.com\/es\/wp-json\/wp\/v2\/pages\/2890\/revisions\/15331"}],"wp:attachment":[{"href":"https:\/\/indigitall.com\/es\/wp-json\/wp\/v2\/media?parent=2890"}],"curies":[{"name":"wp","href":"https:\/\/api.w.org\/{rel}","templated":true}]}}