{"id":9202,"date":"2025-07-23T07:53:30","date_gmt":"2025-07-23T07:53:30","guid":{"rendered":"https:\/\/indigitall.com\/chatbot\/"},"modified":"2025-07-23T08:03:29","modified_gmt":"2025-07-23T08:03:29","slug":"chatbot","status":"publish","type":"page","link":"https:\/\/indigitall.com\/br\/chatbot\/","title":{"rendered":"Chatbot"},"content":{"rendered":"","protected":false},"excerpt":{"rendered":"","protected":false},"author":1,"featured_media":0,"parent":0,"menu_order":0,"comment_status":"closed","ping_status":"closed","template":"template-chatbot.php","meta":{"_acf_changed":false},"class_list":["post-9202","page","type-page","status-publish","hentry"],"acf":{"logo":5905,"title":"Como podemos ajudar voc\u00ea?","text_suggestions":"Voc\u00ea pode nos dizer se oferece notifica\u00e7\u00f5es personalizadas para a web?\r\nVoc\u00ea pode nos dizer se oferece notifica\u00e7\u00f5es personalizadas para aplicativos m\u00f3veis?","chat_placeholder":"Pergunte-me alguma coisa...","contact_text":"Se preferir, entre em contato conosco\r\nou solicite uma demonstra\u00e7\u00e3o gratuita.","icon_button_1":5375,"button_1":{"title":"Fale com Vendas","url":"https:\/\/indigitall.com\/br\/fale-com-vendas\/","target":""},"button_2":{"title":"Free demo","url":"#getstarted","target":""}},"yoast_head":"<!-- This site is optimized with the Yoast SEO plugin v27.1.1 - https:\/\/yoast.com\/product\/yoast-seo-wordpress\/ -->\n<title>Chatbot - indigitall<\/title>\n<meta name=\"robots\" content=\"index, follow, max-snippet:-1, max-image-preview:large, max-video-preview:-1\" \/>\n<link rel=\"canonical\" href=\"https:\/\/indigitall.com\/br\/chatbot\/\" \/>\n<meta property=\"og:locale\" content=\"en_US\" \/>\n<meta property=\"og:type\" content=\"article\" \/>\n<meta property=\"og:title\" content=\"Chatbot - indigitall\" \/>\n<meta property=\"og:url\" content=\"https:\/\/indigitall.com\/br\/chatbot\/\" \/>\n<meta property=\"og:site_name\" content=\"indigitall\" \/>\n<meta property=\"article:modified_time\" content=\"2025-07-23T08:03:29+00:00\" \/>\n<meta name=\"twitter:card\" content=\"summary_large_image\" \/>\n<script type=\"application\/ld+json\" class=\"yoast-schema-graph\">{\"@context\":\"https:\/\/schema.org\",\"@graph\":[{\"@type\":\"WebPage\",\"@id\":\"https:\/\/indigitall.com\/br\/chatbot\/\",\"url\":\"https:\/\/indigitall.com\/br\/chatbot\/\",\"name\":\"Chatbot - indigitall\",\"isPartOf\":{\"@id\":\"https:\/\/indigitall.com\/br\/#website\"},\"datePublished\":\"2025-07-23T07:53:30+00:00\",\"dateModified\":\"2025-07-23T08:03:29+00:00\",\"breadcrumb\":{\"@id\":\"https:\/\/indigitall.com\/br\/chatbot\/#breadcrumb\"},\"inLanguage\":\"br-BR\",\"potentialAction\":[{\"@type\":\"ReadAction\",\"target\":[\"https:\/\/indigitall.com\/br\/chatbot\/\"]}]},{\"@type\":\"BreadcrumbList\",\"@id\":\"https:\/\/indigitall.com\/br\/chatbot\/#breadcrumb\",\"itemListElement\":[{\"@type\":\"ListItem\",\"position\":1,\"name\":\"Home\",\"item\":\"https:\/\/indigitall.com\/br\/\"},{\"@type\":\"ListItem\",\"position\":2,\"name\":\"Chatbot\"}]},{\"@type\":\"WebSite\",\"@id\":\"https:\/\/indigitall.com\/br\/#website\",\"url\":\"https:\/\/indigitall.com\/br\/\",\"name\":\"indigitall\",\"description\":\"Because Every Interaction Matters\",\"potentialAction\":[{\"@type\":\"SearchAction\",\"target\":{\"@type\":\"EntryPoint\",\"urlTemplate\":\"https:\/\/indigitall.com\/br\/?s={search_term_string}\"},\"query-input\":{\"@type\":\"PropertyValueSpecification\",\"valueRequired\":true,\"valueName\":\"search_term_string\"}}],\"inLanguage\":\"br-BR\"}]}<\/script>\n<!-- \/ Yoast SEO plugin. -->","yoast_head_json":{"title":"Chatbot - indigitall","robots":{"index":"index","follow":"follow","max-snippet":"max-snippet:-1","max-image-preview":"max-image-preview:large","max-video-preview":"max-video-preview:-1"},"canonical":"https:\/\/indigitall.com\/br\/chatbot\/","og_locale":"en_US","og_type":"article","og_title":"Chatbot - indigitall","og_url":"https:\/\/indigitall.com\/br\/chatbot\/","og_site_name":"indigitall","article_modified_time":"2025-07-23T08:03:29+00:00","twitter_card":"summary_large_image","schema":{"@context":"https:\/\/schema.org","@graph":[{"@type":"WebPage","@id":"https:\/\/indigitall.com\/br\/chatbot\/","url":"https:\/\/indigitall.com\/br\/chatbot\/","name":"Chatbot - indigitall","isPartOf":{"@id":"https:\/\/indigitall.com\/br\/#website"},"datePublished":"2025-07-23T07:53:30+00:00","dateModified":"2025-07-23T08:03:29+00:00","breadcrumb":{"@id":"https:\/\/indigitall.com\/br\/chatbot\/#breadcrumb"},"inLanguage":"br-BR","potentialAction":[{"@type":"ReadAction","target":["https:\/\/indigitall.com\/br\/chatbot\/"]}]},{"@type":"BreadcrumbList","@id":"https:\/\/indigitall.com\/br\/chatbot\/#breadcrumb","itemListElement":[{"@type":"ListItem","position":1,"name":"Home","item":"https:\/\/indigitall.com\/br\/"},{"@type":"ListItem","position":2,"name":"Chatbot"}]},{"@type":"WebSite","@id":"https:\/\/indigitall.com\/br\/#website","url":"https:\/\/indigitall.com\/br\/","name":"indigitall","description":"Because Every Interaction Matters","potentialAction":[{"@type":"SearchAction","target":{"@type":"EntryPoint","urlTemplate":"https:\/\/indigitall.com\/br\/?s={search_term_string}"},"query-input":{"@type":"PropertyValueSpecification","valueRequired":true,"valueName":"search_term_string"}}],"inLanguage":"br-BR"}]}},"_links":{"self":[{"href":"https:\/\/indigitall.com\/br\/wp-json\/wp\/v2\/pages\/9202","targetHints":{"allow":["GET"]}}],"collection":[{"href":"https:\/\/indigitall.com\/br\/wp-json\/wp\/v2\/pages"}],"about":[{"href":"https:\/\/indigitall.com\/br\/wp-json\/wp\/v2\/types\/page"}],"author":[{"embeddable":true,"href":"https:\/\/indigitall.com\/br\/wp-json\/wp\/v2\/users\/1"}],"replies":[{"embeddable":true,"href":"https:\/\/indigitall.com\/br\/wp-json\/wp\/v2\/comments?post=9202"}],"version-history":[{"count":1,"href":"https:\/\/indigitall.com\/br\/wp-json\/wp\/v2\/pages\/9202\/revisions"}],"predecessor-version":[{"id":9206,"href":"https:\/\/indigitall.com\/br\/wp-json\/wp\/v2\/pages\/9202\/revisions\/9206"}],"wp:attachment":[{"href":"https:\/\/indigitall.com\/br\/wp-json\/wp\/v2\/media?parent=9202"}],"curies":[{"name":"wp","href":"https:\/\/api.w.org\/{rel}","templated":true}]}}