{"id":9126,"date":"2025-07-15T08:50:32","date_gmt":"2025-07-15T08:50:32","guid":{"rendered":"https:\/\/indigitall.com\/indigitall-customer-data-platform\/"},"modified":"2025-07-21T11:10:00","modified_gmt":"2025-07-21T11:10:00","slug":"indigitall-customer-data-platform","status":"publish","type":"page","link":"https:\/\/indigitall.com\/br\/indigitall-customer-data-platform\/","title":{"rendered":"indigitall &#8211; Customer Data Platform"},"content":{"rendered":"","protected":false},"excerpt":{"rendered":"","protected":false},"author":3,"featured_media":0,"parent":0,"menu_order":0,"comment_status":"closed","ping_status":"closed","template":"","meta":{"_acf_changed":false},"class_list":["post-9126","page","type-page","status-publish","hentry"],"acf":{"flexible_content":[{"acf_fc_layout":"hero_page","background_type":"image","dark_filter":0,"background_image":9087,"background_image_mobile":9134,"background_video":null,"background_video_mobile":null,"pretitle":"Customer Data Platform","pretitle_font_size":"","title":"A solu\u00e7\u00e3o definitiva para centralizar, analisar e ativar todos os seus dados de usu\u00e1rio, independentemente do canal ou dispositivo.","title_font_size":"","subtitle":"","subtitle_font_size":"","button_1":{"title":"Empezar ahora","url":"#getstarted","target":"_blank"},"button_2":{"title":"Ver demo","url":"\/","target":"_blank"},"icon_button_2":null,"download_ebook":false,"ebook_title":"","extra_content":"brands","title_cards":"","cards":null,"brands_custom_background_color":false,"brands_background_color":"","custom_brands":false,"brands":null},{"acf_fc_layout":"text_icons","text":"Uma plataforma avan\u00e7ada que integra e sincroniza todos os dados de seus usu\u00e1rios em tempo real, conectando-se a qualquer software (CRM, ERP, etc.). Voc\u00ea ter\u00e1 uma vis\u00e3o unificada de cada cliente e de todas as intera\u00e7\u00f5es dele com sua marca.","link":null},{"acf_fc_layout":"video_player","pretitle":"CDP indigitall","title":"Saiba passo a passo como funciona nosso PDC","video":9023,"preview":9026},{"acf_fc_layout":"sections_fixed_images","design":false,"title":"VENTAJAS","link":null,"sections":[{"title":"Vis\u00e3o 360\u00b0 do cliente","subtitle":"","index":"","text":"Ele unifica todos os dados e pontos de contato em um \u00fanico banco de dados, com foco em um \u00fanico usu\u00e1rio.","link":null,"list":null,"tag":"","media_type":"image","image":8914,"image_mobile":null,"video":null,"video_mobile":null},{"title":"Personaliza\u00e7\u00e3o avan\u00e7ada","subtitle":"","index":"","text":"Segmente e personalize suas campanhas de acordo com o comportamento real de cada usu\u00e1rio.","link":null,"list":null,"tag":"","media_type":"image","image":7874,"image_mobile":null,"video":null,"video_mobile":null},{"title":"Automa\u00e7\u00e3o inteligente","subtitle":"","index":"","text":"Lan\u00e7ar mensagens relevantes no canal ideal e no momento ideal para maximizar a resposta.","link":null,"list":null,"tag":"","media_type":"image","image":5459,"image_mobile":null,"video":null,"video_mobile":null},{"title":"Sincroniza\u00e7\u00e3o instant\u00e2nea","subtitle":"","index":"","text":"Importe facilmente seus contatos e campos personalizados com arquivos CSV ou integra\u00e7\u00f5es diretas.","link":null,"list":null,"tag":"","media_type":"image","image":8917,"image_mobile":null,"video":null,"video_mobile":null},{"title":"An\u00e1lise e tend\u00eancias","subtitle":"","index":"","text":"Identifique padr\u00f5es de comportamento, me\u00e7a os resultados e otimize sua estrat\u00e9gia em tempo real.","link":null,"list":null,"tag":"","media_type":"image","image":8046,"image_mobile":null,"video":null,"video_mobile":null}],"list_collapsed":false},{"acf_fc_layout":"slider_cards_list","pretitle":"","link":{"title":"DOCUMENTACI\u00d3N","url":"https:\/\/documentation.indigitall.com\/docs\/audiences","target":"_blank"},"title":"COMO FUNCIONA?","cards":[{"image":9111,"title":"Campos do cliente","text":"Crie e personalize os campos necess\u00e1rios (nome, data, n\u00famero, etc.) para segmentar p\u00fablicos e definir filtros precisos em suas jornadas. Apenas certifique-se de que os nomes correspondam aos do seu CRM ou banco de dados.","list":[{"item":"Adicione novos campos em segundos."},{"item":"Sincronize dados em massa via .CSV."},{"item":"Defina filtros avan\u00e7ados para campanhas hiperdirecionadas."}]},{"image":9123,"title":"Gerenciamento de clientes","text":"Visualize, edite e gerencie facilmente todas as informa\u00e7\u00f5es de seus clientes em um s\u00f3 lugar. Identificadores exclusivos garantem a integridade dos dados, enquanto voc\u00ea pode modificar quaisquer outros campos relevantes para suas campanhas.","list":[{"item":"Exibir detalhes e editar campos personalizados."},{"item":"Segmente e filtre seu p\u00fablico em tempo real."},{"item":"Isso garante que cada usu\u00e1rio receba a mensagem correta."}]}]},{"acf_fc_layout":"slider_big_cards_list","pretitle":"VALOR","title":"Impacte seu crescimento com\r\nferramentas de IA da indigitall","link":null,"cards":[{"background":8903,"background_mobile":8906,"pretitle":"","title":"","list":null,"card_title_1":"","card_text_1":"","card_title_2":"","card_text_2":""}]},{"acf_fc_layout":"sections_fixed_images","design":false,"title":"","link":null,"sections":null,"list_collapsed":false},{"acf_fc_layout":"slider_big_cards","pretitle":"HIST\u00d3RIAS DE SUCESSO","title":"Exemplos reais\r\nde melhorias tang\u00edveis","link":{"title":"Hist\u00f3rias de sucesso","url":"https:\/\/indigitall.com\/br\/historias-de-sucesso\/","target":""},"cards":[{"card_type":"default","background_type":"image","background":6385,"background_mobile":6386,"logo":6700,"link":null,"pretitle":"","title":"","text":"\"A indigitall melhorou a experi\u00eancia de nossos clientes ao desenvolver um bot poderoso para o WhatsApp. Desde sua implementa\u00e7\u00e3o, as chamadas para nosso atendimento ao cliente diminu\u00edram, enquanto a satisfa\u00e7\u00e3o aumentou gra\u00e7as a esse novo canal. Sua equipe de suporte resolve os problemas de forma r\u00e1pida e eficiente.\"","footer_text":"Gerente de atendimento ao cliente","card_title":"","card_text":""},{"card_type":"default","background_type":"image","background":5486,"background_mobile":5487,"logo":5488,"link":null,"pretitle":"","title":"","text":"\"A plataforma da indigitall nos permitiu criar uma solu\u00e7\u00e3o personalizada para aumentar a satisfa\u00e7\u00e3o e o LTV (valor vital\u00edcio do cliente) via WhatsApp.\"","footer_text":"Diretor Digital","card_title":"20%","card_text":"Redu\u00e7\u00e3o dos custos operacionais no atendimento ao cliente"},{"card_type":"default","background_type":"image","background":5494,"background_mobile":5493,"logo":5492,"link":null,"pretitle":"","title":"","text":"\"A melhor coisa da indigitall \u00e9 a proximidade; nosso contato est\u00e1 sempre dispon\u00edvel para o que precisarmos. A interface \u00e9 muito intuitiva e f\u00e1cil de usar, o que simplifica o trabalho. \u00c9 uma ferramenta projetada para o usu\u00e1rio.","footer_text":"Jordi Aymar, Diretor de Marketing (CMO) do Grupo Proclinic","card_title":"","card_text":""}]}],"hide_slider_blog":true,"slider_blog_custom_tag":null,"hide_mobile_fixed_buttons":false,"mobile_fixed_button_1":{"title":"Comece agora","url":"#getstarted","target":""},"mobile_fixed_button_2":{"title":"Ver demo","url":"\/","target":"_blank"},"icon_mobile_fixed_button_2":"","download_ebook":false,"ebook_title":""},"yoast_head":"<!-- This site is optimized with the Yoast SEO plugin v27.4 - https:\/\/yoast.com\/product\/yoast-seo-wordpress\/ -->\n<title>CDP para marketing omnichannel: unifique os dados de seus clientes - indigitall<\/title>\n<meta name=\"description\" content=\"Descubra o CDP da indigitall: centralize os dados dos clientes, personalize as experi\u00eancias e aprimore seu marketing omnichannel com intelig\u00eancia e precis\u00e3o.\" \/>\n<meta name=\"robots\" content=\"index, follow, max-snippet:-1, max-image-preview:large, max-video-preview:-1\" \/>\n<link rel=\"canonical\" href=\"https:\/\/indigitall.com\/br\/indigitall-customer-data-platform\/\" \/>\n<meta property=\"og:locale\" content=\"en_US\" \/>\n<meta property=\"og:type\" content=\"article\" \/>\n<meta property=\"og:title\" content=\"CDP para marketing omnichannel: unifique os dados de seus clientes - indigitall\" \/>\n<meta property=\"og:description\" content=\"Descubra o CDP da indigitall: centralize os dados dos clientes, personalize as experi\u00eancias e aprimore seu marketing omnichannel com intelig\u00eancia e precis\u00e3o.\" \/>\n<meta property=\"og:url\" content=\"https:\/\/indigitall.com\/br\/indigitall-customer-data-platform\/\" \/>\n<meta property=\"og:site_name\" content=\"indigitall\" \/>\n<meta property=\"article:modified_time\" content=\"2025-07-21T11:10:00+00:00\" \/>\n<meta name=\"twitter:card\" content=\"summary_large_image\" \/>\n<script type=\"application\/ld+json\" class=\"yoast-schema-graph\">{\"@context\":\"https:\\\/\\\/schema.org\",\"@graph\":[{\"@type\":\"WebPage\",\"@id\":\"https:\\\/\\\/indigitall.com\\\/br\\\/indigitall-customer-data-platform\\\/\",\"url\":\"https:\\\/\\\/indigitall.com\\\/br\\\/indigitall-customer-data-platform\\\/\",\"name\":\"CDP para marketing omnichannel: unifique os dados de seus clientes - indigitall\",\"isPartOf\":{\"@id\":\"https:\\\/\\\/indigitall.com\\\/br\\\/#website\"},\"datePublished\":\"2025-07-15T08:50:32+00:00\",\"dateModified\":\"2025-07-21T11:10:00+00:00\",\"description\":\"Descubra o CDP da indigitall: centralize os dados dos clientes, personalize as experi\u00eancias e aprimore seu marketing omnichannel com intelig\u00eancia e precis\u00e3o.\",\"breadcrumb\":{\"@id\":\"https:\\\/\\\/indigitall.com\\\/br\\\/indigitall-customer-data-platform\\\/#breadcrumb\"},\"inLanguage\":\"br-BR\",\"potentialAction\":[{\"@type\":\"ReadAction\",\"target\":[\"https:\\\/\\\/indigitall.com\\\/br\\\/indigitall-customer-data-platform\\\/\"]}]},{\"@type\":\"BreadcrumbList\",\"@id\":\"https:\\\/\\\/indigitall.com\\\/br\\\/indigitall-customer-data-platform\\\/#breadcrumb\",\"itemListElement\":[{\"@type\":\"ListItem\",\"position\":1,\"name\":\"Home\",\"item\":\"https:\\\/\\\/indigitall.com\\\/br\\\/\"},{\"@type\":\"ListItem\",\"position\":2,\"name\":\"indigitall &#8211; Customer Data Platform\"}]},{\"@type\":\"WebSite\",\"@id\":\"https:\\\/\\\/indigitall.com\\\/br\\\/#website\",\"url\":\"https:\\\/\\\/indigitall.com\\\/br\\\/\",\"name\":\"indigitall\",\"description\":\"Because Every Interaction Matters\",\"potentialAction\":[{\"@type\":\"SearchAction\",\"target\":{\"@type\":\"EntryPoint\",\"urlTemplate\":\"https:\\\/\\\/indigitall.com\\\/br\\\/?s={search_term_string}\"},\"query-input\":{\"@type\":\"PropertyValueSpecification\",\"valueRequired\":true,\"valueName\":\"search_term_string\"}}],\"inLanguage\":\"br-BR\"}]}<\/script>\n<!-- \/ Yoast SEO plugin. -->","yoast_head_json":{"title":"CDP para marketing omnichannel: unifique os dados de seus clientes - indigitall","description":"Descubra o CDP da indigitall: centralize os dados dos clientes, personalize as experi\u00eancias e aprimore seu marketing omnichannel com intelig\u00eancia e precis\u00e3o.","robots":{"index":"index","follow":"follow","max-snippet":"max-snippet:-1","max-image-preview":"max-image-preview:large","max-video-preview":"max-video-preview:-1"},"canonical":"https:\/\/indigitall.com\/br\/indigitall-customer-data-platform\/","og_locale":"en_US","og_type":"article","og_title":"CDP para marketing omnichannel: unifique os dados de seus clientes - indigitall","og_description":"Descubra o CDP da indigitall: centralize os dados dos clientes, personalize as experi\u00eancias e aprimore seu marketing omnichannel com intelig\u00eancia e precis\u00e3o.","og_url":"https:\/\/indigitall.com\/br\/indigitall-customer-data-platform\/","og_site_name":"indigitall","article_modified_time":"2025-07-21T11:10:00+00:00","twitter_card":"summary_large_image","schema":{"@context":"https:\/\/schema.org","@graph":[{"@type":"WebPage","@id":"https:\/\/indigitall.com\/br\/indigitall-customer-data-platform\/","url":"https:\/\/indigitall.com\/br\/indigitall-customer-data-platform\/","name":"CDP para marketing omnichannel: unifique os dados de seus clientes - indigitall","isPartOf":{"@id":"https:\/\/indigitall.com\/br\/#website"},"datePublished":"2025-07-15T08:50:32+00:00","dateModified":"2025-07-21T11:10:00+00:00","description":"Descubra o CDP da indigitall: centralize os dados dos clientes, personalize as experi\u00eancias e aprimore seu marketing omnichannel com intelig\u00eancia e precis\u00e3o.","breadcrumb":{"@id":"https:\/\/indigitall.com\/br\/indigitall-customer-data-platform\/#breadcrumb"},"inLanguage":"br-BR","potentialAction":[{"@type":"ReadAction","target":["https:\/\/indigitall.com\/br\/indigitall-customer-data-platform\/"]}]},{"@type":"BreadcrumbList","@id":"https:\/\/indigitall.com\/br\/indigitall-customer-data-platform\/#breadcrumb","itemListElement":[{"@type":"ListItem","position":1,"name":"Home","item":"https:\/\/indigitall.com\/br\/"},{"@type":"ListItem","position":2,"name":"indigitall &#8211; Customer Data Platform"}]},{"@type":"WebSite","@id":"https:\/\/indigitall.com\/br\/#website","url":"https:\/\/indigitall.com\/br\/","name":"indigitall","description":"Because Every Interaction Matters","potentialAction":[{"@type":"SearchAction","target":{"@type":"EntryPoint","urlTemplate":"https:\/\/indigitall.com\/br\/?s={search_term_string}"},"query-input":{"@type":"PropertyValueSpecification","valueRequired":true,"valueName":"search_term_string"}}],"inLanguage":"br-BR"}]}},"_links":{"self":[{"href":"https:\/\/indigitall.com\/br\/wp-json\/wp\/v2\/pages\/9126","targetHints":{"allow":["GET"]}}],"collection":[{"href":"https:\/\/indigitall.com\/br\/wp-json\/wp\/v2\/pages"}],"about":[{"href":"https:\/\/indigitall.com\/br\/wp-json\/wp\/v2\/types\/page"}],"author":[{"embeddable":true,"href":"https:\/\/indigitall.com\/br\/wp-json\/wp\/v2\/users\/3"}],"replies":[{"embeddable":true,"href":"https:\/\/indigitall.com\/br\/wp-json\/wp\/v2\/comments?post=9126"}],"version-history":[{"count":3,"href":"https:\/\/indigitall.com\/br\/wp-json\/wp\/v2\/pages\/9126\/revisions"}],"predecessor-version":[{"id":9137,"href":"https:\/\/indigitall.com\/br\/wp-json\/wp\/v2\/pages\/9126\/revisions\/9137"}],"wp:attachment":[{"href":"https:\/\/indigitall.com\/br\/wp-json\/wp\/v2\/media?parent=9126"}],"curies":[{"name":"wp","href":"https:\/\/api.w.org\/{rel}","templated":true}]}}