{"id":7923,"date":"2025-05-19T20:10:35","date_gmt":"2025-05-19T20:10:35","guid":{"rendered":"https:\/\/indigitall.com\/casos-de-uso-top\/"},"modified":"2025-05-29T11:01:00","modified_gmt":"2025-05-29T11:01:00","slug":"casos-de-uso-top","status":"publish","type":"page","link":"https:\/\/indigitall.com\/br\/casos-de-uso-top\/","title":{"rendered":"Casos de Uso"},"content":{"rendered":"","protected":false},"excerpt":{"rendered":"","protected":false},"author":3,"featured_media":0,"parent":0,"menu_order":0,"comment_status":"closed","ping_status":"closed","template":"","meta":{"_acf_changed":false},"class_list":["post-7923","page","type-page","status-publish","hentry"],"acf":{"flexible_content":[{"acf_fc_layout":"hero_page","background_type":"image","dark_filter":0,"background_image":6277,"background_image_mobile":6276,"background_video":null,"background_video_mobile":null,"pretitle":"Casos de Uso","pretitle_font_size":"","title":"Algumas ideias e estrat\u00e9gias \r\npara voc\u00ea desenvolver \r\nsuas a\u00e7\u00f5es de marketing","title_font_size":"","subtitle":"","subtitle_font_size":"","button_1":null,"button_2":null,"icon_button_2":null,"download_ebook":false,"ebook_title":"","extra_content":"none","title_cards":"","cards":null,"brands_custom_background_color":false,"brands_background_color":"","custom_brands":false,"brands":null},{"acf_fc_layout":"slider_big_cards","pretitle":"","title":"","link":null,"cards":[{"card_type":"story","background_type":"image","background":5663,"background_mobile":5666,"logo":null,"link":{"title":"Gerenciar o ciclo de vida do cliente","url":"https:\/\/indigitall.com\/br\/use-case\/gerenciar-o-ciclo-de-vida-do-cliente\/","target":"_blank"},"pretitle":"","title":"Gerenciar o ciclo de vida do cliente","text":"Domine cada est\u00e1gio\r\ndo ciclo de vida do cliente","footer_text":"Gestiona el ciclo de vida del cliente","card_title":"","card_text":""},{"card_type":"story","background_type":"image","background":6278,"background_mobile":6279,"logo":null,"link":{"title":"Upsell e Cross-Sell","url":"https:\/\/indigitall.com\/br\/use-case\/upsell-e-cross-sell\/","target":"_blank"},"pretitle":"","title":"","text":"Maximizar a receita com\r\nvendas cruzadas e upselling\r\ncross-selling e upselling mais inteligentes","footer_text":"Upselling y Cross-selling","card_title":"","card_text":""},{"card_type":"default","background_type":"image","background":367,"background_mobile":367,"logo":null,"link":{"title":"Converta mais clientes","url":"https:\/\/indigitall.com\/br\/use-case\/converta-mais-clientes\/","target":"_blank"},"pretitle":"","title":"","text":"","footer_text":"Convierte m\u00e1s clientes","card_title":"","card_text":""},{"card_type":"default","background_type":"image","background":5704,"background_mobile":5704,"logo":null,"link":{"title":"Aumentar o Engajamento","url":"https:\/\/indigitall.com\/br\/use-case\/aumentar-o-engajamento\/","target":"_blank"},"pretitle":"Transformando cada intera\u00e7\u00e3o em uma conex\u00e3o duradoura","title":"Aumento do comprometimento","text":"","footer_text":"","card_title":"","card_text":""}]},{"acf_fc_layout":"grid_blog_posts","title":"Leia nosso blog","newsletter_title":"\u00a1Susr\u00edbete a\r\nnosso boletim informativo!","newsletter_text":"Receba nossos boletins informativos com todas as informa\u00e7\u00f5es e novidades sobre nossos produtos e funcionalidades.","newsletter_form_shortcode":"[contact-form-7 id=\"7d8bc30\" title=\"Newsletter form\"]"}],"hide_slider_blog":true,"slider_blog_custom_tag":null,"hide_mobile_fixed_buttons":false,"mobile_fixed_button_1":null,"mobile_fixed_button_2":null,"icon_mobile_fixed_button_2":"","download_ebook":false,"ebook_title":""},"yoast_head":"<!-- This site is optimized with the Yoast SEO plugin v27.1.1 - https:\/\/yoast.com\/product\/yoast-seo-wordpress\/ -->\n<title>Casos de uso | Noticias, IA y Omnicanal- indigitall<\/title>\n<meta name=\"description\" content=\"Mantente actualizado con las estrategias, casos de \u00e9xito e innovaciones que est\u00e1n transformando el marketing. \u00a1Descubre insights clave para tu negocio!\" \/>\n<meta name=\"robots\" content=\"index, follow, max-snippet:-1, max-image-preview:large, max-video-preview:-1\" \/>\n<link rel=\"canonical\" href=\"https:\/\/indigitall.com\/br\/casos-de-uso-top\/\" \/>\n<meta property=\"og:locale\" content=\"en_US\" \/>\n<meta property=\"og:type\" content=\"article\" \/>\n<meta property=\"og:title\" content=\"Casos de uso | Noticias, IA y Omnicanal- indigitall\" \/>\n<meta property=\"og:description\" content=\"Mantente actualizado con las estrategias, casos de \u00e9xito e innovaciones que est\u00e1n transformando el marketing. \u00a1Descubre insights clave para tu negocio!\" \/>\n<meta property=\"og:url\" content=\"https:\/\/indigitall.com\/br\/casos-de-uso-top\/\" \/>\n<meta property=\"og:site_name\" content=\"indigitall\" \/>\n<meta property=\"article:modified_time\" content=\"2025-05-29T11:01:00+00:00\" \/>\n<meta name=\"twitter:card\" content=\"summary_large_image\" \/>\n<script type=\"application\/ld+json\" class=\"yoast-schema-graph\">{\"@context\":\"https:\/\/schema.org\",\"@graph\":[{\"@type\":\"WebPage\",\"@id\":\"https:\/\/indigitall.com\/br\/casos-de-uso-top\/\",\"url\":\"https:\/\/indigitall.com\/br\/casos-de-uso-top\/\",\"name\":\"Casos de uso | Noticias, IA y Omnicanal- indigitall\",\"isPartOf\":{\"@id\":\"https:\/\/indigitall.com\/br\/#website\"},\"datePublished\":\"2025-05-19T20:10:35+00:00\",\"dateModified\":\"2025-05-29T11:01:00+00:00\",\"description\":\"Mantente actualizado con las estrategias, casos de \u00e9xito e innovaciones que est\u00e1n transformando el marketing. \u00a1Descubre insights clave para tu negocio!\",\"breadcrumb\":{\"@id\":\"https:\/\/indigitall.com\/br\/casos-de-uso-top\/#breadcrumb\"},\"inLanguage\":\"br-BR\",\"potentialAction\":[{\"@type\":\"ReadAction\",\"target\":[\"https:\/\/indigitall.com\/br\/casos-de-uso-top\/\"]}]},{\"@type\":\"BreadcrumbList\",\"@id\":\"https:\/\/indigitall.com\/br\/casos-de-uso-top\/#breadcrumb\",\"itemListElement\":[{\"@type\":\"ListItem\",\"position\":1,\"name\":\"Home\",\"item\":\"https:\/\/indigitall.com\/br\/\"},{\"@type\":\"ListItem\",\"position\":2,\"name\":\"Casos de Uso\"}]},{\"@type\":\"WebSite\",\"@id\":\"https:\/\/indigitall.com\/br\/#website\",\"url\":\"https:\/\/indigitall.com\/br\/\",\"name\":\"indigitall\",\"description\":\"Because Every Interaction Matters\",\"potentialAction\":[{\"@type\":\"SearchAction\",\"target\":{\"@type\":\"EntryPoint\",\"urlTemplate\":\"https:\/\/indigitall.com\/br\/?s={search_term_string}\"},\"query-input\":{\"@type\":\"PropertyValueSpecification\",\"valueRequired\":true,\"valueName\":\"search_term_string\"}}],\"inLanguage\":\"br-BR\"}]}<\/script>\n<!-- \/ Yoast SEO plugin. -->","yoast_head_json":{"title":"Casos de uso | Noticias, IA y Omnicanal- indigitall","description":"Mantente actualizado con las estrategias, casos de \u00e9xito e innovaciones que est\u00e1n transformando el marketing. \u00a1Descubre insights clave para tu negocio!","robots":{"index":"index","follow":"follow","max-snippet":"max-snippet:-1","max-image-preview":"max-image-preview:large","max-video-preview":"max-video-preview:-1"},"canonical":"https:\/\/indigitall.com\/br\/casos-de-uso-top\/","og_locale":"en_US","og_type":"article","og_title":"Casos de uso | Noticias, IA y Omnicanal- indigitall","og_description":"Mantente actualizado con las estrategias, casos de \u00e9xito e innovaciones que est\u00e1n transformando el marketing. \u00a1Descubre insights clave para tu negocio!","og_url":"https:\/\/indigitall.com\/br\/casos-de-uso-top\/","og_site_name":"indigitall","article_modified_time":"2025-05-29T11:01:00+00:00","twitter_card":"summary_large_image","schema":{"@context":"https:\/\/schema.org","@graph":[{"@type":"WebPage","@id":"https:\/\/indigitall.com\/br\/casos-de-uso-top\/","url":"https:\/\/indigitall.com\/br\/casos-de-uso-top\/","name":"Casos de uso | Noticias, IA y Omnicanal- indigitall","isPartOf":{"@id":"https:\/\/indigitall.com\/br\/#website"},"datePublished":"2025-05-19T20:10:35+00:00","dateModified":"2025-05-29T11:01:00+00:00","description":"Mantente actualizado con las estrategias, casos de \u00e9xito e innovaciones que est\u00e1n transformando el marketing. \u00a1Descubre insights clave para tu negocio!","breadcrumb":{"@id":"https:\/\/indigitall.com\/br\/casos-de-uso-top\/#breadcrumb"},"inLanguage":"br-BR","potentialAction":[{"@type":"ReadAction","target":["https:\/\/indigitall.com\/br\/casos-de-uso-top\/"]}]},{"@type":"BreadcrumbList","@id":"https:\/\/indigitall.com\/br\/casos-de-uso-top\/#breadcrumb","itemListElement":[{"@type":"ListItem","position":1,"name":"Home","item":"https:\/\/indigitall.com\/br\/"},{"@type":"ListItem","position":2,"name":"Casos de Uso"}]},{"@type":"WebSite","@id":"https:\/\/indigitall.com\/br\/#website","url":"https:\/\/indigitall.com\/br\/","name":"indigitall","description":"Because Every Interaction Matters","potentialAction":[{"@type":"SearchAction","target":{"@type":"EntryPoint","urlTemplate":"https:\/\/indigitall.com\/br\/?s={search_term_string}"},"query-input":{"@type":"PropertyValueSpecification","valueRequired":true,"valueName":"search_term_string"}}],"inLanguage":"br-BR"}]}},"_links":{"self":[{"href":"https:\/\/indigitall.com\/br\/wp-json\/wp\/v2\/pages\/7923","targetHints":{"allow":["GET"]}}],"collection":[{"href":"https:\/\/indigitall.com\/br\/wp-json\/wp\/v2\/pages"}],"about":[{"href":"https:\/\/indigitall.com\/br\/wp-json\/wp\/v2\/types\/page"}],"author":[{"embeddable":true,"href":"https:\/\/indigitall.com\/br\/wp-json\/wp\/v2\/users\/3"}],"replies":[{"embeddable":true,"href":"https:\/\/indigitall.com\/br\/wp-json\/wp\/v2\/comments?post=7923"}],"version-history":[{"count":2,"href":"https:\/\/indigitall.com\/br\/wp-json\/wp\/v2\/pages\/7923\/revisions"}],"predecessor-version":[{"id":7925,"href":"https:\/\/indigitall.com\/br\/wp-json\/wp\/v2\/pages\/7923\/revisions\/7925"}],"wp:attachment":[{"href":"https:\/\/indigitall.com\/br\/wp-json\/wp\/v2\/media?parent=7923"}],"curies":[{"name":"wp","href":"https:\/\/api.w.org\/{rel}","templated":true}]}}