{"id":6727,"date":"2025-05-08T20:19:41","date_gmt":"2025-05-08T20:19:41","guid":{"rendered":"https:\/\/indigitall.com\/?page_id=6727"},"modified":"2025-05-28T09:06:13","modified_gmt":"2025-05-28T09:06:13","slug":"historias-de-sucesso","status":"publish","type":"page","link":"https:\/\/indigitall.com\/br\/historias-de-sucesso\/","title":{"rendered":"Hist\u00f3rias de sucesso"},"content":{"rendered":"","protected":false},"excerpt":{"rendered":"","protected":false},"author":3,"featured_media":0,"parent":0,"menu_order":0,"comment_status":"closed","ping_status":"closed","template":"","meta":{"_acf_changed":false},"class_list":["post-6727","page","type-page","status-publish","hentry"],"acf":{"flexible_content":[{"acf_fc_layout":"hero_page","background_type":"image","dark_filter":0,"background_image":6736,"background_image_mobile":6735,"background_video":null,"background_video_mobile":null,"pretitle":"Hist\u00f3rias de sucesso","pretitle_font_size":"","title":"Hist\u00f3rias que inspiram:\r\nO sucesso do\r\nl\u00edderes do setor\r\n\r\n","title_font_size":"","subtitle":"","subtitle_font_size":"","button_1":null,"button_2":null,"icon_button_2":null,"download_ebook":false,"ebook_title":"","extra_content":"none","title_cards":"","cards":null,"brands_custom_background_color":false,"brands_background_color":"","custom_brands":false,"brands":null},{"acf_fc_layout":"slider_big_cards","pretitle":"","title":"","link":null,"cards":[{"card_type":"story","background_type":"image","background":5291,"background_mobile":6740,"logo":null,"link":{"title":"Hist\u00f3ria de sucesso banc\u00e1rio: Push criptografado e WiZink","url":"https:\/\/indigitall.com\/br\/success-story\/wizink-banking-encrypted-push\/","target":""},"pretitle":"","title":"","text":"Hist\u00f3ria de sucesso banc\u00e1rio: Push criptografado e WiZink","footer_text":"DESTACADO - Setor banc\u00e1rio - 2025","card_title":"+70%","card_text":"Aumento do envolvimento por meio de notifica\u00e7\u00f5es push"},{"card_type":"story","background_type":"image","background":7844,"background_mobile":7847,"logo":null,"link":{"title":"WhatsApp Business API for Envialia","url":"https:\/\/indigitall.com\/br\/success-story\/whatsapp-business-api-for-envialia-2\/","target":""},"pretitle":"Hist\u00f3ria de sucesso WhatsApp Business API - Envialia","title":"DESTACADO - Setor retail - 2025","text":"WhatsApp Business API for Envialia","footer_text":"","card_title":"","card_text":""}]},{"acf_fc_layout":"grid_success_stories","title":"Conhe\u00e7a nossas estrat\u00e9gias em a\u00e7\u00e3o"},{"acf_fc_layout":"slider_big_cards","pretitle":"testemunhos","title":"Escolhido por muitos varejistas\r\nem todo o mundo","link":null,"cards":[{"card_type":"default","background_type":"image","background":5494,"background_mobile":5493,"logo":5492,"link":null,"pretitle":"","title":"","text":"\"O diferencial da indigitall \u00e9 a proximidade: sempre temos um parceiro dispon\u00edvel. Interface intuitiva que simplifica nosso trabalho.\"","footer_text":"Jordi Aymar - CMO do Grupo Proclinic","card_title":"+70%","card_text":"Aumento do envolvimento por meio de notifica\u00e7\u00f5es push"}]},{"acf_fc_layout":"the_indigitall_way"}],"hide_slider_blog":false,"slider_blog_custom_tag":null,"hide_mobile_fixed_buttons":false,"mobile_fixed_button_1":null,"mobile_fixed_button_2":null,"icon_mobile_fixed_button_2":"","download_ebook":false,"ebook_title":""},"yoast_head":"<!-- This site is optimized with the Yoast SEO plugin v27.1.1 - https:\/\/yoast.com\/product\/yoast-seo-wordpress\/ -->\n<title>Hist\u00f3rias de sucesso - indigitall<\/title>\n<meta name=\"robots\" content=\"index, follow, max-snippet:-1, max-image-preview:large, max-video-preview:-1\" \/>\n<link rel=\"canonical\" href=\"https:\/\/indigitall.com\/br\/historias-de-sucesso\/\" \/>\n<meta property=\"og:locale\" content=\"en_US\" \/>\n<meta property=\"og:type\" content=\"article\" \/>\n<meta property=\"og:title\" content=\"Hist\u00f3rias de sucesso - indigitall\" \/>\n<meta property=\"og:url\" content=\"https:\/\/indigitall.com\/br\/historias-de-sucesso\/\" \/>\n<meta property=\"og:site_name\" content=\"indigitall\" \/>\n<meta property=\"article:modified_time\" content=\"2025-05-28T09:06:13+00:00\" \/>\n<meta name=\"twitter:card\" content=\"summary_large_image\" \/>\n<script type=\"application\/ld+json\" class=\"yoast-schema-graph\">{\"@context\":\"https:\/\/schema.org\",\"@graph\":[{\"@type\":\"WebPage\",\"@id\":\"https:\/\/indigitall.com\/br\/historias-de-sucesso\/\",\"url\":\"https:\/\/indigitall.com\/br\/historias-de-sucesso\/\",\"name\":\"Hist\u00f3rias de sucesso - indigitall\",\"isPartOf\":{\"@id\":\"https:\/\/indigitall.com\/br\/#website\"},\"datePublished\":\"2025-05-08T20:19:41+00:00\",\"dateModified\":\"2025-05-28T09:06:13+00:00\",\"breadcrumb\":{\"@id\":\"https:\/\/indigitall.com\/br\/historias-de-sucesso\/#breadcrumb\"},\"inLanguage\":\"br-BR\",\"potentialAction\":[{\"@type\":\"ReadAction\",\"target\":[\"https:\/\/indigitall.com\/br\/historias-de-sucesso\/\"]}]},{\"@type\":\"BreadcrumbList\",\"@id\":\"https:\/\/indigitall.com\/br\/historias-de-sucesso\/#breadcrumb\",\"itemListElement\":[{\"@type\":\"ListItem\",\"position\":1,\"name\":\"Home\",\"item\":\"https:\/\/indigitall.com\/br\/\"},{\"@type\":\"ListItem\",\"position\":2,\"name\":\"Hist\u00f3rias de sucesso\"}]},{\"@type\":\"WebSite\",\"@id\":\"https:\/\/indigitall.com\/br\/#website\",\"url\":\"https:\/\/indigitall.com\/br\/\",\"name\":\"indigitall\",\"description\":\"Because Every Interaction Matters\",\"potentialAction\":[{\"@type\":\"SearchAction\",\"target\":{\"@type\":\"EntryPoint\",\"urlTemplate\":\"https:\/\/indigitall.com\/br\/?s={search_term_string}\"},\"query-input\":{\"@type\":\"PropertyValueSpecification\",\"valueRequired\":true,\"valueName\":\"search_term_string\"}}],\"inLanguage\":\"br-BR\"}]}<\/script>\n<!-- \/ Yoast SEO plugin. -->","yoast_head_json":{"title":"Hist\u00f3rias de sucesso - indigitall","robots":{"index":"index","follow":"follow","max-snippet":"max-snippet:-1","max-image-preview":"max-image-preview:large","max-video-preview":"max-video-preview:-1"},"canonical":"https:\/\/indigitall.com\/br\/historias-de-sucesso\/","og_locale":"en_US","og_type":"article","og_title":"Hist\u00f3rias de sucesso - indigitall","og_url":"https:\/\/indigitall.com\/br\/historias-de-sucesso\/","og_site_name":"indigitall","article_modified_time":"2025-05-28T09:06:13+00:00","twitter_card":"summary_large_image","schema":{"@context":"https:\/\/schema.org","@graph":[{"@type":"WebPage","@id":"https:\/\/indigitall.com\/br\/historias-de-sucesso\/","url":"https:\/\/indigitall.com\/br\/historias-de-sucesso\/","name":"Hist\u00f3rias de sucesso - indigitall","isPartOf":{"@id":"https:\/\/indigitall.com\/br\/#website"},"datePublished":"2025-05-08T20:19:41+00:00","dateModified":"2025-05-28T09:06:13+00:00","breadcrumb":{"@id":"https:\/\/indigitall.com\/br\/historias-de-sucesso\/#breadcrumb"},"inLanguage":"br-BR","potentialAction":[{"@type":"ReadAction","target":["https:\/\/indigitall.com\/br\/historias-de-sucesso\/"]}]},{"@type":"BreadcrumbList","@id":"https:\/\/indigitall.com\/br\/historias-de-sucesso\/#breadcrumb","itemListElement":[{"@type":"ListItem","position":1,"name":"Home","item":"https:\/\/indigitall.com\/br\/"},{"@type":"ListItem","position":2,"name":"Hist\u00f3rias de sucesso"}]},{"@type":"WebSite","@id":"https:\/\/indigitall.com\/br\/#website","url":"https:\/\/indigitall.com\/br\/","name":"indigitall","description":"Because Every Interaction Matters","potentialAction":[{"@type":"SearchAction","target":{"@type":"EntryPoint","urlTemplate":"https:\/\/indigitall.com\/br\/?s={search_term_string}"},"query-input":{"@type":"PropertyValueSpecification","valueRequired":true,"valueName":"search_term_string"}}],"inLanguage":"br-BR"}]}},"_links":{"self":[{"href":"https:\/\/indigitall.com\/br\/wp-json\/wp\/v2\/pages\/6727","targetHints":{"allow":["GET"]}}],"collection":[{"href":"https:\/\/indigitall.com\/br\/wp-json\/wp\/v2\/pages"}],"about":[{"href":"https:\/\/indigitall.com\/br\/wp-json\/wp\/v2\/types\/page"}],"author":[{"embeddable":true,"href":"https:\/\/indigitall.com\/br\/wp-json\/wp\/v2\/users\/3"}],"replies":[{"embeddable":true,"href":"https:\/\/indigitall.com\/br\/wp-json\/wp\/v2\/comments?post=6727"}],"version-history":[{"count":5,"href":"https:\/\/indigitall.com\/br\/wp-json\/wp\/v2\/pages\/6727\/revisions"}],"predecessor-version":[{"id":7852,"href":"https:\/\/indigitall.com\/br\/wp-json\/wp\/v2\/pages\/6727\/revisions\/7852"}],"wp:attachment":[{"href":"https:\/\/indigitall.com\/br\/wp-json\/wp\/v2\/media?parent=6727"}],"curies":[{"name":"wp","href":"https:\/\/api.w.org\/{rel}","templated":true}]}}