{"id":6370,"date":"2025-05-08T20:50:55","date_gmt":"2025-05-08T20:50:55","guid":{"rendered":"https:\/\/indigitall.com\/?page_id=6370"},"modified":"2025-05-19T22:23:44","modified_gmt":"2025-05-19T22:23:44","slug":"integracoes","status":"publish","type":"page","link":"https:\/\/indigitall.com\/br\/integracoes\/","title":{"rendered":"Integra\u00e7\u00f5es"},"content":{"rendered":"","protected":false},"excerpt":{"rendered":"","protected":false},"author":3,"featured_media":0,"parent":0,"menu_order":0,"comment_status":"closed","ping_status":"closed","template":"","meta":{"_acf_changed":false},"class_list":["post-6370","page","type-page","status-publish","hentry"],"acf":{"flexible_content":[{"acf_fc_layout":"hero_page","background_type":"image","dark_filter":0,"background_image":6389,"background_image_mobile":6388,"background_video":null,"background_video_mobile":null,"pretitle":"Integra\u00e7\u00f5es","pretitle_font_size":"","title":"Conex\u00f5es que \r\nFuncionam Perfeitamente","title_font_size":"","subtitle":"","subtitle_font_size":"","button_1":{"title":"Empezar ahora","url":"#getstarted","target":"_blank"},"button_2":{"title":"M\u00e1s info","url":"https:\/\/documentation.indigitall.com\/","target":"_blank"},"icon_button_2":null,"download_ebook":false,"ebook_title":"","extra_content":"none","title_cards":"","cards":null,"brands_custom_background_color":false,"brands_background_color":"","custom_brands":false,"brands":null},{"acf_fc_layout":"title_list_image","title":"Conecte-se ao seu ecossistema atual para automatizar, personalizar e otimizar mensagens em m\u00faltiplos canais.","list":[{"item":"CRM & Automa\u00e7\u00e3o de Marketing"},{"item":"Plataformas E-commerce & CMS"},{"item":"API & Webhooks para Integra\u00e7\u00f5es Personalizadas"}],"image":6399},{"acf_fc_layout":"sections_fixed_images","design":false,"title":"Conecte Todas as Suas Plataformas\r\n Sem Esfor\u00e7o","link":null,"sections":[{"title":"Integra\u00e7\u00e3o com Salesforce","subtitle":"","index":"01","text":"","link":{"title":"M\u00e1s info","url":"https:\/\/documentation.indigitall.com\/docs\/salesforce-marketing-cloud","target":"_blank"},"list":[{"item":"Envio de arquivos PKPASS"},{"item":"Melhora a experi\u00eancia do cliente"},{"item":"Inclui imagens, v\u00eddeos e GIFs enriquecidos"},{"item":"Gera mais leads com notifica\u00e7\u00f5es web\/app"},{"item":"Aumenta o ROI de campanhas"},{"item":"An\u00e1lises em tempo real"}],"tag":"","media_type":"image","image":6390,"image_mobile":null,"video":null,"video_mobile":null},{"title":"Integra\u00e7\u00e3o com Hubspot","subtitle":"","index":"02","text":"","link":{"title":"M\u00e1s info","url":"https:\/\/documentation.indigitall.com\/docs\/hubspot","target":"_blank"},"list":[{"item":"Segmenta\u00e7\u00e3o de audi\u00eancias"},{"item":"Capta\u00e7\u00e3o de novos leads"},{"item":"Comunica\u00e7\u00f5es baseadas em eventos\/a\u00e7\u00f5es do cliente"},{"item":"Sincroniza\u00e7\u00e3o total em fluxos de trabalho"},{"item":"Fideliza\u00e7\u00e3o de clientes existentes"},{"item":"Estat\u00edsticas em tempo real"}],"tag":"","media_type":"image","image":6391,"image_mobile":null,"video":null,"video_mobile":null}],"list_collapsed":true},{"acf_fc_layout":"slider_cards","pretitle":"","link":null,"title":"Outras Integra\u00e7\u00f5es","text":"","card_size":"big","logo_size":"big","cards":[{"icon":6396,"title":"WhatsApp","text":"<span style=\"font-weight: 400;\">Conversas para SAC, vendas e marketing<\/span>","link":null},{"icon":6394,"title":"Google Analytics","text":"<span style=\"font-weight: 400;\">Analisa comportamentos em sites\/apps para decis\u00f5es baseadas em dados<\/span>","link":null},{"icon":6395,"title":"Adobe Analytics","text":"<span style=\"font-weight: 400;\">Combina dados de pontos de contato para insights acion\u00e1veis<\/span>","link":null},{"icon":6398,"title":"Facebook Messenger","text":"<span style=\"font-weight: 400;\">\u00a0Intera\u00e7\u00e3o direta com clientes<\/span>","link":null},{"icon":6397,"title":"Instagram","text":"<span style=\"font-weight: 400;\">Conex\u00e3o via mensagens diretas<\/span>","link":null},{"icon":6393,"title":"Telegram","text":"<span style=\"font-weight: 400;\">Comunica\u00e7\u00e3o pelo servi\u00e7o de mensagens<\/span>","link":null},{"icon":6392,"title":"comScore","text":"<span style=\"font-weight: 400;\">Mede ROI de m\u00eddias e campanhas<\/span>","link":null}]},{"acf_fc_layout":"card_title_list","pretitle":"Recursos de Integra\u00e7\u00e3o","title":"A Combina\u00e7\u00e3o Ideal \r\npara seu CRM","text":"","list":[{"text":"Sincroniza\u00e7\u00e3o autom\u00e1tica de dados"},{"text":"Carga via CSV"},{"text":"Compatibilidade multiplataforma"},{"text":"Integra\u00e7\u00e3o total"}],"link":{"title":"Conoce m\u00e1s sobre las integraciones","url":"https:\/\/documentation.indigitall.com\/docs\/indigitall-partners","target":"_blank"},"image_type":"right","image":5495,"image_mobile":5496}],"hide_slider_blog":false,"slider_blog_custom_tag":null,"hide_mobile_fixed_buttons":false,"mobile_fixed_button_1":{"title":"Empezar ahora","url":"#getstarted","target":"_blank"},"mobile_fixed_button_2":{"title":"M\u00e1s info","url":"https:\/\/documentation.indigitall.com\/","target":"_blank"},"icon_mobile_fixed_button_2":"","download_ebook":false,"ebook_title":""},"yoast_head":"<!-- This site is optimized with the Yoast SEO plugin v27.1.1 - https:\/\/yoast.com\/product\/yoast-seo-wordpress\/ -->\n<title>Integra\u00e7\u00f5es - indigitall<\/title>\n<meta name=\"description\" content=\"Conecte-se ao seu ecossistema atual para automatizar, personalizar e otimizar mensagens em m\u00faltiplos canais.\" \/>\n<meta name=\"robots\" content=\"index, follow, max-snippet:-1, max-image-preview:large, max-video-preview:-1\" \/>\n<link rel=\"canonical\" href=\"https:\/\/indigitall.com\/br\/integracoes\/\" \/>\n<meta property=\"og:locale\" content=\"en_US\" \/>\n<meta property=\"og:type\" content=\"article\" \/>\n<meta property=\"og:title\" content=\"Integra\u00e7\u00f5es - indigitall\" \/>\n<meta property=\"og:description\" content=\"Conecte-se ao seu ecossistema atual para automatizar, personalizar e otimizar mensagens em m\u00faltiplos canais.\" \/>\n<meta property=\"og:url\" content=\"https:\/\/indigitall.com\/br\/integracoes\/\" \/>\n<meta property=\"og:site_name\" content=\"indigitall\" \/>\n<meta property=\"article:modified_time\" content=\"2025-05-19T22:23:44+00:00\" \/>\n<meta name=\"twitter:card\" content=\"summary_large_image\" \/>\n<script type=\"application\/ld+json\" class=\"yoast-schema-graph\">{\"@context\":\"https:\/\/schema.org\",\"@graph\":[{\"@type\":\"WebPage\",\"@id\":\"https:\/\/indigitall.com\/br\/integracoes\/\",\"url\":\"https:\/\/indigitall.com\/br\/integracoes\/\",\"name\":\"Integra\u00e7\u00f5es - indigitall\",\"isPartOf\":{\"@id\":\"https:\/\/indigitall.com\/br\/#website\"},\"datePublished\":\"2025-05-08T20:50:55+00:00\",\"dateModified\":\"2025-05-19T22:23:44+00:00\",\"description\":\"Conecte-se ao seu ecossistema atual para automatizar, personalizar e otimizar mensagens em m\u00faltiplos canais.\",\"breadcrumb\":{\"@id\":\"https:\/\/indigitall.com\/br\/integracoes\/#breadcrumb\"},\"inLanguage\":\"br-BR\",\"potentialAction\":[{\"@type\":\"ReadAction\",\"target\":[\"https:\/\/indigitall.com\/br\/integracoes\/\"]}]},{\"@type\":\"BreadcrumbList\",\"@id\":\"https:\/\/indigitall.com\/br\/integracoes\/#breadcrumb\",\"itemListElement\":[{\"@type\":\"ListItem\",\"position\":1,\"name\":\"Home\",\"item\":\"https:\/\/indigitall.com\/br\/\"},{\"@type\":\"ListItem\",\"position\":2,\"name\":\"Integra\u00e7\u00f5es\"}]},{\"@type\":\"WebSite\",\"@id\":\"https:\/\/indigitall.com\/br\/#website\",\"url\":\"https:\/\/indigitall.com\/br\/\",\"name\":\"indigitall\",\"description\":\"Because Every Interaction Matters\",\"potentialAction\":[{\"@type\":\"SearchAction\",\"target\":{\"@type\":\"EntryPoint\",\"urlTemplate\":\"https:\/\/indigitall.com\/br\/?s={search_term_string}\"},\"query-input\":{\"@type\":\"PropertyValueSpecification\",\"valueRequired\":true,\"valueName\":\"search_term_string\"}}],\"inLanguage\":\"br-BR\"}]}<\/script>\n<!-- \/ Yoast SEO plugin. -->","yoast_head_json":{"title":"Integra\u00e7\u00f5es - indigitall","description":"Conecte-se ao seu ecossistema atual para automatizar, personalizar e otimizar mensagens em m\u00faltiplos canais.","robots":{"index":"index","follow":"follow","max-snippet":"max-snippet:-1","max-image-preview":"max-image-preview:large","max-video-preview":"max-video-preview:-1"},"canonical":"https:\/\/indigitall.com\/br\/integracoes\/","og_locale":"en_US","og_type":"article","og_title":"Integra\u00e7\u00f5es - indigitall","og_description":"Conecte-se ao seu ecossistema atual para automatizar, personalizar e otimizar mensagens em m\u00faltiplos canais.","og_url":"https:\/\/indigitall.com\/br\/integracoes\/","og_site_name":"indigitall","article_modified_time":"2025-05-19T22:23:44+00:00","twitter_card":"summary_large_image","schema":{"@context":"https:\/\/schema.org","@graph":[{"@type":"WebPage","@id":"https:\/\/indigitall.com\/br\/integracoes\/","url":"https:\/\/indigitall.com\/br\/integracoes\/","name":"Integra\u00e7\u00f5es - indigitall","isPartOf":{"@id":"https:\/\/indigitall.com\/br\/#website"},"datePublished":"2025-05-08T20:50:55+00:00","dateModified":"2025-05-19T22:23:44+00:00","description":"Conecte-se ao seu ecossistema atual para automatizar, personalizar e otimizar mensagens em m\u00faltiplos canais.","breadcrumb":{"@id":"https:\/\/indigitall.com\/br\/integracoes\/#breadcrumb"},"inLanguage":"br-BR","potentialAction":[{"@type":"ReadAction","target":["https:\/\/indigitall.com\/br\/integracoes\/"]}]},{"@type":"BreadcrumbList","@id":"https:\/\/indigitall.com\/br\/integracoes\/#breadcrumb","itemListElement":[{"@type":"ListItem","position":1,"name":"Home","item":"https:\/\/indigitall.com\/br\/"},{"@type":"ListItem","position":2,"name":"Integra\u00e7\u00f5es"}]},{"@type":"WebSite","@id":"https:\/\/indigitall.com\/br\/#website","url":"https:\/\/indigitall.com\/br\/","name":"indigitall","description":"Because Every Interaction Matters","potentialAction":[{"@type":"SearchAction","target":{"@type":"EntryPoint","urlTemplate":"https:\/\/indigitall.com\/br\/?s={search_term_string}"},"query-input":{"@type":"PropertyValueSpecification","valueRequired":true,"valueName":"search_term_string"}}],"inLanguage":"br-BR"}]}},"_links":{"self":[{"href":"https:\/\/indigitall.com\/br\/wp-json\/wp\/v2\/pages\/6370","targetHints":{"allow":["GET"]}}],"collection":[{"href":"https:\/\/indigitall.com\/br\/wp-json\/wp\/v2\/pages"}],"about":[{"href":"https:\/\/indigitall.com\/br\/wp-json\/wp\/v2\/types\/page"}],"author":[{"embeddable":true,"href":"https:\/\/indigitall.com\/br\/wp-json\/wp\/v2\/users\/3"}],"replies":[{"embeddable":true,"href":"https:\/\/indigitall.com\/br\/wp-json\/wp\/v2\/comments?post=6370"}],"version-history":[{"count":3,"href":"https:\/\/indigitall.com\/br\/wp-json\/wp\/v2\/pages\/6370\/revisions"}],"predecessor-version":[{"id":6408,"href":"https:\/\/indigitall.com\/br\/wp-json\/wp\/v2\/pages\/6370\/revisions\/6408"}],"wp:attachment":[{"href":"https:\/\/indigitall.com\/br\/wp-json\/wp\/v2\/media?parent=6370"}],"curies":[{"name":"wp","href":"https:\/\/api.w.org\/{rel}","templated":true}]}}