{"id":6369,"date":"2025-03-24T11:21:42","date_gmt":"2025-03-24T11:21:42","guid":{"rendered":"https:\/\/indigitall.com\/?page_id=6369"},"modified":"2025-07-29T07:49:36","modified_gmt":"2025-07-29T07:49:36","slug":"indigitall-ia","status":"publish","type":"page","link":"https:\/\/indigitall.com\/br\/indigitall-ia\/","title":{"rendered":"indigitall IA"},"content":{"rendered":"","protected":false},"excerpt":{"rendered":"","protected":false},"author":3,"featured_media":0,"parent":0,"menu_order":0,"comment_status":"closed","ping_status":"closed","template":"","meta":{"_acf_changed":false},"class_list":["post-6369","page","type-page","status-publish","hentry"],"acf":{"flexible_content":[{"acf_fc_layout":"hero_page","background_type":"image","dark_filter":0,"background_image":6372,"background_image_mobile":6371,"background_video":null,"background_video_mobile":null,"pretitle":"indigitall IA ","pretitle_font_size":"","title":"IA poderosa para \r\nestrat\u00e9gias \r\nomnichannel superiores","title_font_size":"","subtitle":"","subtitle_font_size":"","button_1":{"title":"","url":"#getstarted","target":""},"button_2":{"title":"Watch a demo","url":"\/","target":"_blank"},"icon_button_2":null,"download_ebook":false,"ebook_title":"","extra_content":"brands","title_cards":"","cards":null,"brands_custom_background_color":false,"brands_background_color":"","custom_brands":false,"brands":null},{"acf_fc_layout":"text_icons","text":"<span style=\"font-weight: 400;\">Na indigitall\u00ae, buscamos impulsionar os neg\u00f3cios de nossos clientes<\/span><img class=\"alignnone size-full wp-image-1807\" src=\"https:\/\/indigitall.com\/wp-content\/uploads\/2025\/04\/icon-ok.svg\" alt=\"\" width=\"36\" height=\"36\" \/> <span style=\"font-weight: 400;\">para que possam alcan\u00e7ar seu p\u00fablico onde ele estiver.<\/span> <img class=\"alignnone size-full wp-image-1804\" src=\"https:\/\/indigitall.com\/wp-content\/uploads\/2025\/04\/icon-heart.svg\" alt=\"\" width=\"36\" height=\"36\" \/> <span style=\"font-weight: 400;\">Gra\u00e7as a solu\u00e7\u00f5es baseadas em IA, esse objetivo \u00e9 alcan\u00e7\u00e1vel.<\/span>","link":null},{"acf_fc_layout":"slider_cards","pretitle":"VANTAGENS","link":null,"title":"Estrat\u00e9gias de Comunica\u00e7\u00e3o com\r\n IA Avan\u00e7adaAlimentadas \r\npor Dados Poderosos","text":"","card_size":"normal","logo_size":"normal","cards":[{"icon":6376,"title":"Otimiza\u00e7\u00e3o Inteligente","text":"<span style=\"font-weight: 400;\">Prev\u00ea o melhor momento, canal e conte\u00fado para conectar-se com os usu\u00e1rios.<\/span>","link":null},{"icon":6375,"title":"Cria\u00e7\u00e3o \u00c1gil","text":"<span style=\"font-weight: 400;\">indigitall e machine learning para acelerar a cria\u00e7\u00e3o de campanhas.<\/span>","link":null},{"icon":6374,"title":"Comunica\u00e7\u00f5es Efetivas","text":"<span style=\"font-weight: 400;\">Mensagens entregues na plataforma mais adequada para cada audi\u00eancia.<\/span>","link":null},{"icon":6373,"title":"Personaliza\u00e7\u00e3o","text":"<span style=\"font-weight: 400;\">Adapta comunica\u00e7\u00f5es conforme comportamentos, prefer\u00eancias e perfis de usu\u00e1rios.<\/span>","link":null}]},{"acf_fc_layout":"slider_big_cards_list","pretitle":"VALOR","title":"Impacte seu crescimento com \r\nas ferramentas de IA da indigitall","link":null,"cards":[{"background":6384,"background_mobile":6383,"pretitle":"Como ajudamos:","title":"Cada neg\u00f3cio \u00e9 \u00fanico. N\u00e3o h\u00e1 um \u00fanico caminho para o sucesso.\r\n","list":[{"item":"Crie conte\u00fado instant\u00e2neo com IA generativa"},{"item":"Melhore campanhas r\u00e1pida e facilmente com machine learning"},{"item":"Aumente a satisfa\u00e7\u00e3o e reten\u00e7\u00e3o de clientes com chatbots"}],"card_title_1":"100%","card_text_1":"de clientes satisfeitos usando indigitall IA","card_title_2":"64%","card_text_2":"de melhora nas taxas de ado\u00e7\u00e3o de ferramentas"}]},{"acf_fc_layout":"sections_fixed_images","design":false,"title":"","link":null,"sections":[{"title":"Testes de Intelig\u00eancia Artificial","subtitle":"Testes Inteligentes","index":"01","text":"Algoritmo que cria e aprimora campanhas, verificando a vers\u00e3o mais eficaz via testes A\/B cl\u00e1ssicos ou inteligentes.","link":null,"list":null,"tag":"","media_type":"image","image":6377,"image_mobile":null,"video":null,"video_mobile":null},{"title":" Melhor Hor\u00e1rio de Envio","subtitle":"Tempo de Entrega","index":"02","text":"A IA seleciona o momento ideal quando sua audi\u00eancia est\u00e1 mais receptiva (especialmente em hor\u00e1rios de lazer).","link":null,"list":null,"tag":"","media_type":"image","image":6378,"image_mobile":null,"video":null,"video_mobile":null},{"title":"Palavras-Chave que Convertem","subtitle":"Palavras-chave","index":"03","text":"Para alcan\u00e7ar seu p\u00fablico, voc\u00ea precisa de uma mensagem clara, concisa e cativante. As palavras certas potencializam seu call-to-action e d\u00e3o magnetismo ao seu texto.\r\n","link":null,"list":null,"tag":"","media_type":"image","image":7860,"image_mobile":null,"video":null,"video_mobile":null},{"title":"Previs\u00e3o de Churn Rate","subtitle":"Taxa de Churn","index":"04","text":"Identifica usu\u00e1rios em risco de cancelamento para oferecer promo\u00e7\u00f5es preventivas.\r\n","link":null,"list":null,"tag":"","media_type":"image","image":7863,"image_mobile":null,"video":null,"video_mobile":null},{"title":"Assistente Inteligente","subtitle":"Assist\u00eancia","index":"05","text":"Crie campanhas push com sugest\u00f5es de melhorias baseadas em previs\u00f5es de desempenho.","link":null,"list":null,"tag":"","media_type":"image","image":7866,"image_mobile":null,"video":null,"video_mobile":null},{"title":"An\u00e1lise de Sentimento","subtitle":"An\u00e1lise de Sentimento","index":"06","text":"Relat\u00f3rios de sentimentos em conversas via WhatsApp Business API.","link":null,"list":null,"tag":"Em Breve","media_type":"image","image":6382,"image_mobile":null,"video":null,"video_mobile":null}],"list_collapsed":false},{"acf_fc_layout":"slider_big_cards","pretitle":"HIST\u00d3RIA DE SUCESSO","title":"Exemplos Reais de \r\nMelhorias Reais\r\n","link":{"title":"Veja mais hist\u00f3rias de sucesso","url":"https:\/\/indigitall.com\/br\/historias-de-sucesso\/","target":"_blank"},"cards":[{"card_type":"default","background_type":"image","background":6385,"background_mobile":6386,"logo":6700,"link":null,"pretitle":"","title":"","text":"\"A indigitall melhorou nossa experi\u00eancia do cliente com um bot poderoso no WhatsApp. Desde a implementa\u00e7\u00e3o, reduzimos chamados ao SAC e aumentamos a satisfa\u00e7\u00e3o. O suporte deles resolve quest\u00f5es de forma r\u00e1pida e eficaz.\"","footer_text":"Gerente de Customer Support","card_title":"","card_text":""},{"card_type":"default","background_type":"image","background":5486,"background_mobile":5487,"logo":5488,"link":null,"pretitle":"","title":"","text":"\"A plataforma nos ajudou a criar uma solu\u00e7\u00e3o personalizada para aumentar satisfa\u00e7\u00e3o e LTV via WhatsApp.\"","footer_text":"Head of Digital","card_title":"20%","card_text":"Redu\u00e7\u00e3o de custos operacionais no atendimento ao cliente"},{"card_type":"default","background_type":"image","background":5494,"background_mobile":5493,"logo":5492,"link":null,"pretitle":"","title":"","text":"\"O melhor da indigitall \u00e9 a proximidade; sempre nos atendem com agilidade. A interface intuitiva facilita nosso trabalho - \u00e9 uma ferramenta feita para o usu\u00e1rio.\"","footer_text":"Jordi Aymar - CMO da Proclinic Group","card_title":"","card_text":""}]}],"hide_slider_blog":false,"slider_blog_custom_tag":null,"hide_mobile_fixed_buttons":false,"mobile_fixed_button_1":null,"mobile_fixed_button_2":{"title":"Watch a demo","url":"\/","target":"_blank"},"icon_mobile_fixed_button_2":"","download_ebook":false,"ebook_title":""},"yoast_head":"<!-- This site is optimized with the Yoast SEO plugin v27.1.1 - https:\/\/yoast.com\/product\/yoast-seo-wordpress\/ -->\n<title>indigitall IA - indigitall<\/title>\n<meta name=\"description\" content=\"Potencialize o engagement com a plataforma de experi\u00eancia do cliente movida por IA da indigitall.\" \/>\n<meta name=\"robots\" content=\"index, follow, max-snippet:-1, max-image-preview:large, max-video-preview:-1\" \/>\n<link rel=\"canonical\" href=\"https:\/\/indigitall.com\/br\/indigitall-ia\/\" \/>\n<meta property=\"og:locale\" content=\"en_US\" \/>\n<meta property=\"og:type\" content=\"article\" \/>\n<meta property=\"og:title\" content=\"indigitall IA - indigitall\" \/>\n<meta property=\"og:description\" content=\"Potencialize o engagement com a plataforma de experi\u00eancia do cliente movida por IA da indigitall.\" \/>\n<meta property=\"og:url\" content=\"https:\/\/indigitall.com\/br\/indigitall-ia\/\" \/>\n<meta property=\"og:site_name\" content=\"indigitall\" \/>\n<meta property=\"article:modified_time\" content=\"2025-07-29T07:49:36+00:00\" \/>\n<meta name=\"twitter:card\" content=\"summary_large_image\" \/>\n<script type=\"application\/ld+json\" class=\"yoast-schema-graph\">{\"@context\":\"https:\/\/schema.org\",\"@graph\":[{\"@type\":\"WebPage\",\"@id\":\"https:\/\/indigitall.com\/br\/indigitall-ia\/\",\"url\":\"https:\/\/indigitall.com\/br\/indigitall-ia\/\",\"name\":\"indigitall IA - indigitall\",\"isPartOf\":{\"@id\":\"https:\/\/indigitall.com\/br\/#website\"},\"datePublished\":\"2025-03-24T11:21:42+00:00\",\"dateModified\":\"2025-07-29T07:49:36+00:00\",\"description\":\"Potencialize o engagement com a plataforma de experi\u00eancia do cliente movida por IA da indigitall.\",\"breadcrumb\":{\"@id\":\"https:\/\/indigitall.com\/br\/indigitall-ia\/#breadcrumb\"},\"inLanguage\":\"br-BR\",\"potentialAction\":[{\"@type\":\"ReadAction\",\"target\":[\"https:\/\/indigitall.com\/br\/indigitall-ia\/\"]}]},{\"@type\":\"BreadcrumbList\",\"@id\":\"https:\/\/indigitall.com\/br\/indigitall-ia\/#breadcrumb\",\"itemListElement\":[{\"@type\":\"ListItem\",\"position\":1,\"name\":\"Home\",\"item\":\"https:\/\/indigitall.com\/br\/\"},{\"@type\":\"ListItem\",\"position\":2,\"name\":\"indigitall IA\"}]},{\"@type\":\"WebSite\",\"@id\":\"https:\/\/indigitall.com\/br\/#website\",\"url\":\"https:\/\/indigitall.com\/br\/\",\"name\":\"indigitall\",\"description\":\"Because Every Interaction Matters\",\"potentialAction\":[{\"@type\":\"SearchAction\",\"target\":{\"@type\":\"EntryPoint\",\"urlTemplate\":\"https:\/\/indigitall.com\/br\/?s={search_term_string}\"},\"query-input\":{\"@type\":\"PropertyValueSpecification\",\"valueRequired\":true,\"valueName\":\"search_term_string\"}}],\"inLanguage\":\"br-BR\"}]}<\/script>\n<!-- \/ Yoast SEO plugin. -->","yoast_head_json":{"title":"indigitall IA - indigitall","description":"Potencialize o engagement com a plataforma de experi\u00eancia do cliente movida por IA da indigitall.","robots":{"index":"index","follow":"follow","max-snippet":"max-snippet:-1","max-image-preview":"max-image-preview:large","max-video-preview":"max-video-preview:-1"},"canonical":"https:\/\/indigitall.com\/br\/indigitall-ia\/","og_locale":"en_US","og_type":"article","og_title":"indigitall IA - indigitall","og_description":"Potencialize o engagement com a plataforma de experi\u00eancia do cliente movida por IA da indigitall.","og_url":"https:\/\/indigitall.com\/br\/indigitall-ia\/","og_site_name":"indigitall","article_modified_time":"2025-07-29T07:49:36+00:00","twitter_card":"summary_large_image","schema":{"@context":"https:\/\/schema.org","@graph":[{"@type":"WebPage","@id":"https:\/\/indigitall.com\/br\/indigitall-ia\/","url":"https:\/\/indigitall.com\/br\/indigitall-ia\/","name":"indigitall IA - indigitall","isPartOf":{"@id":"https:\/\/indigitall.com\/br\/#website"},"datePublished":"2025-03-24T11:21:42+00:00","dateModified":"2025-07-29T07:49:36+00:00","description":"Potencialize o engagement com a plataforma de experi\u00eancia do cliente movida por IA da indigitall.","breadcrumb":{"@id":"https:\/\/indigitall.com\/br\/indigitall-ia\/#breadcrumb"},"inLanguage":"br-BR","potentialAction":[{"@type":"ReadAction","target":["https:\/\/indigitall.com\/br\/indigitall-ia\/"]}]},{"@type":"BreadcrumbList","@id":"https:\/\/indigitall.com\/br\/indigitall-ia\/#breadcrumb","itemListElement":[{"@type":"ListItem","position":1,"name":"Home","item":"https:\/\/indigitall.com\/br\/"},{"@type":"ListItem","position":2,"name":"indigitall IA"}]},{"@type":"WebSite","@id":"https:\/\/indigitall.com\/br\/#website","url":"https:\/\/indigitall.com\/br\/","name":"indigitall","description":"Because Every Interaction Matters","potentialAction":[{"@type":"SearchAction","target":{"@type":"EntryPoint","urlTemplate":"https:\/\/indigitall.com\/br\/?s={search_term_string}"},"query-input":{"@type":"PropertyValueSpecification","valueRequired":true,"valueName":"search_term_string"}}],"inLanguage":"br-BR"}]}},"_links":{"self":[{"href":"https:\/\/indigitall.com\/br\/wp-json\/wp\/v2\/pages\/6369","targetHints":{"allow":["GET"]}}],"collection":[{"href":"https:\/\/indigitall.com\/br\/wp-json\/wp\/v2\/pages"}],"about":[{"href":"https:\/\/indigitall.com\/br\/wp-json\/wp\/v2\/types\/page"}],"author":[{"embeddable":true,"href":"https:\/\/indigitall.com\/br\/wp-json\/wp\/v2\/users\/3"}],"replies":[{"embeddable":true,"href":"https:\/\/indigitall.com\/br\/wp-json\/wp\/v2\/comments?post=6369"}],"version-history":[{"count":5,"href":"https:\/\/indigitall.com\/br\/wp-json\/wp\/v2\/pages\/6369\/revisions"}],"predecessor-version":[{"id":9490,"href":"https:\/\/indigitall.com\/br\/wp-json\/wp\/v2\/pages\/6369\/revisions\/9490"}],"wp:attachment":[{"href":"https:\/\/indigitall.com\/br\/wp-json\/wp\/v2\/media?parent=6369"}],"curies":[{"name":"wp","href":"https:\/\/api.w.org\/{rel}","templated":true}]}}