{"id":6359,"date":"2025-03-24T11:21:41","date_gmt":"2025-03-24T11:21:41","guid":{"rendered":"https:\/\/indigitall.com\/?page_id=6359"},"modified":"2025-06-11T16:00:21","modified_gmt":"2025-06-11T16:00:21","slug":"fale-com-vendas","status":"publish","type":"page","link":"https:\/\/indigitall.com\/br\/fale-com-vendas\/","title":{"rendered":"Fale com Vendas"},"content":{"rendered":"","protected":false},"excerpt":{"rendered":"","protected":false},"author":3,"featured_media":0,"parent":0,"menu_order":0,"comment_status":"closed","ping_status":"closed","template":"","meta":{"_acf_changed":false},"class_list":["post-6359","page","type-page","status-publish","hentry"],"acf":{"flexible_content":[{"acf_fc_layout":"form_block","title":"Conecte-se com\r\nClientes e Aumente\r\nSuas Vendas","list_items":[{"item":"Impulsione o engajamento enquanto reduz custos."},{"item":"Crie a mensagem perfeita para cada cliente"},{"item":"Escolha o canal preferido do consumidor"}],"form_shortcode":"[contact-form-7 id=\"1848f37\" title=\"Contact Us Form br\"]"},{"acf_fc_layout":"text_icons","text":"A\u00a0<strong>indigitall\u00ae<\/strong>\u00a0foi criada<img class=\"alignnone wp-image-1804 size-full\" src=\"https:\/\/indigitall.com\/wp-content\/uploads\/2025\/04\/icon-heart.svg\" alt=\"\" width=\"36\" height=\"36\" \/> para revolucionar o relacionamento com clientes, capacitando empresas com estrat\u00e9gias omnichannel\u00a0 <img class=\"alignnone wp-image-1807 size-full\" src=\"https:\/\/indigitall.com\/wp-content\/uploads\/2025\/04\/icon-ok.svg\" alt=\"\" width=\"36\" height=\"36\" \/> e automa\u00e7\u00e3o personalizada.","link":{"title":"Por que a indigitall?","url":"https:\/\/indigitall.com\/br\/por-que\/","target":""}},{"acf_fc_layout":"openings_list","title":"","openings":[{"title":"Use o formul\u00e1rio para relatar falhas no sistema, incidentes, preocupa\u00e7\u00f5es ou quaisquer outros problemas relacionados aos nossos servi\u00e7os.","position":"","location":"","link":{"title":"","url":" https:\/\/indigitall.com\/br\/formulario-de-seguranca\/","target":""}}]},{"acf_fc_layout":"slider_offices"}],"hide_slider_blog":false,"slider_blog_custom_tag":null,"hide_mobile_fixed_buttons":false,"mobile_fixed_button_1":null,"mobile_fixed_button_2":null,"icon_mobile_fixed_button_2":"","download_ebook":false,"ebook_title":""},"yoast_head":"<!-- This site is optimized with the Yoast SEO plugin v27.1.1 - https:\/\/yoast.com\/product\/yoast-seo-wordpress\/ -->\n<title>Fale com Vendas - indigitall<\/title>\n<meta name=\"description\" content=\"Conecte-se com clientes e aumente vendas usando IA! Automa\u00e7\u00e3o personalizada + omnichannel para reduzir custos e melhorar engajamento. Fale com vendas!\" \/>\n<meta name=\"robots\" content=\"index, follow, max-snippet:-1, max-image-preview:large, max-video-preview:-1\" \/>\n<link rel=\"canonical\" href=\"https:\/\/indigitall.com\/br\/fale-com-vendas\/\" \/>\n<meta property=\"og:locale\" content=\"en_US\" \/>\n<meta property=\"og:type\" content=\"article\" \/>\n<meta property=\"og:title\" content=\"Fale com Vendas - indigitall\" \/>\n<meta property=\"og:description\" content=\"Conecte-se com clientes e aumente vendas usando IA! Automa\u00e7\u00e3o personalizada + omnichannel para reduzir custos e melhorar engajamento. Fale com vendas!\" \/>\n<meta property=\"og:url\" content=\"https:\/\/indigitall.com\/br\/fale-com-vendas\/\" \/>\n<meta property=\"og:site_name\" content=\"indigitall\" \/>\n<meta property=\"article:modified_time\" content=\"2025-06-11T16:00:21+00:00\" \/>\n<meta name=\"twitter:card\" content=\"summary_large_image\" \/>\n<script type=\"application\/ld+json\" class=\"yoast-schema-graph\">{\"@context\":\"https:\/\/schema.org\",\"@graph\":[{\"@type\":\"WebPage\",\"@id\":\"https:\/\/indigitall.com\/br\/fale-com-vendas\/\",\"url\":\"https:\/\/indigitall.com\/br\/fale-com-vendas\/\",\"name\":\"Fale com Vendas - indigitall\",\"isPartOf\":{\"@id\":\"https:\/\/indigitall.com\/br\/#website\"},\"datePublished\":\"2025-03-24T11:21:41+00:00\",\"dateModified\":\"2025-06-11T16:00:21+00:00\",\"description\":\"Conecte-se com clientes e aumente vendas usando IA! Automa\u00e7\u00e3o personalizada + omnichannel para reduzir custos e melhorar engajamento. Fale com vendas!\",\"breadcrumb\":{\"@id\":\"https:\/\/indigitall.com\/br\/fale-com-vendas\/#breadcrumb\"},\"inLanguage\":\"br-BR\",\"potentialAction\":[{\"@type\":\"ReadAction\",\"target\":[\"https:\/\/indigitall.com\/br\/fale-com-vendas\/\"]}]},{\"@type\":\"BreadcrumbList\",\"@id\":\"https:\/\/indigitall.com\/br\/fale-com-vendas\/#breadcrumb\",\"itemListElement\":[{\"@type\":\"ListItem\",\"position\":1,\"name\":\"Home\",\"item\":\"https:\/\/indigitall.com\/br\/\"},{\"@type\":\"ListItem\",\"position\":2,\"name\":\"Fale com Vendas\"}]},{\"@type\":\"WebSite\",\"@id\":\"https:\/\/indigitall.com\/br\/#website\",\"url\":\"https:\/\/indigitall.com\/br\/\",\"name\":\"indigitall\",\"description\":\"Because Every Interaction Matters\",\"potentialAction\":[{\"@type\":\"SearchAction\",\"target\":{\"@type\":\"EntryPoint\",\"urlTemplate\":\"https:\/\/indigitall.com\/br\/?s={search_term_string}\"},\"query-input\":{\"@type\":\"PropertyValueSpecification\",\"valueRequired\":true,\"valueName\":\"search_term_string\"}}],\"inLanguage\":\"br-BR\"}]}<\/script>\n<!-- \/ Yoast SEO plugin. -->","yoast_head_json":{"title":"Fale com Vendas - indigitall","description":"Conecte-se com clientes e aumente vendas usando IA! Automa\u00e7\u00e3o personalizada + omnichannel para reduzir custos e melhorar engajamento. Fale com vendas!","robots":{"index":"index","follow":"follow","max-snippet":"max-snippet:-1","max-image-preview":"max-image-preview:large","max-video-preview":"max-video-preview:-1"},"canonical":"https:\/\/indigitall.com\/br\/fale-com-vendas\/","og_locale":"en_US","og_type":"article","og_title":"Fale com Vendas - indigitall","og_description":"Conecte-se com clientes e aumente vendas usando IA! Automa\u00e7\u00e3o personalizada + omnichannel para reduzir custos e melhorar engajamento. Fale com vendas!","og_url":"https:\/\/indigitall.com\/br\/fale-com-vendas\/","og_site_name":"indigitall","article_modified_time":"2025-06-11T16:00:21+00:00","twitter_card":"summary_large_image","schema":{"@context":"https:\/\/schema.org","@graph":[{"@type":"WebPage","@id":"https:\/\/indigitall.com\/br\/fale-com-vendas\/","url":"https:\/\/indigitall.com\/br\/fale-com-vendas\/","name":"Fale com Vendas - indigitall","isPartOf":{"@id":"https:\/\/indigitall.com\/br\/#website"},"datePublished":"2025-03-24T11:21:41+00:00","dateModified":"2025-06-11T16:00:21+00:00","description":"Conecte-se com clientes e aumente vendas usando IA! Automa\u00e7\u00e3o personalizada + omnichannel para reduzir custos e melhorar engajamento. Fale com vendas!","breadcrumb":{"@id":"https:\/\/indigitall.com\/br\/fale-com-vendas\/#breadcrumb"},"inLanguage":"br-BR","potentialAction":[{"@type":"ReadAction","target":["https:\/\/indigitall.com\/br\/fale-com-vendas\/"]}]},{"@type":"BreadcrumbList","@id":"https:\/\/indigitall.com\/br\/fale-com-vendas\/#breadcrumb","itemListElement":[{"@type":"ListItem","position":1,"name":"Home","item":"https:\/\/indigitall.com\/br\/"},{"@type":"ListItem","position":2,"name":"Fale com Vendas"}]},{"@type":"WebSite","@id":"https:\/\/indigitall.com\/br\/#website","url":"https:\/\/indigitall.com\/br\/","name":"indigitall","description":"Because Every Interaction Matters","potentialAction":[{"@type":"SearchAction","target":{"@type":"EntryPoint","urlTemplate":"https:\/\/indigitall.com\/br\/?s={search_term_string}"},"query-input":{"@type":"PropertyValueSpecification","valueRequired":true,"valueName":"search_term_string"}}],"inLanguage":"br-BR"}]}},"_links":{"self":[{"href":"https:\/\/indigitall.com\/br\/wp-json\/wp\/v2\/pages\/6359","targetHints":{"allow":["GET"]}}],"collection":[{"href":"https:\/\/indigitall.com\/br\/wp-json\/wp\/v2\/pages"}],"about":[{"href":"https:\/\/indigitall.com\/br\/wp-json\/wp\/v2\/types\/page"}],"author":[{"embeddable":true,"href":"https:\/\/indigitall.com\/br\/wp-json\/wp\/v2\/users\/3"}],"replies":[{"embeddable":true,"href":"https:\/\/indigitall.com\/br\/wp-json\/wp\/v2\/comments?post=6359"}],"version-history":[{"count":6,"href":"https:\/\/indigitall.com\/br\/wp-json\/wp\/v2\/pages\/6359\/revisions"}],"predecessor-version":[{"id":8470,"href":"https:\/\/indigitall.com\/br\/wp-json\/wp\/v2\/pages\/6359\/revisions\/8470"}],"wp:attachment":[{"href":"https:\/\/indigitall.com\/br\/wp-json\/wp\/v2\/media?parent=6359"}],"curies":[{"name":"wp","href":"https:\/\/api.w.org\/{rel}","templated":true}]}}