{"id":6318,"date":"2025-03-24T11:21:41","date_gmt":"2025-03-24T11:21:41","guid":{"rendered":"https:\/\/indigitall.com\/?page_id=6318"},"modified":"2025-12-15T09:57:43","modified_gmt":"2025-12-15T09:57:43","slug":"sobre-nos","status":"publish","type":"page","link":"https:\/\/indigitall.com\/br\/sobre-nos\/","title":{"rendered":"Sobre N\u00f3s"},"content":{"rendered":"","protected":false},"excerpt":{"rendered":"","protected":false},"author":3,"featured_media":0,"parent":0,"menu_order":0,"comment_status":"closed","ping_status":"closed","template":"","meta":{"_acf_changed":false},"class_list":["post-6318","page","type-page","status-publish","hentry"],"acf":{"flexible_content":[{"acf_fc_layout":"hero_page","background_type":"image","dark_filter":0,"background_image":6320,"background_image_mobile":6319,"background_video":null,"background_video_mobile":null,"pretitle":"Sobre N\u00f3s","pretitle_font_size":"","title":"Porque Cada\r\nIntera\u00e7\u00e3o\r\nImporta","title_font_size":"","subtitle":"","subtitle_font_size":"","button_1":null,"button_2":null,"icon_button_2":null,"download_ebook":false,"ebook_title":"","extra_content":"none","title_cards":"","cards":null,"brands_custom_background_color":false,"brands_background_color":"","custom_brands":false,"brands":null},{"acf_fc_layout":"text_icons","text":"indigitall\u00ae was born with the <img class=\"alignnone size-full wp-image-1842\" src=\"https:\/\/indigitall.com\/wp-content\/uploads\/2025\/04\/icon-person.webp\" alt=\"\" width=\"60\" height=\"60\" \/> mission to cross digital boundaries and adapt each marketing <img class=\"alignnone size-full wp-image-1804\" src=\"https:\/\/indigitall.com\/wp-content\/uploads\/2025\/04\/icon-heart.svg\" alt=\"\" width=\"36\" height=\"36\" \/> campaign to the preferences of each customer in all their digital channels thanks to the use of its own artificial intelligence, ensuring that every interaction is relevant <img class=\"alignnone size-full wp-image-1807\" src=\"https:\/\/indigitall.com\/wp-content\/uploads\/2025\/04\/icon-ok.svg\" alt=\"\" width=\"36\" height=\"36\" \/> and effective.","link":null},{"acf_fc_layout":"slider_cards","pretitle":"VALORES","link":null,"title":"Os princ\u00edpios que nos guiam","text":"","card_size":"big","logo_size":"normal","cards":[{"icon":6324,"title":"Inova\u00e7\u00e3o","text":"<span style=\"font-weight: 400;\">Desenvolvimento e implementa\u00e7\u00e3o de solu\u00e7\u00f5es de vanguarda impulsionadas por intelig\u00eancia artificial.<\/span>","link":null},{"icon":6323,"title":"Transforma\u00e7\u00e3o Digital","text":"<span style=\"font-weight: 400;\">Acompanhamos empresas em sua transi\u00e7\u00e3o para estrat\u00e9gias modernas e automatizadas.<\/span>","link":null},{"icon":6322,"title":"Foco no Cliente\r\n","text":"<span style=\"font-weight: 400;\">Priorizamos comunica\u00e7\u00f5es que aumentam o engajamento e a satisfa\u00e7\u00e3o do usu\u00e1rio.<\/span>","link":null}]},{"acf_fc_layout":"slider_big_cards","pretitle":"NOSSO COMPROMISSO","title":"O que nos define\r\n","link":null,"cards":[{"card_type":"default","background_type":"image","background":6326,"background_mobile":6347,"logo":null,"link":null,"pretitle":"GLOBAL","title":"Diversidade","text":"A incorpora\u00e7\u00e3o de profissionais mulheres e a diversidade em g\u00eanero, idade, origem \u00e9tnico-cultural, ideologia e orienta\u00e7\u00e3o sexual s\u00e3o marcas distintivas da indigitall e essenciais para nosso sucesso, refletindo o mercado global em que atuamos.","footer_text":"","card_title":"","card_text":""},{"card_type":"default","background_type":"image","background":6351,"background_mobile":null,"logo":null,"link":null,"pretitle":"FUTURO","title":"Sustentabilidade","text":"Implementamos medidas ecorrespons\u00e1veis como a digitaliza\u00e7\u00e3o de materiais (reduzindo o uso de papel), reciclagem seletiva nos escrit\u00f3rios e uso de produtos biodegrad\u00e1veis.","footer_text":"","card_title":"","card_text":""},{"card_type":"default","background_type":"image","background":6352,"background_mobile":null,"logo":null,"link":null,"pretitle":"FLEXIBILIDADE","title":"Equil\u00edbrio vida-trabalho","text":"Promovemos o bem-estar e sa\u00fade mental de nossa equipe atrav\u00e9s do apoio a atividades esportivas federadas, colabora\u00e7\u00e3o com ONGs e desenvolvimento de rela\u00e7\u00f5es sociais.","footer_text":"","card_title":"","card_text":""}]},{"acf_fc_layout":"slider_cards","pretitle":"","link":null,"title":"Nossos reconhecimentos em inova\u00e7\u00e3o e tecnologia refletem o esfor\u00e7o e dedica\u00e7\u00e3o da equipe indigitall.","text":"","card_size":"big","logo_size":"normal","cards":[{"icon":6327,"title":"Enisa","text":"<span style=\"font-weight: 400;\">\u00a0Projeto financiado pelo Minist\u00e9rio da Ind\u00fastria, Com\u00e9rcio e Turis<\/span>","link":null},{"icon":6330,"title":"CDTI","text":"<strong>\u00a0Plataforma Customer Communication Cloud\r\n<\/strong><span style=\"font-weight: 400;\">Aval do Minist\u00e9rio da Ci\u00eancia e Inova\u00e7\u00e3o aos nossos projetos de IA<\/span><span style=\"font-weight: 400;\">\r\n<\/span>","link":null},{"icon":6329,"title":"ISO","text":"<span style=\"font-weight: 400;\">Certifica\u00e7\u00e3o ISO 27001 em Seguran\u00e7a da Informa\u00e7\u00e3o<\/span>","link":null},{"icon":6328,"title":"Innovative \r\nSME","text":"<span style=\"font-weight: 400;\">Reconhecimento do Minist\u00e9rio da Ci\u00eancia, Inova\u00e7\u00e3o e Universidades<\/span>","link":null}]},{"acf_fc_layout":"our_team","pretitle":"NOSSO TIME","title":"Um time excepcional a seu servi\u00e7o","link":{"title":"Join our team","url":"https:\/\/jobs.indigitall.com\/","target":"_blank"},"members":[{"image":6355,"name":"Juan Carlos de la Vela","position":"CEO e Cofundador","x_url":"","linkedin_url":"https:\/\/www.linkedin.com\/in\/juancvela\/"},{"image":6357,"name":"Xavier Omella","position":"Cofundador","x_url":"","linkedin_url":"https:\/\/www.linkedin.com\/in\/xavier-omella-2480109\/"},{"image":6356,"name":"Marcos Fort\u00fan","position":"Chief Technology Officer","x_url":"","linkedin_url":"https:\/\/www.linkedin.com\/in\/marcos-fort%C3%BAn-5a5771133\/"},{"image":6354,"name":"Josh Rice","position":"Chief Marketing Officer","x_url":"","linkedin_url":"https:\/\/www.linkedin.com\/in\/joshrice1\/"},{"image":6353,"name":"I\u00f1aki Iturbide","position":"Chief Revenue Officer","x_url":"","linkedin_url":"https:\/\/www.linkedin.com\/in\/ignacioiturbide\/"}]},{"acf_fc_layout":"slider_offices"}],"hide_slider_blog":false,"slider_blog_custom_tag":null,"hide_mobile_fixed_buttons":false,"mobile_fixed_button_1":null,"mobile_fixed_button_2":null,"icon_mobile_fixed_button_2":"","download_ebook":false,"ebook_title":""},"yoast_head":"<!-- This site is optimized with the Yoast SEO plugin v27.1.1 - https:\/\/yoast.com\/product\/yoast-seo-wordpress\/ -->\n<title>Sobre N\u00f3s - indigitall<\/title>\n<meta name=\"description\" content=\"Sobre n\u00f3s. Ajudamos as empresas a impulsionar o engajamento dos clientes com comunica\u00e7\u00f5es automatizadas e personalizadas.\" \/>\n<meta name=\"robots\" content=\"index, follow, max-snippet:-1, max-image-preview:large, max-video-preview:-1\" \/>\n<link rel=\"canonical\" href=\"https:\/\/indigitall.com\/br\/sobre-nos\/\" \/>\n<meta property=\"og:locale\" content=\"en_US\" \/>\n<meta property=\"og:type\" content=\"article\" \/>\n<meta property=\"og:title\" content=\"Sobre N\u00f3s - indigitall\" \/>\n<meta property=\"og:description\" content=\"Sobre n\u00f3s. Ajudamos as empresas a impulsionar o engajamento dos clientes com comunica\u00e7\u00f5es automatizadas e personalizadas.\" \/>\n<meta property=\"og:url\" content=\"https:\/\/indigitall.com\/br\/sobre-nos\/\" \/>\n<meta property=\"og:site_name\" content=\"indigitall\" \/>\n<meta property=\"article:modified_time\" content=\"2025-12-15T09:57:43+00:00\" \/>\n<meta name=\"twitter:card\" content=\"summary_large_image\" \/>\n<script type=\"application\/ld+json\" class=\"yoast-schema-graph\">{\"@context\":\"https:\/\/schema.org\",\"@graph\":[{\"@type\":\"WebPage\",\"@id\":\"https:\/\/indigitall.com\/br\/sobre-nos\/\",\"url\":\"https:\/\/indigitall.com\/br\/sobre-nos\/\",\"name\":\"Sobre N\u00f3s - indigitall\",\"isPartOf\":{\"@id\":\"https:\/\/indigitall.com\/br\/#website\"},\"datePublished\":\"2025-03-24T11:21:41+00:00\",\"dateModified\":\"2025-12-15T09:57:43+00:00\",\"description\":\"Sobre n\u00f3s. Ajudamos as empresas a impulsionar o engajamento dos clientes com comunica\u00e7\u00f5es automatizadas e personalizadas.\",\"breadcrumb\":{\"@id\":\"https:\/\/indigitall.com\/br\/sobre-nos\/#breadcrumb\"},\"inLanguage\":\"br-BR\",\"potentialAction\":[{\"@type\":\"ReadAction\",\"target\":[\"https:\/\/indigitall.com\/br\/sobre-nos\/\"]}]},{\"@type\":\"BreadcrumbList\",\"@id\":\"https:\/\/indigitall.com\/br\/sobre-nos\/#breadcrumb\",\"itemListElement\":[{\"@type\":\"ListItem\",\"position\":1,\"name\":\"Home\",\"item\":\"https:\/\/indigitall.com\/br\/\"},{\"@type\":\"ListItem\",\"position\":2,\"name\":\"Sobre N\u00f3s\"}]},{\"@type\":\"WebSite\",\"@id\":\"https:\/\/indigitall.com\/br\/#website\",\"url\":\"https:\/\/indigitall.com\/br\/\",\"name\":\"indigitall\",\"description\":\"Because Every Interaction Matters\",\"potentialAction\":[{\"@type\":\"SearchAction\",\"target\":{\"@type\":\"EntryPoint\",\"urlTemplate\":\"https:\/\/indigitall.com\/br\/?s={search_term_string}\"},\"query-input\":{\"@type\":\"PropertyValueSpecification\",\"valueRequired\":true,\"valueName\":\"search_term_string\"}}],\"inLanguage\":\"br-BR\"}]}<\/script>\n<!-- \/ Yoast SEO plugin. -->","yoast_head_json":{"title":"Sobre N\u00f3s - indigitall","description":"Sobre n\u00f3s. Ajudamos as empresas a impulsionar o engajamento dos clientes com comunica\u00e7\u00f5es automatizadas e personalizadas.","robots":{"index":"index","follow":"follow","max-snippet":"max-snippet:-1","max-image-preview":"max-image-preview:large","max-video-preview":"max-video-preview:-1"},"canonical":"https:\/\/indigitall.com\/br\/sobre-nos\/","og_locale":"en_US","og_type":"article","og_title":"Sobre N\u00f3s - indigitall","og_description":"Sobre n\u00f3s. Ajudamos as empresas a impulsionar o engajamento dos clientes com comunica\u00e7\u00f5es automatizadas e personalizadas.","og_url":"https:\/\/indigitall.com\/br\/sobre-nos\/","og_site_name":"indigitall","article_modified_time":"2025-12-15T09:57:43+00:00","twitter_card":"summary_large_image","schema":{"@context":"https:\/\/schema.org","@graph":[{"@type":"WebPage","@id":"https:\/\/indigitall.com\/br\/sobre-nos\/","url":"https:\/\/indigitall.com\/br\/sobre-nos\/","name":"Sobre N\u00f3s - indigitall","isPartOf":{"@id":"https:\/\/indigitall.com\/br\/#website"},"datePublished":"2025-03-24T11:21:41+00:00","dateModified":"2025-12-15T09:57:43+00:00","description":"Sobre n\u00f3s. Ajudamos as empresas a impulsionar o engajamento dos clientes com comunica\u00e7\u00f5es automatizadas e personalizadas.","breadcrumb":{"@id":"https:\/\/indigitall.com\/br\/sobre-nos\/#breadcrumb"},"inLanguage":"br-BR","potentialAction":[{"@type":"ReadAction","target":["https:\/\/indigitall.com\/br\/sobre-nos\/"]}]},{"@type":"BreadcrumbList","@id":"https:\/\/indigitall.com\/br\/sobre-nos\/#breadcrumb","itemListElement":[{"@type":"ListItem","position":1,"name":"Home","item":"https:\/\/indigitall.com\/br\/"},{"@type":"ListItem","position":2,"name":"Sobre N\u00f3s"}]},{"@type":"WebSite","@id":"https:\/\/indigitall.com\/br\/#website","url":"https:\/\/indigitall.com\/br\/","name":"indigitall","description":"Because Every Interaction Matters","potentialAction":[{"@type":"SearchAction","target":{"@type":"EntryPoint","urlTemplate":"https:\/\/indigitall.com\/br\/?s={search_term_string}"},"query-input":{"@type":"PropertyValueSpecification","valueRequired":true,"valueName":"search_term_string"}}],"inLanguage":"br-BR"}]}},"_links":{"self":[{"href":"https:\/\/indigitall.com\/br\/wp-json\/wp\/v2\/pages\/6318","targetHints":{"allow":["GET"]}}],"collection":[{"href":"https:\/\/indigitall.com\/br\/wp-json\/wp\/v2\/pages"}],"about":[{"href":"https:\/\/indigitall.com\/br\/wp-json\/wp\/v2\/types\/page"}],"author":[{"embeddable":true,"href":"https:\/\/indigitall.com\/br\/wp-json\/wp\/v2\/users\/3"}],"replies":[{"embeddable":true,"href":"https:\/\/indigitall.com\/br\/wp-json\/wp\/v2\/comments?post=6318"}],"version-history":[{"count":5,"href":"https:\/\/indigitall.com\/br\/wp-json\/wp\/v2\/pages\/6318\/revisions"}],"predecessor-version":[{"id":11256,"href":"https:\/\/indigitall.com\/br\/wp-json\/wp\/v2\/pages\/6318\/revisions\/11256"}],"wp:attachment":[{"href":"https:\/\/indigitall.com\/br\/wp-json\/wp\/v2\/media?parent=6318"}],"curies":[{"name":"wp","href":"https:\/\/api.w.org\/{rel}","templated":true}]}}