{"id":6268,"date":"2025-03-24T11:21:41","date_gmt":"2025-03-24T11:21:41","guid":{"rendered":"https:\/\/indigitall.com\/?page_id=6268"},"modified":"2025-05-19T21:18:28","modified_gmt":"2025-05-19T21:18:28","slug":"politica-de-cookies","status":"publish","type":"page","link":"https:\/\/indigitall.com\/br\/politica-de-cookies\/","title":{"rendered":"Pol\u00edtica de cookies"},"content":{"rendered":"","protected":false},"excerpt":{"rendered":"","protected":false},"author":3,"featured_media":0,"parent":0,"menu_order":0,"comment_status":"closed","ping_status":"closed","template":"","meta":{"_acf_changed":false},"class_list":["post-6268","page","type-page","status-publish","hentry"],"acf":{"flexible_content":[{"acf_fc_layout":"hero_utility_page","pretitle":"P\u00e1gina Legal","title":"pol\u00edtica de cookies"},{"acf_fc_layout":"legal_text","info_items":[{"title":"name","text":"SMART2ME, S.L"},{"title":"CIF","text":"B86653938"},{"title":"ADDRESS","text":"Paseo de la Castellana, 139, 28020 Madrid"},{"title":"PHONE","text":"+1 (213) 336-4050"},{"title":"EMAIL","text":"rgdp@indigitall.com"}],"content":"<div class=\"indigitall-block indigitall-block-title-text\">\r\n<div class=\"indigitall-block-container\">\r\n<div class=\"indigitall-block-content landing-width\">\r\n<div class=\"single-row\">\r\n\r\nNo site https:\/\/indigitall.net (doravante, o Site) usamos cookies para facilitar a rela\u00e7\u00e3o dos visitantes com o nosso conte\u00fado e para nos permitir compilar estat\u00edsticas sobre os visitantes que recebemos.\r\n\r\nInformamos que podemos usar cookies para facilitar sua navega\u00e7\u00e3o pelo Site, distingui-lo de outros usu\u00e1rios, proporcionar uma melhor experi\u00eancia no uso do mesmo e identificar problemas para melhorar nosso Site. Al\u00e9m disso, se voc\u00ea der seu consentimento, usaremos cookies que nos permitem obter mais informa\u00e7\u00f5es sobre suas prefer\u00eancias e personalizar nosso site de acordo com seus interesses individuais.\r\n\r\n&nbsp;\r\n\r\n<strong><span data-sheets-value=\"{&quot;1&quot;:2,&quot;2&quot;:&quot;O que s\u00e3o cookies?&quot;}\" data-sheets-userformat=\"{&quot;2&quot;:769,&quot;3&quot;:{&quot;1&quot;:1},&quot;11&quot;:4,&quot;12&quot;:0}\">O que s\u00e3o cookies?<\/span><\/strong>\r\n\r\nOs cookies s\u00e3o chamados de pequenos arquivos que s\u00e3o gravados no navegador utilizado por cada visitante do nosso site para que o servidor possa se lembrar da visita desse usu\u00e1rio posteriormente quando ele voltar a acessar nosso conte\u00fado. Esta informa\u00e7\u00e3o n\u00e3o revela sua identidade, ou quaisquer dados pessoais, ou acesso ao conte\u00fado armazenado em seu PC, mas permite que nosso sistema o identifique como um usu\u00e1rio espec\u00edfico que visitou anteriormente a web, visualizou determinadas p\u00e1ginas, etc. e tamb\u00e9m permite que voc\u00ea salve suas prefer\u00eancias pessoais e informa\u00e7\u00f5es t\u00e9cnicas, como visitas feitas ou p\u00e1ginas espec\u00edficas que voc\u00ea visita.\r\n\r\nEm conformidade com a Diretiva 2009\/136\/CE, desenvolvida em nosso despacho pelo segundo par\u00e1grafo do artigo 22 da Lei de Servi\u00e7os da Sociedade da Informa\u00e7\u00e3o, seguindo as diretrizes da Ag\u00eancia Espanhola de Prote\u00e7\u00e3o de Dados, passamos a inform\u00e1-lo detalhadamente sobre o uso que \u00e9 feito em nosso site.\r\n\r\nO objetivo desta pol\u00edtica de cookies \u00e9 inform\u00e1-lo de forma clara e precisa sobre os cookies usados \u200b\u200bem nosso site (a \u201cPol\u00edtica de Cookies\u201d). Em rela\u00e7\u00e3o aos cookies de terceiros, ou seja, aqueles que s\u00e3o estranhos ao nosso site, n\u00e3o podemos ser responsabilizados pelo conte\u00fado e veracidade das pol\u00edticas de privacidade que incluem, pelo que a informa\u00e7\u00e3o que oferecemos \u00e9 sempre com refer\u00eancia \u00e0 fonte.\r\n\r\nEm seguida, \u00e9 feita uma classifica\u00e7\u00e3o dos cookies de acordo com uma s\u00e9rie de categorias. No entanto, \u00e9 necess\u00e1rio levar em considera\u00e7\u00e3o que o mesmo cookie pode ser inclu\u00eddo em mais de uma categoria.\r\n\r\n&nbsp;\r\n\r\n<strong><span data-sheets-value=\"{&quot;1&quot;:2,&quot;2&quot;:&quot;Tipos de cookies:&quot;}\" data-sheets-userformat=\"{&quot;2&quot;:769,&quot;3&quot;:{&quot;1&quot;:1},&quot;11&quot;:4,&quot;12&quot;:0}\">Tipos de cookies:<\/span><\/strong>\r\n\r\n\u2013\u00a0Cookies pr\u00f3prios:\u00a0S\u00e3o aqueles que s\u00e3o enviados ao equipamento terminal do usu\u00e1rio a partir de um computador ou dom\u00ednio gerenciado pelo pr\u00f3prio editor e do qual \u00e9 prestado o servi\u00e7o solicitado pelo usu\u00e1rio.\r\n\r\n\u2013\u00a0Cookies de terceiros:\u00a0s\u00e3o aqueles que s\u00e3o enviados ao equipamento terminal dos usu\u00e1rios de um computador ou dom\u00ednio que n\u00e3o \u00e9 gerenciado pelo editor, mas por outra entidade que trata os dados\r\n\r\n\u2013\u00a0Cookies de sess\u00e3o:\u00a0s\u00e3o um tipo de cookies projetados para coletar e armazenar dados enquanto o usu\u00e1rio acessa uma p\u00e1gina da web.\r\n\r\n\u2013\u00a0Cookies persistentes:\u00a0S\u00e3o um tipo de cookies em que os dados s\u00e3o armazenados no terminal e podem ser acessados \u200b\u200be processados \u200b\u200bdurante um per\u00edodo definido pelo respons\u00e1vel pelo cookie, que pode variar de alguns minutos a v\u00e1rios anos.\r\n\r\n\u2013\u00a0Cookies t\u00e9cnicos:\u00a0S\u00e3o aqueles que permitem ao usu\u00e1rio navegar por uma p\u00e1gina da web, plataforma ou aplicativo e o uso de diferentes op\u00e7\u00f5es ou servi\u00e7os existentes nele, por exemplo, controlar tr\u00e1fego e comunica\u00e7\u00e3o de dados, identificar a sess\u00e3o, acessar partes de acesso restrito , recordar os elementos que comp\u00f5em uma encomenda, efetuar o processo de compra de uma encomenda, efetuar o pedido de inscri\u00e7\u00e3o ou participa\u00e7\u00e3o num evento, utilizar elementos de seguran\u00e7a durante a navega\u00e7\u00e3o, armazenar conte\u00fados para a transmiss\u00e3o de v\u00eddeos ou som ou partilhar conte\u00fados atrav\u00e9s das redes sociais.\r\n\r\n\u2013\u00a0Cookies de personaliza\u00e7\u00e3o:\u00a0S\u00e3o aqueles que permitem ao usu\u00e1rio acessar o servi\u00e7o com algumas caracter\u00edsticas gerais predefinidas com base em uma s\u00e9rie de crit\u00e9rios no terminal do usu\u00e1rio, como o idioma, o tipo de navegador pelo qual o usu\u00e1rio acessa o servi\u00e7o, a regi\u00e3o configura\u00e7\u00e3o de onde voc\u00ea acessa o servi\u00e7o, etc.\r\n\r\n\u2013\u00a0Cookies de an\u00e1lise:\u00a0S\u00e3o aqueles que permitem ao respons\u00e1vel por eles monitorar e analisar o comportamento dos usu\u00e1rios dos sites aos quais est\u00e3o vinculados. A informa\u00e7\u00e3o recolhida atrav\u00e9s deste tipo de cookies \u00e9 utilizada na medi\u00e7\u00e3o da atividade dos websites, aplica\u00e7\u00e3o ou plataforma e para a elabora\u00e7\u00e3o de perfis de navega\u00e7\u00e3o dos utilizadores dos referidos sites, aplica\u00e7\u00f5es e plataformas, de forma a introduzir melhorias na fun\u00e7\u00e3o do an\u00e1lise dos dados de uso feita pelos usu\u00e1rios do servi\u00e7o.\r\n\r\nRelativamente ao tratamento dos dados recolhidos atrav\u00e9s dos cookies de an\u00e1lise, embora n\u00e3o estejam isentos do dever de obter o consentimento informado para a sua utiliza\u00e7\u00e3o, \u00e9 pouco prov\u00e1vel que representem um risco para a privacidade dos utilizadores, desde que sejam cookies pr\u00f3prios, que tratar os dados agregados com uma finalidade estritamente estat\u00edstica, que forne\u00e7a informa\u00e7\u00e3o sobre a sua utiliza\u00e7\u00e3o e inclua a possibilidade de os utilizadores manifestarem a sua recusa na sua utiliza\u00e7\u00e3o.\r\n\r\n\u2013\u00a0Cookies publicit\u00e1rios:\u00a0S\u00e3o aqueles que permitem a gest\u00e3o, da forma mais eficiente poss\u00edvel, dos espa\u00e7os publicit\u00e1rios que, se for o caso, o editor incluiu em uma p\u00e1gina da web, aplicativo ou plataforma a partir da qual o servi\u00e7o solicitado \u00e9 fornecido com base em crit\u00e9rios como o conte\u00fado editado ou a frequ\u00eancia com que os an\u00fancios s\u00e3o exibidos.\r\n\r\n\u2013\u00a0Cookies de publicidade comportamental:\u00a0S\u00e3o aqueles que permitem o gerenciamento, da maneira mais eficiente poss\u00edvel, dos espa\u00e7os publicit\u00e1rios que, se for o caso, o editor incluiu em uma p\u00e1gina da web, aplicativo ou plataforma a partir da qual fornece o servi\u00e7o solicitado. Esses cookies armazenam informa\u00e7\u00f5es sobre o comportamento dos usu\u00e1rios obtidas atrav\u00e9s da observa\u00e7\u00e3o cont\u00ednua de seus h\u00e1bitos de navega\u00e7\u00e3o, o que permite o desenvolvimento de um perfil espec\u00edfico para exibir publicidade com base nele.\r\n\r\nAtualmente, a maioria dos navegadores est\u00e1 configurada por padr\u00e3o para bloquear a instala\u00e7\u00e3o de cookies de publicidade ou de terceiros em seu computador. O usu\u00e1rio pode estender as restri\u00e7\u00f5es de origem, impedindo a entrada de qualquer tipo de cookie, ou eliminar essas restri\u00e7\u00f5es, aceitando a entrada de qualquer tipo de cookie. Se estiver interessado em aceitar cookies publicit\u00e1rios ou de terceiros, pode configurar o seu navegador para esse efeito.\r\n\r\nA aceita\u00e7\u00e3o efetuada pelo utilizador, ao clicar no bot\u00e3o ACEITAR apresentado na informa\u00e7\u00e3o inicial sobre cookies, implica que est\u00e1 a dar o seu consentimento expresso ao respons\u00e1vel pela sua utiliza\u00e7\u00e3o, podendo exercer os seus direitos e revogar o seu consentimento a qualquer momento, atrav\u00e9s pedido \u00e0 SMART2ME, SL\r\n\r\nPara mais detalhes sobre cookies, consulte a\u00a0<a href=\"https:\/\/indigitall.com\/br\/politica-de-privacidade\/#cookies-table\">tabela abaixo<\/a>.\r\n\r\nPodemos atualizar a Pol\u00edtica de Cookies do nosso Site, por isso recomendamos que voc\u00ea revise esta pol\u00edtica toda vez que acessar nosso Site, a fim de se informar adequadamente sobre como e por que usamos cookies\r\n\r\nO objetivo dos cookies \u00e9 fornecer ao Usu\u00e1rio um acesso mais r\u00e1pido aos Servi\u00e7os selecionados.\r\n\r\nSe voc\u00ea n\u00e3o deseja que os cookies sejam armazenados em seu navegador ou prefere receber informa\u00e7\u00f5es sempre que um cookie solicita a instala\u00e7\u00e3o, voc\u00ea pode configurar suas op\u00e7\u00f5es de navega\u00e7\u00e3o para que sejam feitas dessa maneira. A maioria dos navegadores permite a gest\u00e3o de cookies de 3 formas diferentes:\r\n\r\n\u2013 Os cookies s\u00e3o sempre rejeitados;\r\n\r\n\u2013 O navegador pergunta se o usu\u00e1rio deseja instalar cada cookie;\r\n\r\n\u2013 Cookies s\u00e3o sempre aceitos;\r\n\r\nO seu navegador tamb\u00e9m pode incluir a possibilidade de selecionar detalhadamente os cookies que deseja instalar no seu computador. Em particular, o usu\u00e1rio geralmente pode aceitar qualquer uma das seguintes op\u00e7\u00f5es:\r\n\r\n\u2013 Rejeitar os cookies de determinados dom\u00ednios;\r\n\r\n\u2013 Rejeitar cookies de terceiros;\r\n\r\n\u2013 Aceitar cookies como n\u00e3o persistentes (s\u00e3o apagados quando o navegador fecha);\r\n\r\n\u2013 Permitir que o servidor crie cookies para um dom\u00ednio diferente.\r\n\r\nPara permitir, conhecer, bloquear ou eliminar os cookies instalados no seu computador poder\u00e1 faz\u00ea-lo configurando as op\u00e7\u00f5es do navegador instalado no seu computador.\r\n\r\nVoc\u00ea pode encontrar informa\u00e7\u00f5es sobre como configurar os navegadores mais usados \u200b\u200bnos seguintes locais:\r\n\r\n\u2022\u00a0\u00a0\u00a0Internet Explorer:\u00a0Ferramentas -&gt; Op\u00e7\u00f5es da Internet -&gt; Privacidade -&gt; Configura\u00e7\u00e3o. Para obter mais informa\u00e7\u00f5es, voc\u00ea pode consultar o suporte da Microsoft ou a Ajuda do navegador.\r\n\r\n\u2022\u00a0\u00a0\u00a0Firefox:\u00a0Ferramentas -&gt; Op\u00e7\u00f5es -&gt; Privacidade -&gt; Hist\u00f3rico -&gt; Configura\u00e7\u00f5es personalizadas. Para obter mais informa\u00e7\u00f5es, voc\u00ea pode verificar o suporte da Mozilla ou a Ajuda do navegador.\r\n\r\n\u2022\u00a0\u00a0\u00a0Chrome:\u00a0Configura\u00e7\u00f5es -&gt; Mostrar op\u00e7\u00f5es avan\u00e7adas -&gt; Privacidade -&gt; Configura\u00e7\u00f5es de conte\u00fado. Para obter mais informa\u00e7\u00f5es, consulte o suporte do Google ou a Ajuda do navegador.\r\n\r\n\u2022\u00a0\u00a0\u00a0Safari:\u00a0Prefer\u00eancias -&gt; Seguran\u00e7a. Para obter mais informa\u00e7\u00f5es, voc\u00ea pode verificar o suporte da Apple ou a Ajuda do navegador.\r\n\r\n<\/div>\r\n<\/div>\r\n<\/div>\r\n<\/div>\r\n<div id=\"cookies-table\" class=\"indigitall-block indigitall-block-cookies\">\r\n<div class=\"indigitall-block-container\">\r\n<div class=\"indigitall-block-content landing-width\">\r\n<div class=\"single-row\">\r\n<div class=\"block-cookies\"><\/div>\r\n<\/div>\r\n<\/div>\r\n<\/div>\r\n<\/div>","head_col_1":"COOKIE NAME","head_col_2":"TYPE","head_col_3":"EXPIRATION","head_col_4":"PURPOSE","cookies_table":[{"column_1":"_cml_language","column_2":"T\u00e9cnica\t","column_3":"Sess\u00e3o\t","column_4":"Ter. Armazena o idioma do usu\u00e1rio"},{"column_1":"moove_gdpr_popup","column_2":"T\u00e9cnica\t","column_3":"1 ano","column_4":"Ter. Armazena as prefer\u00eancias do usu\u00e1rio em rela\u00e7\u00e3o \u00e0 pol\u00edtica de privacidade"},{"column_1":"wordpress_test_cookie","column_2":"T\u00e9cnica\t","column_3":"Sess\u00e3o\t","column_4":"Ter. Para ler se os cookies podem ser colocados"},{"column_1":"_fbp","column_2":"An\u00fancio","column_3":"1 ano","column_4":"Terceiros. Identificar visitantes para oferecer servi\u00e7os de publicidade e an\u00e1lise"},{"column_1":"_ga","column_2":"Analytics","column_3":"1 ano","column_4":"Terceiros. Controle de visitas \u00fanicas por usu\u00e1rios"},{"column_1":"_gid","column_2":"Analytics","column_3":"2 ano","column_4":"Terceiros. Distinguir os diferentes usu\u00e1rios da web"},{"column_1":"_gat","column_2":"Analytics","column_3":"10 minutos","column_4":"Terceiros. Limitar a velocidade das solicita\u00e7\u00f5es para a p\u00e1gina"}]}],"hide_slider_blog":false,"slider_blog_custom_tag":null,"hide_mobile_fixed_buttons":false,"mobile_fixed_button_1":null,"mobile_fixed_button_2":null,"icon_mobile_fixed_button_2":"","download_ebook":false,"ebook_title":""},"yoast_head":"<!-- This site is optimized with the Yoast SEO plugin v27.1.1 - https:\/\/yoast.com\/product\/yoast-seo-wordpress\/ -->\n<title>Pol\u00edtica de cookies - indigitall<\/title>\n<meta name=\"robots\" content=\"index, follow, max-snippet:-1, max-image-preview:large, max-video-preview:-1\" \/>\n<link rel=\"canonical\" href=\"https:\/\/indigitall.com\/br\/politica-de-cookies\/\" \/>\n<meta property=\"og:locale\" content=\"en_US\" \/>\n<meta property=\"og:type\" content=\"article\" \/>\n<meta property=\"og:title\" content=\"Pol\u00edtica de cookies - indigitall\" \/>\n<meta property=\"og:url\" content=\"https:\/\/indigitall.com\/br\/politica-de-cookies\/\" \/>\n<meta property=\"og:site_name\" content=\"indigitall\" \/>\n<meta property=\"article:modified_time\" content=\"2025-05-19T21:18:28+00:00\" \/>\n<meta name=\"twitter:card\" content=\"summary_large_image\" \/>\n<script type=\"application\/ld+json\" class=\"yoast-schema-graph\">{\"@context\":\"https:\/\/schema.org\",\"@graph\":[{\"@type\":\"WebPage\",\"@id\":\"https:\/\/indigitall.com\/br\/politica-de-cookies\/\",\"url\":\"https:\/\/indigitall.com\/br\/politica-de-cookies\/\",\"name\":\"Pol\u00edtica de cookies - indigitall\",\"isPartOf\":{\"@id\":\"https:\/\/indigitall.com\/br\/#website\"},\"datePublished\":\"2025-03-24T11:21:41+00:00\",\"dateModified\":\"2025-05-19T21:18:28+00:00\",\"breadcrumb\":{\"@id\":\"https:\/\/indigitall.com\/br\/politica-de-cookies\/#breadcrumb\"},\"inLanguage\":\"br-BR\",\"potentialAction\":[{\"@type\":\"ReadAction\",\"target\":[\"https:\/\/indigitall.com\/br\/politica-de-cookies\/\"]}]},{\"@type\":\"BreadcrumbList\",\"@id\":\"https:\/\/indigitall.com\/br\/politica-de-cookies\/#breadcrumb\",\"itemListElement\":[{\"@type\":\"ListItem\",\"position\":1,\"name\":\"Home\",\"item\":\"https:\/\/indigitall.com\/br\/\"},{\"@type\":\"ListItem\",\"position\":2,\"name\":\"Pol\u00edtica de cookies\"}]},{\"@type\":\"WebSite\",\"@id\":\"https:\/\/indigitall.com\/br\/#website\",\"url\":\"https:\/\/indigitall.com\/br\/\",\"name\":\"indigitall\",\"description\":\"Because Every Interaction Matters\",\"potentialAction\":[{\"@type\":\"SearchAction\",\"target\":{\"@type\":\"EntryPoint\",\"urlTemplate\":\"https:\/\/indigitall.com\/br\/?s={search_term_string}\"},\"query-input\":{\"@type\":\"PropertyValueSpecification\",\"valueRequired\":true,\"valueName\":\"search_term_string\"}}],\"inLanguage\":\"br-BR\"}]}<\/script>\n<!-- \/ Yoast SEO plugin. -->","yoast_head_json":{"title":"Pol\u00edtica de cookies - indigitall","robots":{"index":"index","follow":"follow","max-snippet":"max-snippet:-1","max-image-preview":"max-image-preview:large","max-video-preview":"max-video-preview:-1"},"canonical":"https:\/\/indigitall.com\/br\/politica-de-cookies\/","og_locale":"en_US","og_type":"article","og_title":"Pol\u00edtica de cookies - indigitall","og_url":"https:\/\/indigitall.com\/br\/politica-de-cookies\/","og_site_name":"indigitall","article_modified_time":"2025-05-19T21:18:28+00:00","twitter_card":"summary_large_image","schema":{"@context":"https:\/\/schema.org","@graph":[{"@type":"WebPage","@id":"https:\/\/indigitall.com\/br\/politica-de-cookies\/","url":"https:\/\/indigitall.com\/br\/politica-de-cookies\/","name":"Pol\u00edtica de cookies - indigitall","isPartOf":{"@id":"https:\/\/indigitall.com\/br\/#website"},"datePublished":"2025-03-24T11:21:41+00:00","dateModified":"2025-05-19T21:18:28+00:00","breadcrumb":{"@id":"https:\/\/indigitall.com\/br\/politica-de-cookies\/#breadcrumb"},"inLanguage":"br-BR","potentialAction":[{"@type":"ReadAction","target":["https:\/\/indigitall.com\/br\/politica-de-cookies\/"]}]},{"@type":"BreadcrumbList","@id":"https:\/\/indigitall.com\/br\/politica-de-cookies\/#breadcrumb","itemListElement":[{"@type":"ListItem","position":1,"name":"Home","item":"https:\/\/indigitall.com\/br\/"},{"@type":"ListItem","position":2,"name":"Pol\u00edtica de cookies"}]},{"@type":"WebSite","@id":"https:\/\/indigitall.com\/br\/#website","url":"https:\/\/indigitall.com\/br\/","name":"indigitall","description":"Because Every Interaction Matters","potentialAction":[{"@type":"SearchAction","target":{"@type":"EntryPoint","urlTemplate":"https:\/\/indigitall.com\/br\/?s={search_term_string}"},"query-input":{"@type":"PropertyValueSpecification","valueRequired":true,"valueName":"search_term_string"}}],"inLanguage":"br-BR"}]}},"_links":{"self":[{"href":"https:\/\/indigitall.com\/br\/wp-json\/wp\/v2\/pages\/6268","targetHints":{"allow":["GET"]}}],"collection":[{"href":"https:\/\/indigitall.com\/br\/wp-json\/wp\/v2\/pages"}],"about":[{"href":"https:\/\/indigitall.com\/br\/wp-json\/wp\/v2\/types\/page"}],"author":[{"embeddable":true,"href":"https:\/\/indigitall.com\/br\/wp-json\/wp\/v2\/users\/3"}],"replies":[{"embeddable":true,"href":"https:\/\/indigitall.com\/br\/wp-json\/wp\/v2\/comments?post=6268"}],"version-history":[{"count":1,"href":"https:\/\/indigitall.com\/br\/wp-json\/wp\/v2\/pages\/6268\/revisions"}],"predecessor-version":[{"id":6269,"href":"https:\/\/indigitall.com\/br\/wp-json\/wp\/v2\/pages\/6268\/revisions\/6269"}],"wp:attachment":[{"href":"https:\/\/indigitall.com\/br\/wp-json\/wp\/v2\/media?parent=6268"}],"curies":[{"name":"wp","href":"https:\/\/api.w.org\/{rel}","templated":true}]}}