{"id":6266,"date":"2025-03-24T11:21:42","date_gmt":"2025-03-24T11:21:42","guid":{"rendered":"https:\/\/indigitall.com\/?page_id=6266"},"modified":"2025-05-20T14:00:24","modified_gmt":"2025-05-20T14:00:24","slug":"aviso-legal","status":"publish","type":"page","link":"https:\/\/indigitall.com\/br\/nota-legal\/","title":{"rendered":"Aviso Legal"},"content":{"rendered":"","protected":false},"excerpt":{"rendered":"","protected":false},"author":3,"featured_media":0,"parent":0,"menu_order":0,"comment_status":"closed","ping_status":"closed","template":"","meta":{"_acf_changed":false},"class_list":["post-6266","page","type-page","status-publish","hentry"],"acf":{"flexible_content":[{"acf_fc_layout":"hero_utility_page","pretitle":"P\u00e1gina Legal","title":"Aviso Legal"},{"acf_fc_layout":"legal_text","info_items":[{"title":"name","text":"SMART2ME, S.L"},{"title":"CIF","text":"B86653938"},{"title":"ADDRESS","text":"Paseo de la Castellana, 139, 28020 Madrid"},{"title":"PHONE","text":"+1 (213) 336-4050"},{"title":"EMAIL","text":"rgdp@indigitall.com"}],"content":"<span data-sheets-value=\"{&quot;1&quot;:2,&quot;2&quot;:&quot;No presente Aviso Legal, o Usu\u00e1rio encontrar\u00e1 todas as informa\u00e7\u00f5es relacionadas com os termos legais\u00a0que explicam as rela\u00e7\u00f5es entre o usu\u00e1rio e o respons\u00e1vel pela web, acess\u00edveis no endere\u00e7o URL https:\/\/www.indigitall.com (daqui em diante fora, o Site), que SMART2ME\u00a0SL oferece a todos os usu\u00e1rios da Internet.&quot;}\" data-sheets-userformat=\"{&quot;2&quot;:769,&quot;3&quot;:{&quot;1&quot;:1},&quot;11&quot;:4,&quot;12&quot;:0}\">No presente Aviso Legal, o Usu\u00e1rio encontrar\u00e1 todas as informa\u00e7\u00f5es relacionadas com os termos legais\u00a0que explicam as rela\u00e7\u00f5es entre o usu\u00e1rio e o respons\u00e1vel pela web, acess\u00edveis no endere\u00e7o URL https:\/\/www.indigitall.com (daqui em diante fora, o Site), que SMART2ME\u00a0SL oferece a todos os usu\u00e1rios da Internet.<\/span>\r\n\r\n&nbsp;\r\n\r\n<strong><span data-sheets-value=\"{&quot;1&quot;:2,&quot;2&quot;:&quot;1.- INFORMA\u00c7\u00d5ES SOBRE O PROPRIET\u00c1RIO DO SITE&quot;}\" data-sheets-userformat=\"{&quot;2&quot;:769,&quot;3&quot;:{&quot;1&quot;:1},&quot;11&quot;:4,&quot;12&quot;:0}\">1.- INFORMA\u00c7\u00d5ES SOBRE O PROPRIET\u00c1RIO DO SITE<\/span><\/strong>\r\n\r\nPropriet\u00e1rio: SMART2ME S.L.\r\n\r\nLocal de trabalho: C. Paseo de la Castellana 139, 28046 Madrid\r\n\r\nCIF: B86653938\r\n\r\nTelefone de contato: +1 (213) 336-4050\r\n\r\nE-mail: info@indigitall.net\r\n\r\nSMART2ME S.L. \u00e9 a respons\u00e1vel pelo Website e compromete-se a cumprir todos os requisitos nacionais e europeus que regulam a utiliza\u00e7\u00e3o dos dados pessoais dos utilizadores. Este site garante a prote\u00e7\u00e3o e confidencialidade dos dados pessoais fornecidos por voc\u00ea,\u00a0de acordo com o Regulamento Geral de Prote\u00e7\u00e3o de Dados da UE 2016\/679 (GDPR), e a Lei\u00a0Org\u00e2nica 3\/2018, de Prote\u00e7\u00e3o de Dados Pessoais e garantia de direitos digitais, assim como de acordo com \u00e0 Lei de Servi\u00e7os de Informa\u00e7\u00f5es da Sociedade e Com\u00e9rcio Eletr\u00f4nico, 34\/2002 (LSSI-CE).\r\n\r\n&nbsp;\r\n\r\n<strong><span data-sheets-value=\"{&quot;1&quot;:2,&quot;2&quot;:&quot;2.- OBJETO&quot;}\" data-sheets-userformat=\"{&quot;2&quot;:769,&quot;3&quot;:{&quot;1&quot;:1},&quot;11&quot;:4,&quot;12&quot;:0}\">2.- OBJETO<\/span><\/strong>\r\n\r\n<span data-sheets-value=\"{&quot;1&quot;:2,&quot;2&quot;:&quot;O site facilita aos usu\u00e1rios o mesmo acesso \u00e0s informa\u00e7\u00f5es e servi\u00e7os fornecidos pela\u00a0SMART2ME S.L. O uso do site implica a aceita\u00e7\u00e3o total, sem exce\u00e7\u00f5es, de cada\u00a0disposi\u00e7\u00e3o inclu\u00edda neste aviso legal. Consequentemente, o usu\u00e1rio do site deve ler atentamente o aviso legal toda vez que visitar o site, pois o texto pode sofrer modifica\u00e7\u00f5es, conforme a vontade do propriet\u00e1rio ou de acordo com uma altera\u00e7\u00e3o legislativa, jurisprudencial ou de crit\u00e9rio da empresa.&quot;}\" data-sheets-userformat=\"{&quot;2&quot;:769,&quot;3&quot;:{&quot;1&quot;:1},&quot;11&quot;:4,&quot;12&quot;:0}\">O site facilita aos usu\u00e1rios o mesmo acesso \u00e0s informa\u00e7\u00f5es e servi\u00e7os fornecidos pela\u00a0SMART2ME S.L. O uso do site implica a aceita\u00e7\u00e3o total, sem exce\u00e7\u00f5es, de cada\u00a0disposi\u00e7\u00e3o inclu\u00edda neste aviso legal. Consequentemente, o usu\u00e1rio do site deve ler atentamente o aviso legal toda vez que visitar o site, pois o texto pode sofrer modifica\u00e7\u00f5es, conforme a vontade do propriet\u00e1rio ou de acordo com uma altera\u00e7\u00e3o legislativa, jurisprudencial ou de crit\u00e9rio da empresa.<\/span>\r\n\r\n&nbsp;\r\n\r\n<strong><span data-sheets-value=\"{&quot;1&quot;:2,&quot;2&quot;:&quot;3.- ACESSO E USO DA WEB&quot;}\" data-sheets-userformat=\"{&quot;2&quot;:769,&quot;3&quot;:{&quot;1&quot;:1},&quot;11&quot;:4,&quot;12&quot;:0}\">3.- ACESSO E USO DA WEB<\/span><\/strong>\r\n\r\n3.1.- Acesso e uso gratuito da web. O acesso \u00e9 gratuito para todos os usu\u00e1rios, exceto em tudo\u00a0relacionado ao custo de conex\u00e3o por meio de telecomunica\u00e7\u00f5es de rede, fornecido pelo provedor dos usu\u00e1rios.\r\n\r\n3.2.- Cadastro do usu\u00e1rio. Geralmente, o acesso e o uso da Web n\u00e3o exigem assinatura ou registro pr\u00e9vio dos usu\u00e1rios.\r\n\r\n3.3.- Os usu\u00e1rios garantem e respondem, em qualquer caso, pela exatid\u00e3o, validade e autenticidade dos dados pessoais, comprometendo-se a mant\u00ea-los atualizados. O usu\u00e1rio aceita fornecer informa\u00e7\u00f5es completas e corretas no question\u00e1rio de contato. No caso de crian\u00e7as menores de treze anos, \u00e9 necess\u00e1rio o consentimento dos pais ou respons\u00e1veis\u00a0para o tratamento de seus dados pessoais. Em qualquer caso, n\u00e3o ser\u00e3o cobrados dos menores aspectos como situa\u00e7\u00e3o profissional e econ\u00f4mica\u00a0ou privacidade de outros membros de sua fam\u00edlia, sem o devido consentimento. Se voc\u00ea tem menos de treze anos e acessou este site sem avisar seus pais, n\u00e3o deve se registrar como usu\u00e1rio. Neste site, os dados pessoais do usu\u00e1rio s\u00e3o cuidadosamente respeitados. Como usu\u00e1rio, voc\u00ea deve saber que seus direitos est\u00e3o garantidos.\r\n\r\n&nbsp;\r\n\r\n<strong><span data-sheets-value=\"{&quot;1&quot;:2,&quot;2&quot;:&quot;4.- CONTE\u00daDO DO SITE&quot;}\" data-sheets-userformat=\"{&quot;2&quot;:769,&quot;3&quot;:{&quot;1&quot;:1},&quot;11&quot;:4,&quot;12&quot;:0}\">4.- CONTE\u00daDO DO SITE<\/span><\/strong>\r\n\r\n<span data-sheets-value=\"{&quot;1&quot;:2,&quot;2&quot;:&quot;O idioma do site ser\u00e1 o ingl\u00eas. SMART2ME S.L. n\u00e3o se responsabiliza pela incompreens\u00e3o do usu\u00e1rio, nem suas consequ\u00eancias. SMART2ME S.L. pode modificar o conte\u00fado sem aviso pr\u00e9vio, assim como exclu\u00ed-lo ou\u00a0alter\u00e1-lo, n\u00e3o se responsabilizando por isso. \u00c9 proibido o uso do conte\u00fado do site para promover, contratar ou divulgar publicidade, ou informa\u00e7\u00f5es pr\u00f3prias e de terceiros, sem a autoriza\u00e7\u00e3o da SMART2ME S.L. assim como enviar publicidade ou informa\u00e7\u00f5es usando os servi\u00e7os oferecidos pelo site, independentemente de o uso ser gratuito ou n\u00e3o. Os links e hiperlinks que terceiros adicionam em seus sites, direcionados ao nosso site, ser\u00e3o\u00a0para toda a abertura do mesmo, n\u00e3o podendo expressar declara\u00e7\u00f5es falsas, imprecisas ou confusas contra a SMART2ME S.L.&quot;}\" data-sheets-userformat=\"{&quot;2&quot;:769,&quot;3&quot;:{&quot;1&quot;:1},&quot;11&quot;:4,&quot;12&quot;:0}\">O idioma do site ser\u00e1 o ingl\u00eas. SMART2ME S.L. n\u00e3o se responsabiliza pela incompreens\u00e3o do usu\u00e1rio, nem suas consequ\u00eancias. SMART2ME S.L. pode modificar o conte\u00fado sem aviso pr\u00e9vio, assim como exclu\u00ed-lo ou\u00a0alter\u00e1-lo, n\u00e3o se responsabilizando por isso. \u00c9 proibido o uso do conte\u00fado do site para promover, contratar ou divulgar publicidade, ou informa\u00e7\u00f5es pr\u00f3prias e de terceiros, sem a autoriza\u00e7\u00e3o da SMART2ME S.L. assim como enviar publicidade ou informa\u00e7\u00f5es usando os servi\u00e7os oferecidos pelo site, independentemente de o uso ser gratuito ou n\u00e3o. Os links e hiperlinks que terceiros adicionam em seus sites, direcionados ao nosso site, ser\u00e3o\u00a0para toda a abertura do mesmo, n\u00e3o podendo expressar declara\u00e7\u00f5es falsas, imprecisas ou confusas contra a SMART2ME S.L.<\/span>\r\n\r\n&nbsp;\r\n\r\n<strong><span data-sheets-value=\"{&quot;1&quot;:2,&quot;2&quot;:&quot;5.- MEDIDAS DE SEGURAN\u00c7A&quot;}\" data-sheets-userformat=\"{&quot;2&quot;:769,&quot;3&quot;:{&quot;1&quot;:1},&quot;11&quot;:4,&quot;12&quot;:0}\">5.- MEDIDAS DE SEGURAN\u00c7A<\/span><\/strong>\r\n\r\n<span data-sheets-value=\"{&quot;1&quot;:2,&quot;2&quot;:&quot;Os dados pessoais fornecidos pelos usu\u00e1rios podem ser armazenados em bancos de dados, informatizados ou n\u00e3o, cuja\u00a0propriedade pertence exclusivamente \u00e0 SMART2ME S.L. assumir todas as medidas t\u00e9cnicas, organizacionais e de seguran\u00e7a que garantam a confidencialidade, integridade e qualidade das informa\u00e7\u00f5es, de acordo com todas as normas vigentes sobre prote\u00e7\u00e3o de dados pessoais.&quot;}\" data-sheets-userformat=\"{&quot;2&quot;:769,&quot;3&quot;:{&quot;1&quot;:1},&quot;11&quot;:4,&quot;12&quot;:0}\">Os dados pessoais fornecidos pelos usu\u00e1rios podem ser armazenados em bancos de dados, informatizados ou n\u00e3o, cuja\u00a0propriedade pertence exclusivamente \u00e0 SMART2ME S.L. assumir todas as medidas t\u00e9cnicas, organizacionais e de seguran\u00e7a que garantam a confidencialidade, integridade e qualidade das informa\u00e7\u00f5es, de acordo com todas as normas vigentes sobre prote\u00e7\u00e3o de dados pessoais.<\/span>\r\n\r\n&nbsp;\r\n\r\n<strong><span data-sheets-value=\"{&quot;1&quot;:2,&quot;2&quot;:&quot;6.- LIMITA\u00c7\u00c3O DE RESPONSABILIDADE&quot;}\" data-sheets-userformat=\"{&quot;2&quot;:769,&quot;3&quot;:{&quot;1&quot;:1},&quot;11&quot;:4,&quot;12&quot;:0}\">6.- LIMITA\u00c7\u00c3O DE RESPONSABILIDADE<\/span><\/strong>\r\n\r\nO acesso ao site, assim como o uso n\u00e3o consentido das informa\u00e7\u00f5es nele contidas, ser\u00e1 de responsabilidade exclusiva de quem o fizer. SMART2ME S.L. n\u00e3o responder\u00e1 por qualquer consequ\u00eancia, dano ou dano que possa ocorrer decorrente dele. Da mesma forma, a empresa n\u00e3o ser\u00e1 respons\u00e1vel por quebras de seguran\u00e7a que possam ocorrer, nem danos que possam ocorrer no sistema inform\u00e1tico do usu\u00e1rio (hardware e software) ou arquivos e documentos armazenados nele, como consequ\u00eancia de:\r\n\r\n- Presen\u00e7a de v\u00edrus no computador do usu\u00e1rio utilizado para a conex\u00e3o de servi\u00e7os e conte\u00fados no site.\r\n\r\n- Mau funcionamento do navegador.\r\n\r\n- e\/ou uso de vers\u00f5es n\u00e3o atualizadas do mesmo.\r\n\r\nSMART2ME S.L. n\u00e3o ser\u00e1 respons\u00e1vel pela confiabilidade e velocidade de hiperlinks para outros sites.\r\n\r\nSMART2ME S.L. n\u00e3o garante a utilidade dos hiperlinks e n\u00e3o se responsabiliza pelos conte\u00fados ou servi\u00e7os neles contidos.\r\n\r\n&nbsp;\r\n\r\n<strong><span data-sheets-value=\"{&quot;1&quot;:2,&quot;2&quot;:&quot;7.- USO DE COOKIES&quot;}\" data-sheets-userformat=\"{&quot;2&quot;:769,&quot;3&quot;:{&quot;1&quot;:1},&quot;11&quot;:4,&quot;12&quot;:0}\">7.- USO DE COOKIES<\/span><\/strong>\r\n\r\n<span data-sheets-value=\"{&quot;1&quot;:2,&quot;2&quot;:&quot;Este site usa cookies e outras tecnologias semelhantes, detalhadamente explicadas na Pol\u00edtica de Cookies,\u00a0acess\u00edveis o tempo todo, e respeitando a confidencialidade e privacidade do usu\u00e1rio, fazendo parte\u00a0do presente aviso legal.&quot;}\" data-sheets-userformat=\"{&quot;2&quot;:769,&quot;3&quot;:{&quot;1&quot;:1},&quot;11&quot;:4,&quot;12&quot;:0}\">Este site usa cookies e outras tecnologias semelhantes, detalhadamente explicadas na Pol\u00edtica de Cookies,\u00a0acess\u00edveis o tempo todo, e respeitando a confidencialidade e privacidade do usu\u00e1rio, fazendo parte\u00a0do presente aviso legal.<\/span>\r\n\r\n&nbsp;\r\n\r\n<strong><span data-sheets-value=\"{&quot;1&quot;:2,&quot;2&quot;:&quot;8.- NAVEGA\u00c7\u00c3O&quot;}\" data-sheets-userformat=\"{&quot;2&quot;:769,&quot;3&quot;:{&quot;1&quot;:1},&quot;11&quot;:4,&quot;12&quot;:0}\">8.- NAVEGA\u00c7\u00c3O<\/span><\/strong>\r\n\r\n<span data-sheets-value=\"{&quot;1&quot;:2,&quot;2&quot;:&quot;Os servidores da internet podem coletar dados n\u00e3o identific\u00e1veis, que podem incluir endere\u00e7os IP e outros dados, que n\u00e3o podem ser usados \u200b\u200bpara identificar o usu\u00e1rio. Seu endere\u00e7o IP ser\u00e1 armazenado em logs de acesso autom\u00e1ticos, com a \u00fanica finalidade de permitir o tr\u00e1fego da Internet, sendo necess\u00e1rio que seu sistema forne\u00e7a esse endere\u00e7o para as comunica\u00e7\u00f5es corretas. Da mesma forma, esse endere\u00e7o pode ser usado para fazer estat\u00edsticas an\u00f4nimas sobre o n\u00famero de visitantes deste site e\u00a0sua origem, de forma transparente para sua navega\u00e7\u00e3o.&quot;}\" data-sheets-userformat=\"{&quot;2&quot;:769,&quot;3&quot;:{&quot;1&quot;:1},&quot;11&quot;:4,&quot;12&quot;:0}\">Os servidores da internet podem coletar dados n\u00e3o identific\u00e1veis, que podem incluir endere\u00e7os IP e outros dados, que n\u00e3o podem ser usados \u200b\u200bpara identificar o usu\u00e1rio. Seu endere\u00e7o IP ser\u00e1 armazenado em logs de acesso autom\u00e1ticos, com a \u00fanica finalidade de permitir o tr\u00e1fego da Internet, sendo necess\u00e1rio que seu sistema forne\u00e7a esse endere\u00e7o para as comunica\u00e7\u00f5es corretas. Da mesma forma, esse endere\u00e7o pode ser usado para fazer estat\u00edsticas an\u00f4nimas sobre o n\u00famero de visitantes deste site e\u00a0sua origem, de forma transparente para sua navega\u00e7\u00e3o.<\/span>\r\n\r\n&nbsp;\r\n\r\n<strong><span data-sheets-value=\"{&quot;1&quot;:2,&quot;2&quot;:&quot;9.- PROPRIEDADE INDUSTRIAL E INTELECTUAL&quot;}\" data-sheets-userformat=\"{&quot;2&quot;:769,&quot;3&quot;:{&quot;1&quot;:1},&quot;11&quot;:4,&quot;12&quot;:0}\">9.- PROPRIEDADE INDUSTRIAL E INTELECTUAL<\/span><\/strong>\r\n\r\n<span data-sheets-value=\"{&quot;1&quot;:2,&quot;2&quot;:&quot;O usu\u00e1rio sabe e aceita que todos os conte\u00fados e\/ou outros elementos do site s\u00e3o propriedade\u00a0da SMART2ME S.L., e se compromete a respeitar todos os direitos industriais e intelectuais, propriedade da SMART2ME S.L. e\/ou terceiros. Qualquer uso do site ou de seus conte\u00fados deve ter car\u00e1ter pessoal. \u00c9 reservado exclusivamente \u00e0 SMART2ME SL, qualquer outro uso que suponha c\u00f3pia, duplica\u00e7\u00e3o,\u00a0distribui\u00e7\u00e3o, transforma\u00e7\u00e3o, comunica\u00e7\u00e3o p\u00fablica ou qualquer outra a\u00e7\u00e3o semelhante do conte\u00fado total ou parcial do site, de modo que qualquer usu\u00e1rio n\u00e3o poder\u00e1 tentar essas a\u00e7\u00f5es sem pr\u00e9via\u00a0e escrita autoriza\u00e7\u00e3o da SMART2ME SL&quot;}\" data-sheets-userformat=\"{&quot;2&quot;:769,&quot;3&quot;:{&quot;1&quot;:1},&quot;11&quot;:4,&quot;12&quot;:0}\">O usu\u00e1rio sabe e aceita que todos os conte\u00fados e\/ou outros elementos do site s\u00e3o propriedade\u00a0da SMART2ME S.L., e se compromete a respeitar todos os direitos industriais e intelectuais, propriedade da SMART2ME S.L. e\/ou terceiros. Qualquer uso do site ou de seus conte\u00fados deve ter car\u00e1ter pessoal. \u00c9 reservado exclusivamente \u00e0 SMART2ME SL, qualquer outro uso que suponha c\u00f3pia, duplica\u00e7\u00e3o,\u00a0distribui\u00e7\u00e3o, transforma\u00e7\u00e3o, comunica\u00e7\u00e3o p\u00fablica ou qualquer outra a\u00e7\u00e3o semelhante do conte\u00fado total ou parcial do site, de modo que qualquer usu\u00e1rio n\u00e3o poder\u00e1 tentar essas a\u00e7\u00f5es sem pr\u00e9via\u00a0e escrita autoriza\u00e7\u00e3o da SMART2ME SL<\/span>\r\n\r\n&nbsp;\r\n\r\n<strong><span data-sheets-value=\"{&quot;1&quot;:2,&quot;2&quot;:&quot;10.- LEGISLA\u00c7\u00c3O APLIC\u00c1VEL E JURISDI\u00c7\u00c3O COMPETENTE&quot;}\" data-sheets-userformat=\"{&quot;2&quot;:769,&quot;3&quot;:{&quot;1&quot;:1},&quot;11&quot;:4,&quot;12&quot;:0}\">10.- LEGISLA\u00c7\u00c3O APLIC\u00c1VEL E JURISDI\u00c7\u00c3O COMPETENTE<\/span><\/strong>\r\n\r\n<span data-sheets-value=\"{&quot;1&quot;:2,&quot;2&quot;:&quot;Este aviso legal ser\u00e1 interpretado e regulado pela legisla\u00e7\u00e3o espanhola. SMART2ME S.L. e os usu\u00e1rios aceitam resolver controv\u00e9rsias que possam ocorrer decorrentes do uso e acesso ao site, nos Tribunais e Tribunais da resid\u00eancia do usu\u00e1rio. Se o usu\u00e1rio tiver sua casa fora da Espanha, SMART2ME S.L. e o usu\u00e1rio resolver\u00e1 as controv\u00e9rsias nos Tribunais e Tribunais de Madri&quot;}\" data-sheets-userformat=\"{&quot;2&quot;:769,&quot;3&quot;:{&quot;1&quot;:1},&quot;11&quot;:4,&quot;12&quot;:0}\">Este aviso legal ser\u00e1 interpretado e regulado pela legisla\u00e7\u00e3o espanhola. SMART2ME S.L. e os usu\u00e1rios aceitam resolver controv\u00e9rsias que possam ocorrer decorrentes do uso e acesso ao site, nos Tribunais e Tribunais da resid\u00eancia do usu\u00e1rio. Se o usu\u00e1rio tiver sua casa fora da Espanha, SMART2ME S.L. e o usu\u00e1rio resolver\u00e1 as controv\u00e9rsias nos Tribunais e Tribunais de Madrid<\/span>","head_col_1":"","head_col_2":"","head_col_3":"","head_col_4":"","cookies_table":null}],"hide_slider_blog":false,"slider_blog_custom_tag":null,"hide_mobile_fixed_buttons":false,"mobile_fixed_button_1":null,"mobile_fixed_button_2":null,"icon_mobile_fixed_button_2":"","download_ebook":false,"ebook_title":""},"yoast_head":"<!-- This site is optimized with the Yoast SEO plugin v27.1.1 - https:\/\/yoast.com\/product\/yoast-seo-wordpress\/ -->\n<title>Aviso Legal - indigitall<\/title>\n<meta name=\"robots\" content=\"index, follow, max-snippet:-1, max-image-preview:large, max-video-preview:-1\" \/>\n<link rel=\"canonical\" href=\"https:\/\/indigitall.com\/br\/nota-legal\/\" \/>\n<meta property=\"og:locale\" content=\"en_US\" \/>\n<meta property=\"og:type\" content=\"article\" \/>\n<meta property=\"og:title\" content=\"Aviso Legal - indigitall\" \/>\n<meta property=\"og:url\" content=\"https:\/\/indigitall.com\/br\/nota-legal\/\" \/>\n<meta property=\"og:site_name\" content=\"indigitall\" \/>\n<meta property=\"article:modified_time\" content=\"2025-05-20T14:00:24+00:00\" \/>\n<meta name=\"twitter:card\" content=\"summary_large_image\" \/>\n<script type=\"application\/ld+json\" class=\"yoast-schema-graph\">{\"@context\":\"https:\/\/schema.org\",\"@graph\":[{\"@type\":\"WebPage\",\"@id\":\"https:\/\/indigitall.com\/br\/nota-legal\/\",\"url\":\"https:\/\/indigitall.com\/br\/nota-legal\/\",\"name\":\"Aviso Legal - indigitall\",\"isPartOf\":{\"@id\":\"https:\/\/indigitall.com\/br\/#website\"},\"datePublished\":\"2025-03-24T11:21:42+00:00\",\"dateModified\":\"2025-05-20T14:00:24+00:00\",\"breadcrumb\":{\"@id\":\"https:\/\/indigitall.com\/br\/nota-legal\/#breadcrumb\"},\"inLanguage\":\"br-BR\",\"potentialAction\":[{\"@type\":\"ReadAction\",\"target\":[\"https:\/\/indigitall.com\/br\/nota-legal\/\"]}]},{\"@type\":\"BreadcrumbList\",\"@id\":\"https:\/\/indigitall.com\/br\/nota-legal\/#breadcrumb\",\"itemListElement\":[{\"@type\":\"ListItem\",\"position\":1,\"name\":\"Home\",\"item\":\"https:\/\/indigitall.com\/br\/\"},{\"@type\":\"ListItem\",\"position\":2,\"name\":\"Aviso Legal\"}]},{\"@type\":\"WebSite\",\"@id\":\"https:\/\/indigitall.com\/br\/#website\",\"url\":\"https:\/\/indigitall.com\/br\/\",\"name\":\"indigitall\",\"description\":\"Because Every Interaction Matters\",\"potentialAction\":[{\"@type\":\"SearchAction\",\"target\":{\"@type\":\"EntryPoint\",\"urlTemplate\":\"https:\/\/indigitall.com\/br\/?s={search_term_string}\"},\"query-input\":{\"@type\":\"PropertyValueSpecification\",\"valueRequired\":true,\"valueName\":\"search_term_string\"}}],\"inLanguage\":\"br-BR\"}]}<\/script>\n<!-- \/ Yoast SEO plugin. -->","yoast_head_json":{"title":"Aviso Legal - indigitall","robots":{"index":"index","follow":"follow","max-snippet":"max-snippet:-1","max-image-preview":"max-image-preview:large","max-video-preview":"max-video-preview:-1"},"canonical":"https:\/\/indigitall.com\/br\/nota-legal\/","og_locale":"en_US","og_type":"article","og_title":"Aviso Legal - indigitall","og_url":"https:\/\/indigitall.com\/br\/nota-legal\/","og_site_name":"indigitall","article_modified_time":"2025-05-20T14:00:24+00:00","twitter_card":"summary_large_image","schema":{"@context":"https:\/\/schema.org","@graph":[{"@type":"WebPage","@id":"https:\/\/indigitall.com\/br\/nota-legal\/","url":"https:\/\/indigitall.com\/br\/nota-legal\/","name":"Aviso Legal - indigitall","isPartOf":{"@id":"https:\/\/indigitall.com\/br\/#website"},"datePublished":"2025-03-24T11:21:42+00:00","dateModified":"2025-05-20T14:00:24+00:00","breadcrumb":{"@id":"https:\/\/indigitall.com\/br\/nota-legal\/#breadcrumb"},"inLanguage":"br-BR","potentialAction":[{"@type":"ReadAction","target":["https:\/\/indigitall.com\/br\/nota-legal\/"]}]},{"@type":"BreadcrumbList","@id":"https:\/\/indigitall.com\/br\/nota-legal\/#breadcrumb","itemListElement":[{"@type":"ListItem","position":1,"name":"Home","item":"https:\/\/indigitall.com\/br\/"},{"@type":"ListItem","position":2,"name":"Aviso Legal"}]},{"@type":"WebSite","@id":"https:\/\/indigitall.com\/br\/#website","url":"https:\/\/indigitall.com\/br\/","name":"indigitall","description":"Because Every Interaction Matters","potentialAction":[{"@type":"SearchAction","target":{"@type":"EntryPoint","urlTemplate":"https:\/\/indigitall.com\/br\/?s={search_term_string}"},"query-input":{"@type":"PropertyValueSpecification","valueRequired":true,"valueName":"search_term_string"}}],"inLanguage":"br-BR"}]}},"_links":{"self":[{"href":"https:\/\/indigitall.com\/br\/wp-json\/wp\/v2\/pages\/6266","targetHints":{"allow":["GET"]}}],"collection":[{"href":"https:\/\/indigitall.com\/br\/wp-json\/wp\/v2\/pages"}],"about":[{"href":"https:\/\/indigitall.com\/br\/wp-json\/wp\/v2\/types\/page"}],"author":[{"embeddable":true,"href":"https:\/\/indigitall.com\/br\/wp-json\/wp\/v2\/users\/3"}],"replies":[{"embeddable":true,"href":"https:\/\/indigitall.com\/br\/wp-json\/wp\/v2\/comments?post=6266"}],"version-history":[{"count":1,"href":"https:\/\/indigitall.com\/br\/wp-json\/wp\/v2\/pages\/6266\/revisions"}],"predecessor-version":[{"id":6267,"href":"https:\/\/indigitall.com\/br\/wp-json\/wp\/v2\/pages\/6266\/revisions\/6267"}],"wp:attachment":[{"href":"https:\/\/indigitall.com\/br\/wp-json\/wp\/v2\/media?parent=6266"}],"curies":[{"name":"wp","href":"https:\/\/api.w.org\/{rel}","templated":true}]}}