{"id":5752,"date":"2025-03-27T09:59:16","date_gmt":"2025-03-27T09:59:16","guid":{"rendered":"https:\/\/indigitall.com\/?page_id=5752"},"modified":"2025-05-28T09:17:26","modified_gmt":"2025-05-28T09:17:26","slug":"por-que-somos-o-parceiro-ideal-para-voce","status":"publish","type":"page","link":"https:\/\/indigitall.com\/br\/por-que\/","title":{"rendered":"Por que a indigitall?"},"content":{"rendered":"","protected":false},"excerpt":{"rendered":"","protected":false},"author":3,"featured_media":0,"parent":0,"menu_order":0,"comment_status":"closed","ping_status":"closed","template":"","meta":{"_acf_changed":false},"class_list":["post-5752","page","type-page","status-publish","hentry"],"acf":{"flexible_content":[{"acf_fc_layout":"hero_page","background_type":"image","dark_filter":0,"background_image":5497,"background_image_mobile":5498,"background_video":null,"background_video_mobile":null,"pretitle":"Por que a indigitall?","pretitle_font_size":"","title":"Uma plataforma, conex\u00f5es \r\ninfinitas com seus clientes","title_font_size":"","subtitle":"","subtitle_font_size":"","button_1":null,"button_2":null,"icon_button_2":null,"download_ebook":false,"ebook_title":"","extra_content":"brands","title_cards":"","cards":null,"brands_custom_background_color":false,"brands_background_color":"","custom_brands":false,"brands":null},{"acf_fc_layout":"slider_cards","pretitle":"VANTAGENS","link":null,"title":"Por que escolher a\r\n indigitall para sua \r\nestrat\u00e9gia de marketing?","text":"","card_size":"normal","logo_size":"normal","cards":[{"icon":5473,"title":"Personaliza\u00e7\u00e3o","text":"<span style=\"font-weight: 400;\">Campanhas personalizadas geram maior convers\u00e3o.<\/span>","link":null},{"icon":5476,"title":"Automa\u00e7\u00e3o","text":"<span style=\"font-weight: 400;\">Escolha entre envio instant\u00e2neo, agendado ou deixe nosso algoritmo selecionar o melhor hor\u00e1rio.<\/span>","link":null},{"icon":5475,"title":"Gest\u00e3o Simplificada","text":"<span style=\"font-weight: 400;\">Todos os canais unificados em um \u00fanico painel.<\/span>","link":null},{"icon":5474,"title":"Mensura\u00e7\u00e3o","text":"<span style=\"font-weight: 400;\">Oferecemos estat\u00edsticas detalhadas de todas as campanhas enviadas.<\/span>","link":null}]},{"acf_fc_layout":"sections_fixed_images","design":false,"title":"Por que somos o parceiro\r\n ideal para voc\u00ea?","link":null,"sections":[{"title":"Uma plataforma, conex\u00f5es infinitas com seus clientes","subtitle":"Canais de entrada e sa\u00edda","index":"01","text":"","link":null,"list":[{"item":"Combine canais inbound e outbound em uma \u00fanica plataforma."},{"item":"Use insights para criar campanhas personalizadas conforme prefer\u00eancias."},{"item":"Gerencie a jornada do cliente em todos os pontos de contato com ferramentas intuitivas."}],"tag":"","media_type":"image","image":7853,"image_mobile":null,"video":null,"video_mobile":null},{"title":"Integra\u00e7\u00e3o f\u00e1cil, otimiza\u00e7\u00e3o sem esfor\u00e7o","subtitle":"Integra\u00e7\u00f5es","index":"02","text":"","link":null,"list":[{"item":"Conecte-se a sistemas de CRM como Salesforce para simplificar fluxos."},{"item":"Acesse an\u00e1lises e recomenda\u00e7\u00f5es em tempo real para aperfei\u00e7oar estrat\u00e9gias."},{"item":"Configure e otimize campanhas facilmente com interfaces simples."}],"tag":"","media_type":"image","image":5483,"image_mobile":null,"video":null,"video_mobile":null},{"title":"Projetado para evoluir, apoiado por especialistas","subtitle":"Escalabilidade","index":"03","text":"","link":null,"list":[{"item":"Mantenha-se l\u00edder nas tend\u00eancias do mercado com fun\u00e7\u00f5es inovadoras."},{"item":"Suporte multil\u00edngue 24\/7 para executar campanhas em todas as regi\u00f5es."},{"item":"Um time comprometido com o seu sucesso."}],"tag":"","media_type":"image","image":7856,"image_mobile":null,"video":null,"video_mobile":null}],"list_collapsed":false},{"acf_fc_layout":"card_title_list","pretitle":"JORNADA DO CLIENTE","title":"Sistema de Orquestra\u00e7\u00e3o de Canais? Soa Perfeito","text":"Otimize suas comunica\u00e7\u00f5es e campanhas de marketing em uma \u00fanica plataforma. Nossa IA garante taxas de convers\u00e3o m\u00e1ximas atrav\u00e9s de automa\u00e7\u00e3o e conte\u00fado personalizado nos canais preferidos de cada usu\u00e1rio.","list":null,"link":{"title":"Saber mais","url":"https:\/\/indigitall.com\/br\/customerjourney\/","target":"_blank"},"image_type":"right","image":7597,"image_mobile":5496},{"acf_fc_layout":"slider_big_cards","pretitle":"HIST\u00d3RIAS DE SUCESSO","title":"Escolhida globalmente pelos melhores.","link":{"title":"Veja mais hist\u00f3rias de sucesso","url":"https:\/\/indigitall.com\/br\/historias-de-sucesso\/","target":"_blank"},"cards":[{"card_type":"default","background_type":"image","background":5494,"background_mobile":5493,"logo":5492,"link":null,"pretitle":"","title":"","text":"\"O melhor da indigitall \u00e9 a proximidade; as pessoas que falam conosco est\u00e3o sempre prontas para o que precisamos... A interface \u00e9 muito simples e intuitiva, o que facilita o trabalho. \u00c9 uma ferramenta feita para o usu\u00e1rio.\"","footer_text":"Jordi Aymar \u2013 CMO do Proclinic Group","card_title":"","card_text":""},{"card_type":"default","background_type":"image","background":5486,"background_mobile":5487,"logo":5488,"link":null,"pretitle":"","title":"","text":"\"Eles nos ajudaram a construir uma solu\u00e7\u00e3o personalizada para nosso modelo de neg\u00f3cios recorrente e a aumentar a satisfa\u00e7\u00e3o e o LTV atrav\u00e9s do WhatsApp.\"","footer_text":"Head of Digital","card_title":"-20%","card_text":"\"Redu\u00e7\u00e3o nos custos operacionais do atendimento ao cliente.\""},{"card_type":"default","background_type":"image","background":5490,"background_mobile":5491,"logo":5489,"link":null,"pretitle":"","title":"","text":"\"\u00c9 uma ferramenta fundamental nas nossas opera\u00e7\u00f5es di\u00e1rias para comunica\u00e7\u00e3o e intera\u00e7\u00e3o com todo o nosso p\u00fablico.\"","footer_text":"Social Media Manager","card_title":"","card_text":""}]}],"hide_slider_blog":false,"slider_blog_custom_tag":null,"hide_mobile_fixed_buttons":false,"mobile_fixed_button_1":null,"mobile_fixed_button_2":null,"icon_mobile_fixed_button_2":"","download_ebook":false,"ebook_title":""},"yoast_head":"<!-- This site is optimized with the Yoast SEO plugin v27.1.1 - https:\/\/yoast.com\/product\/yoast-seo-wordpress\/ -->\n<title>Por que a indigitall? - indigitall<\/title>\n<meta name=\"robots\" content=\"index, follow, max-snippet:-1, max-image-preview:large, max-video-preview:-1\" \/>\n<link rel=\"canonical\" href=\"https:\/\/indigitall.com\/br\/por-que\/\" \/>\n<meta property=\"og:locale\" content=\"en_US\" \/>\n<meta property=\"og:type\" content=\"article\" \/>\n<meta property=\"og:title\" content=\"Por que a indigitall? - indigitall\" \/>\n<meta property=\"og:url\" content=\"https:\/\/indigitall.com\/br\/por-que\/\" \/>\n<meta property=\"og:site_name\" content=\"indigitall\" \/>\n<meta property=\"article:modified_time\" content=\"2025-05-28T09:17:26+00:00\" \/>\n<meta name=\"twitter:card\" content=\"summary_large_image\" \/>\n<script type=\"application\/ld+json\" class=\"yoast-schema-graph\">{\"@context\":\"https:\/\/schema.org\",\"@graph\":[{\"@type\":\"WebPage\",\"@id\":\"https:\/\/indigitall.com\/br\/por-que\/\",\"url\":\"https:\/\/indigitall.com\/br\/por-que\/\",\"name\":\"Por que a indigitall? - indigitall\",\"isPartOf\":{\"@id\":\"https:\/\/indigitall.com\/br\/#website\"},\"datePublished\":\"2025-03-27T09:59:16+00:00\",\"dateModified\":\"2025-05-28T09:17:26+00:00\",\"breadcrumb\":{\"@id\":\"https:\/\/indigitall.com\/br\/por-que\/#breadcrumb\"},\"inLanguage\":\"br-BR\",\"potentialAction\":[{\"@type\":\"ReadAction\",\"target\":[\"https:\/\/indigitall.com\/br\/por-que\/\"]}]},{\"@type\":\"BreadcrumbList\",\"@id\":\"https:\/\/indigitall.com\/br\/por-que\/#breadcrumb\",\"itemListElement\":[{\"@type\":\"ListItem\",\"position\":1,\"name\":\"Home\",\"item\":\"https:\/\/indigitall.com\/br\/\"},{\"@type\":\"ListItem\",\"position\":2,\"name\":\"Por que a indigitall?\"}]},{\"@type\":\"WebSite\",\"@id\":\"https:\/\/indigitall.com\/br\/#website\",\"url\":\"https:\/\/indigitall.com\/br\/\",\"name\":\"indigitall\",\"description\":\"Because Every Interaction Matters\",\"potentialAction\":[{\"@type\":\"SearchAction\",\"target\":{\"@type\":\"EntryPoint\",\"urlTemplate\":\"https:\/\/indigitall.com\/br\/?s={search_term_string}\"},\"query-input\":{\"@type\":\"PropertyValueSpecification\",\"valueRequired\":true,\"valueName\":\"search_term_string\"}}],\"inLanguage\":\"br-BR\"}]}<\/script>\n<!-- \/ Yoast SEO plugin. -->","yoast_head_json":{"title":"Por que a indigitall? - indigitall","robots":{"index":"index","follow":"follow","max-snippet":"max-snippet:-1","max-image-preview":"max-image-preview:large","max-video-preview":"max-video-preview:-1"},"canonical":"https:\/\/indigitall.com\/br\/por-que\/","og_locale":"en_US","og_type":"article","og_title":"Por que a indigitall? - indigitall","og_url":"https:\/\/indigitall.com\/br\/por-que\/","og_site_name":"indigitall","article_modified_time":"2025-05-28T09:17:26+00:00","twitter_card":"summary_large_image","schema":{"@context":"https:\/\/schema.org","@graph":[{"@type":"WebPage","@id":"https:\/\/indigitall.com\/br\/por-que\/","url":"https:\/\/indigitall.com\/br\/por-que\/","name":"Por que a indigitall? - indigitall","isPartOf":{"@id":"https:\/\/indigitall.com\/br\/#website"},"datePublished":"2025-03-27T09:59:16+00:00","dateModified":"2025-05-28T09:17:26+00:00","breadcrumb":{"@id":"https:\/\/indigitall.com\/br\/por-que\/#breadcrumb"},"inLanguage":"br-BR","potentialAction":[{"@type":"ReadAction","target":["https:\/\/indigitall.com\/br\/por-que\/"]}]},{"@type":"BreadcrumbList","@id":"https:\/\/indigitall.com\/br\/por-que\/#breadcrumb","itemListElement":[{"@type":"ListItem","position":1,"name":"Home","item":"https:\/\/indigitall.com\/br\/"},{"@type":"ListItem","position":2,"name":"Por que a indigitall?"}]},{"@type":"WebSite","@id":"https:\/\/indigitall.com\/br\/#website","url":"https:\/\/indigitall.com\/br\/","name":"indigitall","description":"Because Every Interaction Matters","potentialAction":[{"@type":"SearchAction","target":{"@type":"EntryPoint","urlTemplate":"https:\/\/indigitall.com\/br\/?s={search_term_string}"},"query-input":{"@type":"PropertyValueSpecification","valueRequired":true,"valueName":"search_term_string"}}],"inLanguage":"br-BR"}]}},"_links":{"self":[{"href":"https:\/\/indigitall.com\/br\/wp-json\/wp\/v2\/pages\/5752","targetHints":{"allow":["GET"]}}],"collection":[{"href":"https:\/\/indigitall.com\/br\/wp-json\/wp\/v2\/pages"}],"about":[{"href":"https:\/\/indigitall.com\/br\/wp-json\/wp\/v2\/types\/page"}],"author":[{"embeddable":true,"href":"https:\/\/indigitall.com\/br\/wp-json\/wp\/v2\/users\/3"}],"replies":[{"embeddable":true,"href":"https:\/\/indigitall.com\/br\/wp-json\/wp\/v2\/comments?post=5752"}],"version-history":[{"count":6,"href":"https:\/\/indigitall.com\/br\/wp-json\/wp\/v2\/pages\/5752\/revisions"}],"predecessor-version":[{"id":7859,"href":"https:\/\/indigitall.com\/br\/wp-json\/wp\/v2\/pages\/5752\/revisions\/7859"}],"wp:attachment":[{"href":"https:\/\/indigitall.com\/br\/wp-json\/wp\/v2\/media?parent=5752"}],"curies":[{"name":"wp","href":"https:\/\/api.w.org\/{rel}","templated":true}]}}