{"id":5333,"date":"2025-03-27T09:59:16","date_gmt":"2025-03-27T09:59:16","guid":{"rendered":"https:\/\/indigitall.com\/product-overview\/"},"modified":"2026-01-05T15:09:25","modified_gmt":"2026-01-05T15:09:25","slug":"product-overview","status":"publish","type":"page","link":"https:\/\/indigitall.com\/br\/product-overview\/","title":{"rendered":"Engajamento do Cliente Como Voc\u00ea Nunca Viu"},"content":{"rendered":"","protected":false},"excerpt":{"rendered":"","protected":false},"author":1,"featured_media":0,"parent":0,"menu_order":0,"comment_status":"closed","ping_status":"closed","template":"","meta":{"_acf_changed":false},"class_list":["post-5333","page","type-page","status-publish","hentry"],"acf":{"flexible_content":[{"acf_fc_layout":"hero_page","background_type":"image","dark_filter":0,"background_image":5464,"background_image_mobile":5463,"background_video":null,"background_video_mobile":null,"pretitle":"Vis\u00e3o Geral do Produto","pretitle_font_size":"","title":"Engajamento do Cliente \r\nComo Voc\u00ea Nunca Viu","title_font_size":"","subtitle":"","subtitle_font_size":"","button_1":{"title":"","url":"#getstarted","target":""},"button_2":{"title":"Watch a demo","url":"#videoPlayer","target":""},"icon_button_2":null,"download_ebook":false,"ebook_title":"","extra_content":"brands","title_cards":"","cards":null,"brands_custom_background_color":false,"brands_background_color":"","custom_brands":false,"brands":null},{"acf_fc_layout":"custom_html","code":"<section id=\"videoPlayer\" class=\"video-player general-section\" data-id=\"6957e705f21a9\">\r\n  <p class=\"pretitle id-text detail semibold uppercase c-terciary\">V\u00cdDEO DEMONSTRA\u00c7\u00c3O<\/p>\r\n  <h2 class=\"section-title id-text title\">Explore os recursos que impulsionam o sucesso do seu marketing<\/h2>\r\n  \r\n  <div class=\"video-wrapper\">\r\n    <img \r\n      src=\"https:\/\/indigitall.com\/wp-content\/uploads\/2026\/01\/indigitall-platforma-BR-1.gif\" \r\n      alt=\"Marketing platform demo\" \r\n      style=\"width: 100%; height: auto; display: block;\"\r\n      loading=\"lazy\">\r\n  <\/div>\r\n<\/section>"},{"acf_fc_layout":"sections_fixed_images","design":"normal","title":"","link":null,"sections":[{"title":"Jornadas do Cliente Sem Esfor\u00e7o","subtitle":"","index":"01","text":"Crie e execute jornadas personalizadas do in\u00edcio ao fim, adaptadas aos comportamentos e prefer\u00eancias de cada cliente.","link":null,"list":[{"item":"Jornadas multicanal sob medida"},{"item":"Segmenta\u00e7\u00e3o e automa\u00e7\u00e3o para enviar a mensagem certa na hora certa"},{"item":" Otimiza\u00e7\u00e3o com dados em tempo real e analytics preditivos"}],"tag":"","media_type":"image","image":7874,"image_mobile":null,"video":null,"video_mobile":null},{"title":"Automa\u00e7\u00e3o de Campanhas de Marketing","subtitle":"","index":"02","text":"Ferramentas com IA para simplificar e potencializar suas estrat\u00e9gias.","link":null,"list":[{"item":"Automatize testes A\/B, agendamentos e segmenta\u00e7\u00e3o"},{"item":"Teste varia\u00e7\u00f5es criativas para encontrar a mensagem mais eficaz"},{"item":"Foque na estrat\u00e9gia enquanto a plataforma executa"}],"tag":"","media_type":"image","image":5459,"image_mobile":null,"video":null,"video_mobile":null},{"title":"Integra\u00e7\u00e3o Perfeita com Seu Ecossistema","subtitle":"","index":"03","text":"Conecte a indigitall \u00e0s suas ferramentas para opera\u00e7\u00f5es simplificadas.","link":null,"list":[{"item":"CRMs como Salesforce e HubSpot integrados"},{"item":"Relat\u00f3rios em tempo real para uma vis\u00e3o unificada"},{"item":" Sincroniza\u00e7\u00e3o de dados entre plataformas"}],"tag":"","media_type":"image","image":5458,"image_mobile":null,"video":null,"video_mobile":null},{"title":"Engaje com Conte\u00fado Interativo","subtitle":"","index":"04","text":"Experi\u00eancias visuais din\u00e2micas que cativam seu p\u00fablico.","link":null,"list":[{"item":"Notifica\u00e7\u00f5es multim\u00eddia impactantes"},{"item":"Mensagens personalizadas por canal, mantendo a identidade da marca"},{"item":" Destaque-se com pushes, pesquisas e promo\u00e7\u00f5es"}],"tag":"","media_type":"image","image":7877,"image_mobile":null,"video":null,"video_mobile":null}],"list_collapsed":false},{"acf_fc_layout":"slider_channels","pretitle":"CANAIS INBOUND & OUTBOUND","title":"Precis\u00e3o e Conex\u00e3o\r\nem Cada Ponto de Contato"},{"acf_fc_layout":"the_indigitall_way"}],"hide_slider_blog":true,"slider_blog_custom_tag":null,"hide_mobile_fixed_buttons":false,"mobile_fixed_button_1":null,"mobile_fixed_button_2":{"title":"Watch a demo","url":"#videoPlayer","target":""},"icon_mobile_fixed_button_2":"","download_ebook":false,"ebook_title":""},"yoast_head":"<!-- This site is optimized with the Yoast SEO plugin v27.1.1 - https:\/\/yoast.com\/product\/yoast-seo-wordpress\/ -->\n<title>Engajamento do Cliente Como Voc\u00ea Nunca Viu - indigitall Overview<\/title>\n<meta name=\"description\" content=\"Explore a plataforma de engajamento do cliente da indigitall \u2014 omnicanal, automa\u00e7\u00e3o de IA e personaliza\u00e7\u00e3o para impulsionar as convers\u00f5es. Veja como funciona!\" \/>\n<meta name=\"robots\" content=\"index, follow, max-snippet:-1, max-image-preview:large, max-video-preview:-1\" \/>\n<link rel=\"canonical\" href=\"https:\/\/indigitall.com\/br\/product-overview\/\" \/>\n<meta property=\"og:locale\" content=\"en_US\" \/>\n<meta property=\"og:type\" content=\"article\" \/>\n<meta property=\"og:title\" content=\"Engajamento do Cliente Como Voc\u00ea Nunca Viu - indigitall Overview\" \/>\n<meta property=\"og:description\" content=\"Explore a plataforma de engajamento do cliente da indigitall \u2014 omnicanal, automa\u00e7\u00e3o de IA e personaliza\u00e7\u00e3o para impulsionar as convers\u00f5es. Veja como funciona!\" \/>\n<meta property=\"og:url\" content=\"https:\/\/indigitall.com\/br\/product-overview\/\" \/>\n<meta property=\"og:site_name\" content=\"indigitall\" \/>\n<meta property=\"article:modified_time\" content=\"2026-01-05T15:09:25+00:00\" \/>\n<meta name=\"twitter:card\" content=\"summary_large_image\" \/>\n<script type=\"application\/ld+json\" class=\"yoast-schema-graph\">{\"@context\":\"https:\/\/schema.org\",\"@graph\":[{\"@type\":\"WebPage\",\"@id\":\"https:\/\/indigitall.com\/br\/product-overview\/\",\"url\":\"https:\/\/indigitall.com\/br\/product-overview\/\",\"name\":\"Engajamento do Cliente Como Voc\u00ea Nunca Viu - indigitall Overview\",\"isPartOf\":{\"@id\":\"https:\/\/indigitall.com\/br\/#website\"},\"datePublished\":\"2025-03-27T09:59:16+00:00\",\"dateModified\":\"2026-01-05T15:09:25+00:00\",\"description\":\"Explore a plataforma de engajamento do cliente da indigitall \u2014 omnicanal, automa\u00e7\u00e3o de IA e personaliza\u00e7\u00e3o para impulsionar as convers\u00f5es. Veja como funciona!\",\"breadcrumb\":{\"@id\":\"https:\/\/indigitall.com\/br\/product-overview\/#breadcrumb\"},\"inLanguage\":\"br-BR\",\"potentialAction\":[{\"@type\":\"ReadAction\",\"target\":[\"https:\/\/indigitall.com\/br\/product-overview\/\"]}]},{\"@type\":\"BreadcrumbList\",\"@id\":\"https:\/\/indigitall.com\/br\/product-overview\/#breadcrumb\",\"itemListElement\":[{\"@type\":\"ListItem\",\"position\":1,\"name\":\"Home\",\"item\":\"https:\/\/indigitall.com\/br\/\"},{\"@type\":\"ListItem\",\"position\":2,\"name\":\"Engajamento do Cliente Como Voc\u00ea Nunca Viu\"}]},{\"@type\":\"WebSite\",\"@id\":\"https:\/\/indigitall.com\/br\/#website\",\"url\":\"https:\/\/indigitall.com\/br\/\",\"name\":\"indigitall\",\"description\":\"Because Every Interaction Matters\",\"potentialAction\":[{\"@type\":\"SearchAction\",\"target\":{\"@type\":\"EntryPoint\",\"urlTemplate\":\"https:\/\/indigitall.com\/br\/?s={search_term_string}\"},\"query-input\":{\"@type\":\"PropertyValueSpecification\",\"valueRequired\":true,\"valueName\":\"search_term_string\"}}],\"inLanguage\":\"br-BR\"}]}<\/script>\n<!-- \/ Yoast SEO plugin. -->","yoast_head_json":{"title":"Engajamento do Cliente Como Voc\u00ea Nunca Viu - indigitall Overview","description":"Explore a plataforma de engajamento do cliente da indigitall \u2014 omnicanal, automa\u00e7\u00e3o de IA e personaliza\u00e7\u00e3o para impulsionar as convers\u00f5es. Veja como funciona!","robots":{"index":"index","follow":"follow","max-snippet":"max-snippet:-1","max-image-preview":"max-image-preview:large","max-video-preview":"max-video-preview:-1"},"canonical":"https:\/\/indigitall.com\/br\/product-overview\/","og_locale":"en_US","og_type":"article","og_title":"Engajamento do Cliente Como Voc\u00ea Nunca Viu - indigitall Overview","og_description":"Explore a plataforma de engajamento do cliente da indigitall \u2014 omnicanal, automa\u00e7\u00e3o de IA e personaliza\u00e7\u00e3o para impulsionar as convers\u00f5es. Veja como funciona!","og_url":"https:\/\/indigitall.com\/br\/product-overview\/","og_site_name":"indigitall","article_modified_time":"2026-01-05T15:09:25+00:00","twitter_card":"summary_large_image","schema":{"@context":"https:\/\/schema.org","@graph":[{"@type":"WebPage","@id":"https:\/\/indigitall.com\/br\/product-overview\/","url":"https:\/\/indigitall.com\/br\/product-overview\/","name":"Engajamento do Cliente Como Voc\u00ea Nunca Viu - indigitall Overview","isPartOf":{"@id":"https:\/\/indigitall.com\/br\/#website"},"datePublished":"2025-03-27T09:59:16+00:00","dateModified":"2026-01-05T15:09:25+00:00","description":"Explore a plataforma de engajamento do cliente da indigitall \u2014 omnicanal, automa\u00e7\u00e3o de IA e personaliza\u00e7\u00e3o para impulsionar as convers\u00f5es. Veja como funciona!","breadcrumb":{"@id":"https:\/\/indigitall.com\/br\/product-overview\/#breadcrumb"},"inLanguage":"br-BR","potentialAction":[{"@type":"ReadAction","target":["https:\/\/indigitall.com\/br\/product-overview\/"]}]},{"@type":"BreadcrumbList","@id":"https:\/\/indigitall.com\/br\/product-overview\/#breadcrumb","itemListElement":[{"@type":"ListItem","position":1,"name":"Home","item":"https:\/\/indigitall.com\/br\/"},{"@type":"ListItem","position":2,"name":"Engajamento do Cliente Como Voc\u00ea Nunca Viu"}]},{"@type":"WebSite","@id":"https:\/\/indigitall.com\/br\/#website","url":"https:\/\/indigitall.com\/br\/","name":"indigitall","description":"Because Every Interaction Matters","potentialAction":[{"@type":"SearchAction","target":{"@type":"EntryPoint","urlTemplate":"https:\/\/indigitall.com\/br\/?s={search_term_string}"},"query-input":{"@type":"PropertyValueSpecification","valueRequired":true,"valueName":"search_term_string"}}],"inLanguage":"br-BR"}]}},"_links":{"self":[{"href":"https:\/\/indigitall.com\/br\/wp-json\/wp\/v2\/pages\/5333","targetHints":{"allow":["GET"]}}],"collection":[{"href":"https:\/\/indigitall.com\/br\/wp-json\/wp\/v2\/pages"}],"about":[{"href":"https:\/\/indigitall.com\/br\/wp-json\/wp\/v2\/types\/page"}],"author":[{"embeddable":true,"href":"https:\/\/indigitall.com\/br\/wp-json\/wp\/v2\/users\/1"}],"replies":[{"embeddable":true,"href":"https:\/\/indigitall.com\/br\/wp-json\/wp\/v2\/comments?post=5333"}],"version-history":[{"count":12,"href":"https:\/\/indigitall.com\/br\/wp-json\/wp\/v2\/pages\/5333\/revisions"}],"predecessor-version":[{"id":11517,"href":"https:\/\/indigitall.com\/br\/wp-json\/wp\/v2\/pages\/5333\/revisions\/11517"}],"wp:attachment":[{"href":"https:\/\/indigitall.com\/br\/wp-json\/wp\/v2\/media?parent=5333"}],"curies":[{"name":"wp","href":"https:\/\/api.w.org\/{rel}","templated":true}]}}